{"id":203481,"date":"2025-03-23T12:01:10","date_gmt":"2025-03-23T12:01:10","guid":{"rendered":"https:\/\/aromasentia.com\/product\/handmade-wide-top-djembe-drum-50cm\/"},"modified":"2025-05-30T23:58:56","modified_gmt":"2025-05-30T23:58:56","slug":"handlaget-djembe-tromme-med-bred-topp-50-cm","status":"publish","type":"product","link":"https:\/\/aromasentia.com\/no\/handlaget-djembe-tromme-med-bred-topp-50-cm\/","title":{"rendered":"H\u00e5ndlaget Djembe Tromme med Bred Topp &#8211; 50 cm"},"content":{"rendered":"<p><span style=\"color: rgb(75, 80, 88);\"><strong>Den 50 cm brede djembe-trommen med hamsa-m\u00f8nster: Der tradisjon m\u00f8ter spiritualitet<\/strong><\/span><\/p>\n<p><span style=\"color: rgb(75, 80, 88);\">Dette unike slagverksinstrumentet forener den rike vestafrikanske trommerarven p\u00e5 en vakker m\u00e5te med hamsa-symbolet, et mektig symbol gjennomsyret av kulturell og spirituell betydning.<\/span><\/p>\n<p><span style=\"color: rgb(75, 80, 88);\">St\u00f8rre djember, som denne, resonerer med dype, bassrike toner, og skaper en fascinerende auditiv opplevelse.<\/span><\/p>\n<p><span style=\"color: rgb(75, 80, 88);\">Hamsaen, kjent som Fatimas h\u00e5nd eller Miriams h\u00e5nd, er en palmeformet talisman kjent for \u00e5 avverge det onde \u00f8yet og gi lykke. Den b\u00e6rer universell anerkjennelse i ulike kulturer og spirituelle praksiser.<\/span><\/p>\n<p><span style=\"color: rgb(75, 80, 88);\"><strong>Djembe-tromme med bred topp, utsmykket med Hamsa-design, overskrider rikene til rene musikkinstrumenter. Den st\u00e5r som et fortryllende kunstverk, som tilbyr b\u00e5de visuell tiltrekningskraft og spirituell inspirasjon.<\/strong> Perfekt for musikalske opptredener, kulturelle sammenkomster eller som et dekorativt symbol som representerer beskyttelse og velsignelser.<\/span><\/p>\n<p><span style=\"color: rgb(75, 80, 88);\"><em>Diameter: 22 cm<\/em><\/span><\/p>\n<p><em><span style=\"color: rgb(75, 80, 88);\">H\u00f8yde: 50 cm<\/span><\/em><\/p>\n","protected":false},"excerpt":{"rendered":"<p>Den 50 cm brede djembe-trommen med hamsa-m\u00f8nster: Der tradisjon m\u00f8ter spiritualitet Dette unike slagverksinstrumentet forener den rike vestafrikanske trommerarven p\u00e5 en vakker m\u00e5te med hamsa-symbolet, et mektig symbol gjennomsyret av kulturell og spirituell betydning. St\u00f8rre djember, som denne, resonerer med dype, bassrike toner, og skaper en fascinerende auditiv opplevelse. Hamsaen, kjent som Fatimas h\u00e5nd eller [&hellip;]<\/p>\n","protected":false},"featured_media":435555,"comment_status":"closed","ping_status":"open","template":"","meta":{"_angie_page":false},"product_brand":[],"product_cat":[8476,8374],"product_tag":[],"class_list":{"0":"post-203481","1":"product","2":"type-product","3":"status-publish","4":"has-post-thumbnail","6":"product_cat-musikkinstrumenter","7":"product_cat-vintage-gaver-og-suvenirer","8":"pa_collection-shamanic-djembe-drums-no","9":"pa_made-in-indonesia","11":"first","12":"instock","13":"purchasable","14":"product-type-simple"},"supplier_id":null,"supplier_sku":"DD-06","barcode":null,"atum_controlled":true,"out_stock_date":null,"out_stock_threshold":null,"inheritable":false,"inbound_stock":null,"stock_on_hold":0,"sold_today":0,"sales_last_days":0,"reserved_stock":null,"customer_returns":null,"warehouse_damage":null,"lost_in_post":null,"other_logs":null,"out_stock_days":0,"lost_sales":0,"has_location":null,"update_date":"2026-04-27T06:59:03","atum_locations":[],"atum_stock_status":"instock","restock_status":false,"low_stock_amount":"","sales_update_date":"2025-10-09T03:28:52","calc_backorders":null,"_links":{"self":[{"href":"https:\/\/aromasentia.com\/no\/wp-json\/wp\/v2\/product\/203481","targetHints":{"allow":["GET"]}}],"collection":[{"href":"https:\/\/aromasentia.com\/no\/wp-json\/wp\/v2\/product"}],"about":[{"href":"https:\/\/aromasentia.com\/no\/wp-json\/wp\/v2\/types\/product"}],"replies":[{"embeddable":true,"href":"https:\/\/aromasentia.com\/no\/wp-json\/wp\/v2\/comments?post=203481"}],"version-history":[{"count":0,"href":"https:\/\/aromasentia.com\/no\/wp-json\/wp\/v2\/product\/203481\/revisions"}],"wp:featuredmedia":[{"embeddable":true,"href":"https:\/\/aromasentia.com\/no\/wp-json\/wp\/v2\/media\/435555"}],"wp:attachment":[{"href":"https:\/\/aromasentia.com\/no\/wp-json\/wp\/v2\/media?parent=203481"}],"wp:term":[{"taxonomy":"product_brand","embeddable":true,"href":"https:\/\/aromasentia.com\/no\/wp-json\/wp\/v2\/product_brand?post=203481"},{"taxonomy":"product_cat","embeddable":true,"href":"https:\/\/aromasentia.com\/no\/wp-json\/wp\/v2\/product_cat?post=203481"},{"taxonomy":"product_tag","embeddable":true,"href":"https:\/\/aromasentia.com\/no\/wp-json\/wp\/v2\/product_tag?post=203481"}],"curies":[{"name":"wp","href":"https:\/\/api.w.org\/{rel}","templated":true}]}}