{"id":203474,"date":"2025-03-23T12:02:39","date_gmt":"2025-03-23T12:02:39","guid":{"rendered":"https:\/\/aromasentia.com\/product\/med-square-box-13-5x13-5x6cm-mushroom-design-teal\/"},"modified":"2025-05-30T23:58:40","modified_gmt":"2025-05-30T23:58:40","slug":"firkantet-eske-boks-135x135x6cm-mushroom-design-teal","status":"publish","type":"product","link":"https:\/\/aromasentia.com\/no\/firkantet-eske-boks-135x135x6cm-mushroom-design-teal\/","title":{"rendered":"Firkantet Eske \/ Boks 13,5&#215;13,5x6cm &#8211; Mushroom Design Teal"},"content":{"rendered":"<p>Organiser mellomstore gjenstander med et snev av naturinspirert stil i denne emaljerte firkantede esken med et herlig soppmotiv i bl\u00e5gr\u00f8nn farge. Den m\u00e5ler 13,5 x 13,5 x 6 cm og passer perfekt til smykker, minner eller sm\u00e5 hobbyartikler.<\/p>\n","protected":false},"excerpt":{"rendered":"<p>Organiser mellomstore gjenstander med et snev av naturinspirert stil i denne emaljerte firkantede esken med et herlig soppmotiv i bl\u00e5gr\u00f8nn farge. Den m\u00e5ler 13,5 x 13,5 x 6 cm og passer perfekt til smykker, minner eller sm\u00e5 hobbyartikler.<\/p>\n","protected":false},"featured_media":436153,"comment_status":"closed","ping_status":"open","template":"","meta":{"_angie_page":false},"product_brand":[],"product_cat":[8386,8385],"product_tag":[],"class_list":{"0":"post-203474","1":"product","2":"type-product","3":"status-publish","4":"has-post-thumbnail","6":"product_cat-gave-bokser-og-gaveoppbevaring","7":"product_cat-gaveinnpakning","8":"pa_collection-enamelled-trays-and-boxes-with-mushroom-design-no","9":"pa_made-in-india","11":"first","12":"instock","13":"purchasable","14":"product-type-simple"},"supplier_id":null,"supplier_sku":"ENBT-04","barcode":null,"atum_controlled":true,"out_stock_date":null,"out_stock_threshold":null,"inheritable":false,"inbound_stock":null,"stock_on_hold":0,"sold_today":0,"sales_last_days":0,"reserved_stock":null,"customer_returns":null,"warehouse_damage":null,"lost_in_post":null,"other_logs":null,"out_stock_days":0,"lost_sales":0,"has_location":null,"update_date":"2026-05-08T05:07:21","atum_locations":[],"atum_stock_status":"instock","restock_status":false,"low_stock_amount":"","sales_update_date":"2026-01-30T01:26:03","calc_backorders":null,"_links":{"self":[{"href":"https:\/\/aromasentia.com\/no\/wp-json\/wp\/v2\/product\/203474","targetHints":{"allow":["GET"]}}],"collection":[{"href":"https:\/\/aromasentia.com\/no\/wp-json\/wp\/v2\/product"}],"about":[{"href":"https:\/\/aromasentia.com\/no\/wp-json\/wp\/v2\/types\/product"}],"replies":[{"embeddable":true,"href":"https:\/\/aromasentia.com\/no\/wp-json\/wp\/v2\/comments?post=203474"}],"version-history":[{"count":0,"href":"https:\/\/aromasentia.com\/no\/wp-json\/wp\/v2\/product\/203474\/revisions"}],"wp:featuredmedia":[{"embeddable":true,"href":"https:\/\/aromasentia.com\/no\/wp-json\/wp\/v2\/media\/436153"}],"wp:attachment":[{"href":"https:\/\/aromasentia.com\/no\/wp-json\/wp\/v2\/media?parent=203474"}],"wp:term":[{"taxonomy":"product_brand","embeddable":true,"href":"https:\/\/aromasentia.com\/no\/wp-json\/wp\/v2\/product_brand?post=203474"},{"taxonomy":"product_cat","embeddable":true,"href":"https:\/\/aromasentia.com\/no\/wp-json\/wp\/v2\/product_cat?post=203474"},{"taxonomy":"product_tag","embeddable":true,"href":"https:\/\/aromasentia.com\/no\/wp-json\/wp\/v2\/product_tag?post=203474"}],"curies":[{"name":"wp","href":"https:\/\/api.w.org\/{rel}","templated":true}]}}