{"id":203469,"date":"2025-03-23T12:02:39","date_gmt":"2025-03-23T12:02:39","guid":{"rendered":"https:\/\/aromasentia.com\/product\/kalimba-antique-turtle-coconut\/"},"modified":"2025-05-30T23:58:30","modified_gmt":"2025-05-30T23:58:30","slug":"kalimba-antikk-skilpadde-kokosnott","status":"publish","type":"product","link":"https:\/\/aromasentia.com\/no\/kalimba-antikk-skilpadde-kokosnott\/","title":{"rendered":"Kalimba Antikk Skilpadde Kokosn\u00f8tt"},"content":{"rendered":"<p>Kalimba Antique Turtle Coconut er et uts\u00f8kt musikkinstrument og dekorativt stykke, h\u00e5ndlaget p\u00e5 Bali av et kokosn\u00f8ttskall. Dette unike instrumentet har syv st\u00e5ltangenter som genererer en varm og resonant tone. De intrikate designene som er sk\u00e5ret inn i kokosn\u00f8ttskallet forsterker skj\u00f8nnheten, noe som gj\u00f8r det ikke bare til et musikkinstrument, men ogs\u00e5 til et sjarmerende dekorativt element.<\/p>\n<p>Kalimbaen, ofte referert til som et tommelpiano eller fingerpiano, avgir en herlig og beroligende lyd n\u00e5r tangentene plukkes an. Enkelheten gj\u00f8r den tilgjengelig og hyggelig for b\u00e5de nybegynnere og erfarne musikere.<\/p>\n<ul>\n<li>M\u00e5l: Omtrent 17 cm i diameter<\/li>\n<li>Materiale: Kokosn\u00f8ttskall med st\u00e5ltangenter<\/li>\n<li>Opprinnelse: H\u00e5ndlaget p\u00e5 Bali<\/li>\n<li>Lydkvalitet: Produserer melodi\u00f8se toner<\/li>\n<li>Brukbarhet: Lett \u00e5 spille for alle ferdighetsniv\u00e5er<\/li>\n<li>Unikhet: Hvert stykke er en s\u00e6regen hyllest til naturen og h\u00e5ndverk<\/li>\n<\/ul>\n","protected":false},"excerpt":{"rendered":"<p>Kalimba Antique Turtle Coconut er et uts\u00f8kt musikkinstrument og dekorativt stykke, h\u00e5ndlaget p\u00e5 Bali av et kokosn\u00f8ttskall. Dette unike instrumentet har syv st\u00e5ltangenter som genererer en varm og resonant tone. De intrikate designene som er sk\u00e5ret inn i kokosn\u00f8ttskallet forsterker skj\u00f8nnheten, noe som gj\u00f8r det ikke bare til et musikkinstrument, men ogs\u00e5 til et sjarmerende [&hellip;]<\/p>\n","protected":false},"featured_media":436028,"comment_status":"closed","ping_status":"open","template":"","meta":{"_angie_page":false},"product_brand":[],"product_cat":[8476,8374],"product_tag":[],"class_list":{"0":"post-203469","1":"product","2":"type-product","3":"status-publish","4":"has-post-thumbnail","6":"product_cat-musikkinstrumenter","7":"product_cat-vintage-gaver-og-suvenirer","8":"pa_collection-decorative-musical-instruments-no","9":"pa_made-in-indonesia","11":"first","12":"instock","13":"purchasable","14":"product-type-simple"},"supplier_id":null,"supplier_sku":"DMI-14","barcode":null,"atum_controlled":true,"out_stock_date":null,"out_stock_threshold":null,"inheritable":false,"inbound_stock":null,"stock_on_hold":0,"sold_today":0,"sales_last_days":0,"reserved_stock":null,"customer_returns":null,"warehouse_damage":null,"lost_in_post":null,"other_logs":null,"out_stock_days":0,"lost_sales":0,"has_location":null,"update_date":"2026-04-27T06:59:11","atum_locations":[],"atum_stock_status":"instock","restock_status":false,"low_stock_amount":"","sales_update_date":"2026-02-06T00:01:17","calc_backorders":null,"_links":{"self":[{"href":"https:\/\/aromasentia.com\/no\/wp-json\/wp\/v2\/product\/203469","targetHints":{"allow":["GET"]}}],"collection":[{"href":"https:\/\/aromasentia.com\/no\/wp-json\/wp\/v2\/product"}],"about":[{"href":"https:\/\/aromasentia.com\/no\/wp-json\/wp\/v2\/types\/product"}],"replies":[{"embeddable":true,"href":"https:\/\/aromasentia.com\/no\/wp-json\/wp\/v2\/comments?post=203469"}],"version-history":[{"count":0,"href":"https:\/\/aromasentia.com\/no\/wp-json\/wp\/v2\/product\/203469\/revisions"}],"wp:featuredmedia":[{"embeddable":true,"href":"https:\/\/aromasentia.com\/no\/wp-json\/wp\/v2\/media\/436028"}],"wp:attachment":[{"href":"https:\/\/aromasentia.com\/no\/wp-json\/wp\/v2\/media?parent=203469"}],"wp:term":[{"taxonomy":"product_brand","embeddable":true,"href":"https:\/\/aromasentia.com\/no\/wp-json\/wp\/v2\/product_brand?post=203469"},{"taxonomy":"product_cat","embeddable":true,"href":"https:\/\/aromasentia.com\/no\/wp-json\/wp\/v2\/product_cat?post=203469"},{"taxonomy":"product_tag","embeddable":true,"href":"https:\/\/aromasentia.com\/no\/wp-json\/wp\/v2\/product_tag?post=203469"}],"curies":[{"name":"wp","href":"https:\/\/api.w.org\/{rel}","templated":true}]}}