{"id":203468,"date":"2025-03-23T12:02:39","date_gmt":"2025-03-23T12:02:39","guid":{"rendered":"https:\/\/aromasentia.com\/product\/kalimba-antique-coconut\/"},"modified":"2025-05-30T23:58:28","modified_gmt":"2025-05-30T23:58:28","slug":"kalimba-antikk-kokosnott","status":"publish","type":"product","link":"https:\/\/aromasentia.com\/no\/kalimba-antikk-kokosnott\/","title":{"rendered":"Kalimba Antikk Kokosn\u00f8tt"},"content":{"rendered":"<p><span style=\"color: rgb(75, 80, 88);\">Kalimba Antique Coconut er et uts\u00f8kt musikkinstrument og dekorativt stykke, h\u00e5ndlaget p\u00e5 Bali av et kokosn\u00f8ttskall. Dette unike instrumentet har syv st\u00e5ltangenter som genererer en varm og resonant tone. De intrikate designene som er sk\u00e5ret inn i kokosn\u00f8ttskallet forsterker skj\u00f8nnheten, noe som gj\u00f8r det ikke bare til et musikkinstrument, men ogs\u00e5 til et sjarmerende dekorativt element.<\/span><\/p>\n<p><span style=\"color: rgb(75, 80, 88);\">Kalimbaen, ofte referert til som et tommelpiano eller fingerpiano, avgir en herlig og beroligende lyd n\u00e5r tangentene blir plukket an. Enkelheten gj\u00f8r den tilgjengelig og hyggelig for b\u00e5de nybegynnere og erfarne musikere.<\/span><\/p>\n<ul>\n<li><span style=\"color: rgb(75, 80, 88);\">M\u00e5l: Omtrent 14 cm (5,5 tommer) i diameter<\/span><\/li>\n<li><span style=\"color: rgb(75, 80, 88);\">Materiale: Kokosn\u00f8ttskall med st\u00e5ltangenter<\/span><\/li>\n<li><span style=\"color: rgb(75, 80, 88);\">Opprinnelse: H\u00e5ndlaget p\u00e5 Bali<\/span><\/li>\n<li><span style=\"color: rgb(75, 80, 88);\">Lydkvalitet: Produserer melodiske toner<\/span><\/li>\n<li><span style=\"color: rgb(75, 80, 88);\">Brukbarhet: Enkel \u00e5 spille for alle ferdighetsniv\u00e5er<\/span><\/li>\n<li><span style=\"color: rgb(75, 80, 88);\">Unikhet: Hvert stykke er en s\u00e6regen hyllest til naturen og h\u00e5ndverksmessig h\u00e5ndverk.<\/span><\/li>\n<\/ul>\n","protected":false},"excerpt":{"rendered":"<p>Kalimba Antique Coconut er et uts\u00f8kt musikkinstrument og dekorativt stykke, h\u00e5ndlaget p\u00e5 Bali av et kokosn\u00f8ttskall. Dette unike instrumentet har syv st\u00e5ltangenter som genererer en varm og resonant tone. De intrikate designene som er sk\u00e5ret inn i kokosn\u00f8ttskallet forsterker skj\u00f8nnheten, noe som gj\u00f8r det ikke bare til et musikkinstrument, men ogs\u00e5 til et sjarmerende dekorativt [&hellip;]<\/p>\n","protected":false},"featured_media":436019,"comment_status":"closed","ping_status":"open","template":"","meta":{"_angie_page":false},"product_brand":[],"product_cat":[8476,8374],"product_tag":[],"class_list":{"0":"post-203468","1":"product","2":"type-product","3":"status-publish","4":"has-post-thumbnail","6":"product_cat-musikkinstrumenter","7":"product_cat-vintage-gaver-og-suvenirer","8":"pa_collection-decorative-musical-instruments-no","9":"pa_made-in-indonesia","11":"first","12":"instock","13":"purchasable","14":"product-type-simple"},"supplier_id":null,"supplier_sku":"DMI-13","barcode":null,"atum_controlled":true,"out_stock_date":null,"out_stock_threshold":null,"inheritable":false,"inbound_stock":null,"stock_on_hold":0,"sold_today":0,"sales_last_days":0,"reserved_stock":null,"customer_returns":null,"warehouse_damage":null,"lost_in_post":null,"other_logs":null,"out_stock_days":0,"lost_sales":0,"has_location":null,"update_date":"2026-04-27T06:59:11","atum_locations":[],"atum_stock_status":"instock","restock_status":false,"low_stock_amount":"","sales_update_date":"2025-10-09T03:28:57","calc_backorders":null,"_links":{"self":[{"href":"https:\/\/aromasentia.com\/no\/wp-json\/wp\/v2\/product\/203468","targetHints":{"allow":["GET"]}}],"collection":[{"href":"https:\/\/aromasentia.com\/no\/wp-json\/wp\/v2\/product"}],"about":[{"href":"https:\/\/aromasentia.com\/no\/wp-json\/wp\/v2\/types\/product"}],"replies":[{"embeddable":true,"href":"https:\/\/aromasentia.com\/no\/wp-json\/wp\/v2\/comments?post=203468"}],"version-history":[{"count":0,"href":"https:\/\/aromasentia.com\/no\/wp-json\/wp\/v2\/product\/203468\/revisions"}],"wp:featuredmedia":[{"embeddable":true,"href":"https:\/\/aromasentia.com\/no\/wp-json\/wp\/v2\/media\/436019"}],"wp:attachment":[{"href":"https:\/\/aromasentia.com\/no\/wp-json\/wp\/v2\/media?parent=203468"}],"wp:term":[{"taxonomy":"product_brand","embeddable":true,"href":"https:\/\/aromasentia.com\/no\/wp-json\/wp\/v2\/product_brand?post=203468"},{"taxonomy":"product_cat","embeddable":true,"href":"https:\/\/aromasentia.com\/no\/wp-json\/wp\/v2\/product_cat?post=203468"},{"taxonomy":"product_tag","embeddable":true,"href":"https:\/\/aromasentia.com\/no\/wp-json\/wp\/v2\/product_tag?post=203468"}],"curies":[{"name":"wp","href":"https:\/\/api.w.org\/{rel}","templated":true}]}}