{"id":203460,"date":"2025-03-23T12:03:54","date_gmt":"2025-03-23T12:03:54","guid":{"rendered":"https:\/\/aromasentia.com\/product\/big-rectangle-box-21-5x14x6-3cm-hamsa-whitewash\/"},"modified":"2025-05-30T23:58:10","modified_gmt":"2025-05-30T23:58:10","slug":"rektangulaer-eske-boks-215x14x63-cm-hamsa-whitewash-stor","status":"publish","type":"product","link":"https:\/\/aromasentia.com\/no\/rektangulaer-eske-boks-215x14x63-cm-hamsa-whitewash-stor\/","title":{"rendered":"Rektangul\u00e6r Eske \/ Boks 21,5x14x6,3 cm &#8211; Hamsa Whitewash Stor"},"content":{"rendered":"<p>Beskytt dine st\u00f8rre minner med et snev av \u00e5ndelig symbolikk i denne store rektangul\u00e6re esken med et hvitkalket Hamsa-h\u00e5ndmotiv. Den m\u00e5ler 21,5 x 14 x 6,3 cm og er perfekt til oppbevaring av bilder, dagb\u00f8ker eller andre kj\u00e6re gjenstander.<\/p>\n","protected":false},"excerpt":{"rendered":"<p>Beskytt dine st\u00f8rre minner med et snev av \u00e5ndelig symbolikk i denne store rektangul\u00e6re esken med et hvitkalket Hamsa-h\u00e5ndmotiv. Den m\u00e5ler 21,5 x 14 x 6,3 cm og er perfekt til oppbevaring av bilder, dagb\u00f8ker eller andre kj\u00e6re gjenstander.<\/p>\n","protected":false},"featured_media":436522,"comment_status":"closed","ping_status":"open","template":"","meta":{"_angie_page":false},"product_brand":[],"product_cat":[8386,8385],"product_tag":[],"class_list":{"0":"post-203460","1":"product","2":"type-product","3":"status-publish","4":"has-post-thumbnail","6":"product_cat-gave-bokser-og-gaveoppbevaring","7":"product_cat-gaveinnpakning","8":"pa_collection-handcrafted-wooden-boxes-trays--buddha-hamsa-collection-no","9":"pa_made-in-india","11":"first","12":"instock","13":"purchasable","14":"product-type-simple"},"supplier_id":null,"supplier_sku":"ETBT-11","barcode":null,"atum_controlled":true,"out_stock_date":null,"out_stock_threshold":null,"inheritable":false,"inbound_stock":null,"stock_on_hold":0,"sold_today":0,"sales_last_days":0,"reserved_stock":null,"customer_returns":null,"warehouse_damage":null,"lost_in_post":null,"other_logs":null,"out_stock_days":0,"lost_sales":0,"has_location":null,"update_date":"2026-04-27T07:02:07","atum_locations":[],"atum_stock_status":"instock","restock_status":false,"low_stock_amount":"","sales_update_date":"2026-01-30T01:24:31","calc_backorders":null,"_links":{"self":[{"href":"https:\/\/aromasentia.com\/no\/wp-json\/wp\/v2\/product\/203460","targetHints":{"allow":["GET"]}}],"collection":[{"href":"https:\/\/aromasentia.com\/no\/wp-json\/wp\/v2\/product"}],"about":[{"href":"https:\/\/aromasentia.com\/no\/wp-json\/wp\/v2\/types\/product"}],"replies":[{"embeddable":true,"href":"https:\/\/aromasentia.com\/no\/wp-json\/wp\/v2\/comments?post=203460"}],"version-history":[{"count":0,"href":"https:\/\/aromasentia.com\/no\/wp-json\/wp\/v2\/product\/203460\/revisions"}],"wp:featuredmedia":[{"embeddable":true,"href":"https:\/\/aromasentia.com\/no\/wp-json\/wp\/v2\/media\/436522"}],"wp:attachment":[{"href":"https:\/\/aromasentia.com\/no\/wp-json\/wp\/v2\/media?parent=203460"}],"wp:term":[{"taxonomy":"product_brand","embeddable":true,"href":"https:\/\/aromasentia.com\/no\/wp-json\/wp\/v2\/product_brand?post=203460"},{"taxonomy":"product_cat","embeddable":true,"href":"https:\/\/aromasentia.com\/no\/wp-json\/wp\/v2\/product_cat?post=203460"},{"taxonomy":"product_tag","embeddable":true,"href":"https:\/\/aromasentia.com\/no\/wp-json\/wp\/v2\/product_tag?post=203460"}],"curies":[{"name":"wp","href":"https:\/\/api.w.org\/{rel}","templated":true}]}}