{"id":203454,"date":"2025-03-23T12:03:54","date_gmt":"2025-03-23T12:03:54","guid":{"rendered":"https:\/\/aromasentia.com\/product\/med-square-box-17x10x4-2cm-buddha-face-whitewash\/"},"modified":"2025-05-30T23:57:59","modified_gmt":"2025-05-30T23:57:59","slug":"firkantet-eske-boks-17x10x42cm-buddha-face-whitewash","status":"publish","type":"product","link":"https:\/\/aromasentia.com\/no\/firkantet-eske-boks-17x10x42cm-buddha-face-whitewash\/","title":{"rendered":"Firkantet Eske \/ Boks 17x10x4,2cm &#8211; Buddha Face Whitewash"},"content":{"rendered":"<p>Oppbevar de litt st\u00f8rre skattene dine med et snev av fredelig eleganse i denne mellomstore, firkantede esken med et hvitkalket Buddha-ansikt. Den m\u00e5ler 17 x 10 x 4,2 cm og er perfekt til smykker, sm\u00e5 meditasjonsredskaper eller kj\u00e6re minner.<\/p>\n","protected":false},"excerpt":{"rendered":"<p>Oppbevar de litt st\u00f8rre skattene dine med et snev av fredelig eleganse i denne mellomstore, firkantede esken med et hvitkalket Buddha-ansikt. Den m\u00e5ler 17 x 10 x 4,2 cm og er perfekt til smykker, sm\u00e5 meditasjonsredskaper eller kj\u00e6re minner.<\/p>\n","protected":false},"featured_media":436420,"comment_status":"closed","ping_status":"open","template":"","meta":[],"product_brand":[],"product_cat":[8386,8385],"product_tag":[],"class_list":{"0":"post-203454","1":"product","2":"type-product","3":"status-publish","4":"has-post-thumbnail","6":"product_cat-gave-bokser-og-gaveoppbevaring","7":"product_cat-gaveinnpakning","8":"pa_collection-handcrafted-wooden-boxes-trays--buddha-hamsa-collection-no","9":"pa_made-in-india","11":"first","12":"instock","13":"purchasable","14":"product-type-simple"},"supplier_id":null,"supplier_sku":"ETBT-05","barcode":null,"atum_controlled":true,"out_stock_date":null,"out_stock_threshold":null,"inheritable":false,"inbound_stock":null,"stock_on_hold":0,"sold_today":0,"sales_last_days":0,"reserved_stock":null,"customer_returns":null,"warehouse_damage":null,"lost_in_post":null,"other_logs":null,"out_stock_days":0,"lost_sales":0,"has_location":null,"update_date":"2026-01-30T01:24:36","atum_locations":[],"atum_stock_status":"instock","restock_status":false,"low_stock_amount":"","sales_update_date":"2026-01-30T01:24:36","calc_backorders":null,"_links":{"self":[{"href":"https:\/\/aromasentia.com\/no\/wp-json\/wp\/v2\/product\/203454","targetHints":{"allow":["GET"]}}],"collection":[{"href":"https:\/\/aromasentia.com\/no\/wp-json\/wp\/v2\/product"}],"about":[{"href":"https:\/\/aromasentia.com\/no\/wp-json\/wp\/v2\/types\/product"}],"replies":[{"embeddable":true,"href":"https:\/\/aromasentia.com\/no\/wp-json\/wp\/v2\/comments?post=203454"}],"version-history":[{"count":0,"href":"https:\/\/aromasentia.com\/no\/wp-json\/wp\/v2\/product\/203454\/revisions"}],"wp:featuredmedia":[{"embeddable":true,"href":"https:\/\/aromasentia.com\/no\/wp-json\/wp\/v2\/media\/436420"}],"wp:attachment":[{"href":"https:\/\/aromasentia.com\/no\/wp-json\/wp\/v2\/media?parent=203454"}],"wp:term":[{"taxonomy":"product_brand","embeddable":true,"href":"https:\/\/aromasentia.com\/no\/wp-json\/wp\/v2\/product_brand?post=203454"},{"taxonomy":"product_cat","embeddable":true,"href":"https:\/\/aromasentia.com\/no\/wp-json\/wp\/v2\/product_cat?post=203454"},{"taxonomy":"product_tag","embeddable":true,"href":"https:\/\/aromasentia.com\/no\/wp-json\/wp\/v2\/product_tag?post=203454"}],"curies":[{"name":"wp","href":"https:\/\/api.w.org\/{rel}","templated":true}]}}