{"id":203442,"date":"2025-03-23T12:04:43","date_gmt":"2025-03-23T12:04:43","guid":{"rendered":"https:\/\/aromasentia.com\/product\/long-tray-30x15x2-5cm-hamsa-design-whitewash\/"},"modified":"2025-05-30T23:57:25","modified_gmt":"2025-05-30T23:57:25","slug":"langt-brett-30x15x25cm-hamsa-design-whitewash","status":"publish","type":"product","link":"https:\/\/aromasentia.com\/no\/langt-brett-30x15x25cm-hamsa-design-whitewash\/","title":{"rendered":"Langt Brett 30x15x2,5cm &#8211; Hamsa Design Whitewash"},"content":{"rendered":"<p>Vis frem gjenstandene dine med et snev av \u00e5ndelig beskyttelse p\u00e5 dette lange brettet med et hvitkalket Hamsa-h\u00e5nddesign. Det m\u00e5ler 30 x 15 x 2,5 cm og er perfekt til servering, organisering eller som en symbolsk dekorativ aksent.<\/p>\n","protected":false},"excerpt":{"rendered":"<p>Vis frem gjenstandene dine med et snev av \u00e5ndelig beskyttelse p\u00e5 dette lange brettet med et hvitkalket Hamsa-h\u00e5nddesign. Det m\u00e5ler 30 x 15 x 2,5 cm og er perfekt til servering, organisering eller som en symbolsk dekorativ aksent.<\/p>\n","protected":false},"featured_media":436662,"comment_status":"closed","ping_status":"open","template":"","meta":{"_angie_page":false},"product_brand":[],"product_cat":[8386,8385],"product_tag":[],"class_list":{"0":"post-203442","1":"product","2":"type-product","3":"status-publish","4":"has-post-thumbnail","6":"product_cat-gave-bokser-og-gaveoppbevaring","7":"product_cat-gaveinnpakning","8":"pa_collection-handcrafted-wooden-boxes-trays--buddha-hamsa-collection-no","9":"pa_made-in-india","11":"first","12":"instock","13":"purchasable","14":"product-type-simple"},"supplier_id":null,"supplier_sku":"ETBT-23","barcode":null,"atum_controlled":true,"out_stock_date":null,"out_stock_threshold":null,"inheritable":false,"inbound_stock":null,"stock_on_hold":0,"sold_today":0,"sales_last_days":0,"reserved_stock":null,"customer_returns":null,"warehouse_damage":null,"lost_in_post":null,"other_logs":null,"out_stock_days":0,"lost_sales":0,"has_location":null,"update_date":"2026-04-27T07:02:18","atum_locations":[],"atum_stock_status":"instock","restock_status":false,"low_stock_amount":"","sales_update_date":"2026-01-30T01:24:41","calc_backorders":null,"_links":{"self":[{"href":"https:\/\/aromasentia.com\/no\/wp-json\/wp\/v2\/product\/203442","targetHints":{"allow":["GET"]}}],"collection":[{"href":"https:\/\/aromasentia.com\/no\/wp-json\/wp\/v2\/product"}],"about":[{"href":"https:\/\/aromasentia.com\/no\/wp-json\/wp\/v2\/types\/product"}],"replies":[{"embeddable":true,"href":"https:\/\/aromasentia.com\/no\/wp-json\/wp\/v2\/comments?post=203442"}],"version-history":[{"count":0,"href":"https:\/\/aromasentia.com\/no\/wp-json\/wp\/v2\/product\/203442\/revisions"}],"wp:featuredmedia":[{"embeddable":true,"href":"https:\/\/aromasentia.com\/no\/wp-json\/wp\/v2\/media\/436662"}],"wp:attachment":[{"href":"https:\/\/aromasentia.com\/no\/wp-json\/wp\/v2\/media?parent=203442"}],"wp:term":[{"taxonomy":"product_brand","embeddable":true,"href":"https:\/\/aromasentia.com\/no\/wp-json\/wp\/v2\/product_brand?post=203442"},{"taxonomy":"product_cat","embeddable":true,"href":"https:\/\/aromasentia.com\/no\/wp-json\/wp\/v2\/product_cat?post=203442"},{"taxonomy":"product_tag","embeddable":true,"href":"https:\/\/aromasentia.com\/no\/wp-json\/wp\/v2\/product_tag?post=203442"}],"curies":[{"name":"wp","href":"https:\/\/api.w.org\/{rel}","templated":true}]}}