{"id":203411,"date":"2025-03-23T12:06:49","date_gmt":"2025-03-23T12:06:49","guid":{"rendered":"https:\/\/aromasentia.com\/product\/hati-hati-angel-magic-box-joy\/"},"modified":"2025-05-30T23:56:06","modified_gmt":"2025-05-30T23:56:06","slug":"hati-hati-angel-hemmelig-boks-joy","status":"publish","type":"product","link":"https:\/\/aromasentia.com\/no\/hati-hati-angel-hemmelig-boks-joy\/","title":{"rendered":"Hati-Hati Angel Hemmelig Boks &#8211; Joy"},"content":{"rendered":"<p><span style=\"color: rgb(75, 80, 88);\"><strong>Hati-Hati Englemagiboks &#8211; Glede &#8211; 14 cm er h\u00e5ndsk\u00e5ret av b\u00e6rekraftig Suar-tre i indonesiske fjellandsbyer.<\/strong>Dette hardtreet har en rik tradisjon for \u00e5 lage vakre og hellige gjenstander.<\/span><\/p>\n<p><span style=\"color: rgb(75, 80, 88);\">Disse englene g\u00e5r utover dekor, og legemliggj\u00f8r et dypt budskap. \u00abHati Hati\u00bb, indonesisk for \u00abforsiktig\u00bb eller \u00abforsiktighet\u00bb, symboliserer livets delikate balanse. Hver engel holder et lite hjerte, en p\u00e5minnelse om \u00e5 beskytte b\u00e5de v\u00e5re hjerter og v\u00e5re kj\u00e6res hjerter.<\/span><\/p>\n<p><span style=\"color: rgb(75, 80, 88);\"><strong>Disse englefigurene har et skjult rom i sine hule kropper,<\/strong>som gir funksjonalitet. Kunder kan trygt oppbevare verdifulle minner, smykker eller sm\u00e5 skatter.<\/span><\/p>\n<p><span style=\"color: rgb(75, 80, 88);\">Hati Hati Gledeengelen utstr\u00e5ler positivitet og smittende lykke, og er et symbol p\u00e5 ren glede og jubel. Denne engelen b\u00e6rer et hjerte utsmykket med et str\u00e5lende smil, som minner oss om \u00e5 omfavne livets sm\u00e5 gleder og spre lykke uansett hvor vi g\u00e5r. De livlige fargene og det lekne designet gj\u00f8r den til en ideell gave til bursdager, konfirmasjoner eller rett og slett som et muntert tillegg til ethvert rom.<\/span><\/p>\n<p><span style=\"color: rgb(75, 80, 88);\"><strong>Vis den ut hjemme eller p\u00e5 kontoret for \u00e5 inspirere til en daglig dose glede og minne alle p\u00e5 \u00e5 finne lykke i de minste \u00f8yeblikkene.<\/strong><\/span><\/p>\n","protected":false},"excerpt":{"rendered":"<p>Hati-Hati Englemagiboks &#8211; Glede &#8211; 14 cm er h\u00e5ndsk\u00e5ret av b\u00e6rekraftig Suar-tre i indonesiske fjellandsbyer.Dette hardtreet har en rik tradisjon for \u00e5 lage vakre og hellige gjenstander. Disse englene g\u00e5r utover dekor, og legemliggj\u00f8r et dypt budskap. \u00abHati Hati\u00bb, indonesisk for \u00abforsiktig\u00bb eller \u00abforsiktighet\u00bb, symboliserer livets delikate balanse. Hver engel holder et lite hjerte, en [&hellip;]<\/p>\n","protected":false},"featured_media":437419,"comment_status":"closed","ping_status":"open","template":"","meta":[],"product_brand":[],"product_cat":[8466,8374],"product_tag":[],"class_list":{"0":"post-203411","1":"product","2":"type-product","3":"status-publish","4":"has-post-thumbnail","6":"product_cat-samlefigurer","7":"product_cat-vintage-gaver-og-suvenirer","8":"pa_collection-hati-hati-angels-no","9":"pa_made-in-indonesia","11":"first","12":"instock","13":"purchasable","14":"product-type-simple"},"supplier_id":null,"supplier_sku":"HatiA-21","barcode":null,"atum_controlled":true,"out_stock_date":null,"out_stock_threshold":null,"inheritable":false,"inbound_stock":null,"stock_on_hold":0,"sold_today":0,"sales_last_days":0,"reserved_stock":null,"customer_returns":null,"warehouse_damage":null,"lost_in_post":null,"other_logs":null,"out_stock_days":0,"lost_sales":0,"has_location":null,"update_date":"2026-01-30T01:26:33","atum_locations":[],"atum_stock_status":"instock","restock_status":false,"low_stock_amount":"","sales_update_date":"2026-01-30T01:26:33","calc_backorders":null,"_links":{"self":[{"href":"https:\/\/aromasentia.com\/no\/wp-json\/wp\/v2\/product\/203411","targetHints":{"allow":["GET"]}}],"collection":[{"href":"https:\/\/aromasentia.com\/no\/wp-json\/wp\/v2\/product"}],"about":[{"href":"https:\/\/aromasentia.com\/no\/wp-json\/wp\/v2\/types\/product"}],"replies":[{"embeddable":true,"href":"https:\/\/aromasentia.com\/no\/wp-json\/wp\/v2\/comments?post=203411"}],"version-history":[{"count":0,"href":"https:\/\/aromasentia.com\/no\/wp-json\/wp\/v2\/product\/203411\/revisions"}],"wp:featuredmedia":[{"embeddable":true,"href":"https:\/\/aromasentia.com\/no\/wp-json\/wp\/v2\/media\/437419"}],"wp:attachment":[{"href":"https:\/\/aromasentia.com\/no\/wp-json\/wp\/v2\/media?parent=203411"}],"wp:term":[{"taxonomy":"product_brand","embeddable":true,"href":"https:\/\/aromasentia.com\/no\/wp-json\/wp\/v2\/product_brand?post=203411"},{"taxonomy":"product_cat","embeddable":true,"href":"https:\/\/aromasentia.com\/no\/wp-json\/wp\/v2\/product_cat?post=203411"},{"taxonomy":"product_tag","embeddable":true,"href":"https:\/\/aromasentia.com\/no\/wp-json\/wp\/v2\/product_tag?post=203411"}],"curies":[{"name":"wp","href":"https:\/\/api.w.org\/{rel}","templated":true}]}}