{"id":203406,"date":"2025-03-23T12:06:49","date_gmt":"2025-03-23T12:06:49","guid":{"rendered":"https:\/\/aromasentia.com\/product\/new-hati-hati-angel-peace-20cm\/"},"modified":"2025-05-30T23:55:47","modified_gmt":"2025-05-30T23:55:47","slug":"hati-hati-engel-fred-20-cm","status":"publish","type":"product","link":"https:\/\/aromasentia.com\/no\/hati-hati-engel-fred-20-cm\/","title":{"rendered":"Hati-Hati Engel &#8211; Fred &#8211; 20 cm"},"content":{"rendered":"<p><strong>Hati-Hati-engelen &#8211; Fred &#8211; 20 cm<\/strong> er h\u00e5ndsk\u00e5ret i fjellandsbyer av Suar-tre, et b\u00e6rekraftig hardtre. Dette treverket brukes til \u00e5 lage vakre og ofte hellige bilder. Hati-Hati-engler lager vakre, kulturelle og omsorgsfulle gaver.<\/p>\n<p>Hver engel er n\u00f8ye sk\u00e5ret for h\u00e5nd, solt\u00f8rket, ferdigbehandlet, polert og malt av h\u00e5ndverkere i landlige omr\u00e5der. Hat-hati er et vanlig indonesisk ord som betyr \u00e5 ta vare p\u00e5 seg. S\u00e5 disse englene er designet for \u00e5 bringe kj\u00e6rlighet og omsorg til alle som holder dem. Hver engel kommer med et nydelig informasjonskort.<\/p>\n","protected":false},"excerpt":{"rendered":"<p>Hati-Hati-engelen &#8211; Fred &#8211; 20 cm er h\u00e5ndsk\u00e5ret i fjellandsbyer av Suar-tre, et b\u00e6rekraftig hardtre. Dette treverket brukes til \u00e5 lage vakre og ofte hellige bilder. Hati-Hati-engler lager vakre, kulturelle og omsorgsfulle gaver. Hver engel er n\u00f8ye sk\u00e5ret for h\u00e5nd, solt\u00f8rket, ferdigbehandlet, polert og malt av h\u00e5ndverkere i landlige omr\u00e5der. Hat-hati er et vanlig indonesisk [&hellip;]<\/p>\n","protected":false},"featured_media":437294,"comment_status":"closed","ping_status":"open","template":"","meta":[],"product_brand":[],"product_cat":[8466,8374],"product_tag":[],"class_list":{"0":"post-203406","1":"product","2":"type-product","3":"status-publish","4":"has-post-thumbnail","6":"product_cat-samlefigurer","7":"product_cat-vintage-gaver-og-suvenirer","8":"pa_collection-hati-hati-angels-no","9":"pa_made-in-indonesia","11":"first","12":"outofstock","13":"purchasable","14":"product-type-simple"},"supplier_id":null,"supplier_sku":"HatiA-16","barcode":null,"atum_controlled":true,"out_stock_date":"2025-12-17 11:26:14","out_stock_threshold":null,"inheritable":false,"inbound_stock":null,"stock_on_hold":0,"sold_today":0,"sales_last_days":0,"reserved_stock":null,"customer_returns":null,"warehouse_damage":null,"lost_in_post":null,"other_logs":null,"out_stock_days":50,"lost_sales":0,"has_location":null,"update_date":"2026-02-06T00:00:52","atum_locations":[],"atum_stock_status":"outofstock","restock_status":false,"low_stock_amount":"","sales_update_date":"2026-02-06T00:00:52","calc_backorders":null,"_links":{"self":[{"href":"https:\/\/aromasentia.com\/no\/wp-json\/wp\/v2\/product\/203406","targetHints":{"allow":["GET"]}}],"collection":[{"href":"https:\/\/aromasentia.com\/no\/wp-json\/wp\/v2\/product"}],"about":[{"href":"https:\/\/aromasentia.com\/no\/wp-json\/wp\/v2\/types\/product"}],"replies":[{"embeddable":true,"href":"https:\/\/aromasentia.com\/no\/wp-json\/wp\/v2\/comments?post=203406"}],"version-history":[{"count":0,"href":"https:\/\/aromasentia.com\/no\/wp-json\/wp\/v2\/product\/203406\/revisions"}],"wp:featuredmedia":[{"embeddable":true,"href":"https:\/\/aromasentia.com\/no\/wp-json\/wp\/v2\/media\/437294"}],"wp:attachment":[{"href":"https:\/\/aromasentia.com\/no\/wp-json\/wp\/v2\/media?parent=203406"}],"wp:term":[{"taxonomy":"product_brand","embeddable":true,"href":"https:\/\/aromasentia.com\/no\/wp-json\/wp\/v2\/product_brand?post=203406"},{"taxonomy":"product_cat","embeddable":true,"href":"https:\/\/aromasentia.com\/no\/wp-json\/wp\/v2\/product_cat?post=203406"},{"taxonomy":"product_tag","embeddable":true,"href":"https:\/\/aromasentia.com\/no\/wp-json\/wp\/v2\/product_tag?post=203406"}],"curies":[{"name":"wp","href":"https:\/\/api.w.org\/{rel}","templated":true}]}}