{"id":203404,"date":"2025-03-23T12:07:48","date_gmt":"2025-03-23T12:07:48","guid":{"rendered":"https:\/\/aromasentia.com\/product\/wooden-pill-box-9x5x4cm-carved-designs\/"},"modified":"2025-05-30T23:55:43","modified_gmt":"2025-05-30T23:55:43","slug":"pilleeske-i-tre-9x5x4cm-utskarne-motiver","status":"publish","type":"product","link":"https:\/\/aromasentia.com\/no\/pilleeske-i-tre-9x5x4cm-utskarne-motiver\/","title":{"rendered":"Pilleeske I Tre 9x5x4cm &#8211; Utsk\u00e5rne Motiver"},"content":{"rendered":"<p><span style=\"color: rgb(75, 80, 88);\">Hvert design er et miniatyrkunstverk som gir et personlig preg til daglige rutiner. Disse eskene er praktiske og estetiske, noe som gj\u00f8r dem til et l\u00f8nnsomt og sjarmerende tillegg til varelageret ditt.<\/span><\/p>\n<p><span style=\"color: rgb(75, 80, 88);\">Disse allsidige eskene blander s\u00f8ml\u00f8st funksjonalitet med eleganse, og fungerer som perfekte oppbevaringsl\u00f8sninger, uts\u00f8kte gaver eller i\u00f8ynefallende tillegg til utstillinger i butikken. Skreddersydd for \u00e5 m\u00f8te en rekke behov,<\/span><\/p>\n<p><span style=\"color: rgb(75, 80, 88);\">Berik kundenes opplevelser ved \u00e5 innlemme disse vakkert utformede trekassene i beholdningen din.<\/span><\/p>\n<p><span style=\"color: rgb(75, 80, 88);\"><strong>Settdesign<\/strong> &#8211; Buddha, Blomst, Ohm, Hamsa, Vinranke<\/span><\/p>\n<p><span style=\"color: rgb(75, 80, 88);\"><strong>VENNLIGST MERK: Hvis du ikke velger et design, velger vi et for deg fra de tilgjengelige alternativene.<\/strong> <br \/><\/span><\/p>\n<p><span style=\"color: rgb(75, 80, 88);\">M\u00e5l: 9x5x4cm<\/span><\/p>\n","protected":false},"excerpt":{"rendered":"<p>Hvert design er et miniatyrkunstverk som gir et personlig preg til daglige rutiner. Disse eskene er praktiske og estetiske, noe som gj\u00f8r dem til et l\u00f8nnsomt og sjarmerende tillegg til varelageret ditt. Disse allsidige eskene blander s\u00f8ml\u00f8st funksjonalitet med eleganse, og fungerer som perfekte oppbevaringsl\u00f8sninger, uts\u00f8kte gaver eller i\u00f8ynefallende tillegg til utstillinger i butikken. Skreddersydd [&hellip;]<\/p>\n","protected":false},"featured_media":437794,"comment_status":"closed","ping_status":"open","template":"","meta":[],"product_brand":[],"product_cat":[8386,8385],"product_tag":[],"class_list":{"0":"post-203404","1":"product","2":"type-product","3":"status-publish","4":"has-post-thumbnail","6":"product_cat-gave-bokser-og-gaveoppbevaring","7":"product_cat-gaveinnpakning","8":"pa_collection-hand-carved-wooden-boxes-no","9":"pa_made-in-india","11":"first","12":"instock","13":"purchasable","14":"product-type-simple"},"supplier_id":null,"supplier_sku":"IMBox-01b","barcode":null,"atum_controlled":true,"out_stock_date":null,"out_stock_threshold":null,"inheritable":false,"inbound_stock":null,"stock_on_hold":0,"sold_today":0,"sales_last_days":0,"reserved_stock":null,"customer_returns":null,"warehouse_damage":null,"lost_in_post":null,"other_logs":null,"out_stock_days":0,"lost_sales":0,"has_location":null,"update_date":"2026-01-30T01:25:29","atum_locations":[],"atum_stock_status":"instock","restock_status":false,"low_stock_amount":"","sales_update_date":"2026-01-30T01:25:29","calc_backorders":null,"_links":{"self":[{"href":"https:\/\/aromasentia.com\/no\/wp-json\/wp\/v2\/product\/203404","targetHints":{"allow":["GET"]}}],"collection":[{"href":"https:\/\/aromasentia.com\/no\/wp-json\/wp\/v2\/product"}],"about":[{"href":"https:\/\/aromasentia.com\/no\/wp-json\/wp\/v2\/types\/product"}],"replies":[{"embeddable":true,"href":"https:\/\/aromasentia.com\/no\/wp-json\/wp\/v2\/comments?post=203404"}],"version-history":[{"count":0,"href":"https:\/\/aromasentia.com\/no\/wp-json\/wp\/v2\/product\/203404\/revisions"}],"wp:featuredmedia":[{"embeddable":true,"href":"https:\/\/aromasentia.com\/no\/wp-json\/wp\/v2\/media\/437794"}],"wp:attachment":[{"href":"https:\/\/aromasentia.com\/no\/wp-json\/wp\/v2\/media?parent=203404"}],"wp:term":[{"taxonomy":"product_brand","embeddable":true,"href":"https:\/\/aromasentia.com\/no\/wp-json\/wp\/v2\/product_brand?post=203404"},{"taxonomy":"product_cat","embeddable":true,"href":"https:\/\/aromasentia.com\/no\/wp-json\/wp\/v2\/product_cat?post=203404"},{"taxonomy":"product_tag","embeddable":true,"href":"https:\/\/aromasentia.com\/no\/wp-json\/wp\/v2\/product_tag?post=203404"}],"curies":[{"name":"wp","href":"https:\/\/api.w.org\/{rel}","templated":true}]}}