{"id":203397,"date":"2025-03-23T12:07:48","date_gmt":"2025-03-23T12:07:48","guid":{"rendered":"https:\/\/aromasentia.com\/product\/medium-wooden-keepsake-box-15x10x6cm-tree-of-life\/"},"modified":"2025-05-30T23:55:28","modified_gmt":"2025-05-30T23:55:28","slug":"minneboks-i-tre-15x10x6-cm-livets-tre-medium","status":"publish","type":"product","link":"https:\/\/aromasentia.com\/no\/minneboks-i-tre-15x10x6-cm-livets-tre-medium\/","title":{"rendered":"Minneboks I Tre 15x10x6 cm &#8211; Livets Tre Medium"},"content":{"rendered":"<p><strong>Forbedre oppbevaringsl\u00f8sningene dine med denne mellomstore minneboksen i tre med Livets tre.<\/strong><\/p>\n<p>Denne boksen symboliserer vekst og harmoni, og er en unik blanding av funksjonalitet og meningsfull design, perfekt for \u00e5 forbedre produktsortimentet ditt.<\/p>\n<p><span style=\"color: rgb(75, 80, 88);\">Disse allsidige boksene blander s\u00f8ml\u00f8st funksjonalitet med eleganse, og fungerer som perfekte oppbevaringsl\u00f8sninger, uts\u00f8kte gaver eller i\u00f8ynefallende tillegg til detaljhandelsdisplayer. Skreddersydd for \u00e5 m\u00f8te en rekke behov,<\/span><\/p>\n<p><span style=\"color: rgb(75, 80, 88);\">Berik kundenes opplevelser ved \u00e5 innlemme disse vakkert utformede trekassene i beholdningen din.<\/span><\/p>\n<p><span style=\"color: rgb(141, 186, 216);\"><strong>Bestill i dag for \u00e5 legge til et snev av raffinement til produktutvalget ditt.<\/strong><\/span><\/p>\n<p><span style=\"color: rgb(75, 80, 88);\"><strong>M\u00e5l:<\/strong>15x10x6cm<\/span><\/p>\n","protected":false},"excerpt":{"rendered":"<p>Forbedre oppbevaringsl\u00f8sningene dine med denne mellomstore minneboksen i tre med Livets tre. Denne boksen symboliserer vekst og harmoni, og er en unik blanding av funksjonalitet og meningsfull design, perfekt for \u00e5 forbedre produktsortimentet ditt. Disse allsidige boksene blander s\u00f8ml\u00f8st funksjonalitet med eleganse, og fungerer som perfekte oppbevaringsl\u00f8sninger, uts\u00f8kte gaver eller i\u00f8ynefallende tillegg til detaljhandelsdisplayer. Skreddersydd [&hellip;]<\/p>\n","protected":false},"featured_media":437731,"comment_status":"closed","ping_status":"open","template":"","meta":{"_angie_page":false},"product_brand":[],"product_cat":[8386,8385],"product_tag":[],"class_list":{"0":"post-203397","1":"product","2":"type-product","3":"status-publish","4":"has-post-thumbnail","6":"product_cat-gave-bokser-og-gaveoppbevaring","7":"product_cat-gaveinnpakning","8":"pa_collection-hand-carved-wooden-boxes-no","9":"pa_made-in-india","11":"first","12":"instock","13":"purchasable","14":"product-type-simple"},"supplier_id":null,"supplier_sku":"IMBox-07","barcode":null,"atum_controlled":true,"out_stock_date":null,"out_stock_threshold":null,"inheritable":false,"inbound_stock":null,"stock_on_hold":0,"sold_today":0,"sales_last_days":0,"reserved_stock":null,"customer_returns":null,"warehouse_damage":null,"lost_in_post":null,"other_logs":null,"out_stock_days":0,"lost_sales":0,"has_location":null,"update_date":"2026-04-27T07:08:45","atum_locations":[],"atum_stock_status":"instock","restock_status":false,"low_stock_amount":"","sales_update_date":"2025-09-03T00:15:15","calc_backorders":null,"_links":{"self":[{"href":"https:\/\/aromasentia.com\/no\/wp-json\/wp\/v2\/product\/203397","targetHints":{"allow":["GET"]}}],"collection":[{"href":"https:\/\/aromasentia.com\/no\/wp-json\/wp\/v2\/product"}],"about":[{"href":"https:\/\/aromasentia.com\/no\/wp-json\/wp\/v2\/types\/product"}],"replies":[{"embeddable":true,"href":"https:\/\/aromasentia.com\/no\/wp-json\/wp\/v2\/comments?post=203397"}],"version-history":[{"count":0,"href":"https:\/\/aromasentia.com\/no\/wp-json\/wp\/v2\/product\/203397\/revisions"}],"wp:featuredmedia":[{"embeddable":true,"href":"https:\/\/aromasentia.com\/no\/wp-json\/wp\/v2\/media\/437731"}],"wp:attachment":[{"href":"https:\/\/aromasentia.com\/no\/wp-json\/wp\/v2\/media?parent=203397"}],"wp:term":[{"taxonomy":"product_brand","embeddable":true,"href":"https:\/\/aromasentia.com\/no\/wp-json\/wp\/v2\/product_brand?post=203397"},{"taxonomy":"product_cat","embeddable":true,"href":"https:\/\/aromasentia.com\/no\/wp-json\/wp\/v2\/product_cat?post=203397"},{"taxonomy":"product_tag","embeddable":true,"href":"https:\/\/aromasentia.com\/no\/wp-json\/wp\/v2\/product_tag?post=203397"}],"curies":[{"name":"wp","href":"https:\/\/api.w.org\/{rel}","templated":true}]}}