{"id":203395,"date":"2025-03-23T12:07:48","date_gmt":"2025-03-23T12:07:48","guid":{"rendered":"https:\/\/aromasentia.com\/product\/square-wooden-keepsake-box-13x13x6cm-om\/"},"modified":"2025-05-30T23:55:24","modified_gmt":"2025-05-30T23:55:24","slug":"firkantet-minneboks-i-tre-13x13x6-cm-om","status":"publish","type":"product","link":"https:\/\/aromasentia.com\/no\/firkantet-minneboks-i-tre-13x13x6-cm-om\/","title":{"rendered":"Firkantet Minneboks I Tre 13x13x6 cm &#8211; Om"},"content":{"rendered":"<p><span style=\"color: rgb(75, 80, 88);\"><strong>Finn ro i Om-symbolet som pryder denne firkantede treboksen til minnegaver.<\/strong><\/span><\/p>\n<p><span style=\"color: rgb(75, 80, 88);\">Ideelt for oppbevaring av verdifulle gjenstander eller som en unik gave, representerer Om-symbolet essensen av den ultimate virkeligheten, og bringer fred og ro til ethvert rom.<\/span><\/p>\n<p><span style=\"color: rgb(75, 80, 88);\">Disse allsidige boksene blander s\u00f8ml\u00f8st funksjonalitet med eleganse, og fungerer som perfekte oppbevaringsl\u00f8sninger, uts\u00f8kte gaver eller i\u00f8ynefallende tillegg til detaljhandelsdisplayer. Skreddersydd for \u00e5 m\u00f8te en rekke behov,<\/span><\/p>\n<p><span style=\"color: rgb(75, 80, 88);\">Berik kundenes opplevelser ved \u00e5 innlemme disse vakkert utformede trekassene i beholdningen din.<\/span><\/p>\n<p><span style=\"color: rgb(141, 186, 216);\"><strong>Bestill i dag for \u00e5 legge til et snev av raffinement til produktutvalget ditt.<\/strong><\/span><\/p>\n<p><span style=\"color: rgb(75, 80, 88);\"><strong>M\u00e5l:<\/strong><em>13x13x6cm<\/em><\/span><\/p>\n","protected":false},"excerpt":{"rendered":"<p>Finn ro i Om-symbolet som pryder denne firkantede treboksen til minnegaver. Ideelt for oppbevaring av verdifulle gjenstander eller som en unik gave, representerer Om-symbolet essensen av den ultimate virkeligheten, og bringer fred og ro til ethvert rom. Disse allsidige boksene blander s\u00f8ml\u00f8st funksjonalitet med eleganse, og fungerer som perfekte oppbevaringsl\u00f8sninger, uts\u00f8kte gaver eller i\u00f8ynefallende tillegg [&hellip;]<\/p>\n","protected":false},"featured_media":437713,"comment_status":"closed","ping_status":"open","template":"","meta":[],"product_brand":[],"product_cat":[8386,8385],"product_tag":[],"class_list":{"0":"post-203395","1":"product","2":"type-product","3":"status-publish","4":"has-post-thumbnail","6":"product_cat-gave-bokser-og-gaveoppbevaring","7":"product_cat-gaveinnpakning","8":"pa_collection-hand-carved-wooden-boxes-no","9":"pa_made-in-india","11":"first","12":"instock","13":"purchasable","14":"product-type-simple"},"supplier_id":null,"supplier_sku":"IMBox-05","barcode":null,"atum_controlled":true,"out_stock_date":null,"out_stock_threshold":null,"inheritable":false,"inbound_stock":null,"stock_on_hold":0,"sold_today":0,"sales_last_days":0,"reserved_stock":null,"customer_returns":null,"warehouse_damage":null,"lost_in_post":null,"other_logs":null,"out_stock_days":0,"lost_sales":0,"has_location":null,"update_date":"2026-01-28T08:23:34","atum_locations":[],"atum_stock_status":"instock","restock_status":false,"low_stock_amount":"","sales_update_date":"2025-09-03T00:15:15","calc_backorders":null,"_links":{"self":[{"href":"https:\/\/aromasentia.com\/no\/wp-json\/wp\/v2\/product\/203395","targetHints":{"allow":["GET"]}}],"collection":[{"href":"https:\/\/aromasentia.com\/no\/wp-json\/wp\/v2\/product"}],"about":[{"href":"https:\/\/aromasentia.com\/no\/wp-json\/wp\/v2\/types\/product"}],"replies":[{"embeddable":true,"href":"https:\/\/aromasentia.com\/no\/wp-json\/wp\/v2\/comments?post=203395"}],"version-history":[{"count":0,"href":"https:\/\/aromasentia.com\/no\/wp-json\/wp\/v2\/product\/203395\/revisions"}],"wp:featuredmedia":[{"embeddable":true,"href":"https:\/\/aromasentia.com\/no\/wp-json\/wp\/v2\/media\/437713"}],"wp:attachment":[{"href":"https:\/\/aromasentia.com\/no\/wp-json\/wp\/v2\/media?parent=203395"}],"wp:term":[{"taxonomy":"product_brand","embeddable":true,"href":"https:\/\/aromasentia.com\/no\/wp-json\/wp\/v2\/product_brand?post=203395"},{"taxonomy":"product_cat","embeddable":true,"href":"https:\/\/aromasentia.com\/no\/wp-json\/wp\/v2\/product_cat?post=203395"},{"taxonomy":"product_tag","embeddable":true,"href":"https:\/\/aromasentia.com\/no\/wp-json\/wp\/v2\/product_tag?post=203395"}],"curies":[{"name":"wp","href":"https:\/\/api.w.org\/{rel}","templated":true}]}}