{"id":203392,"date":"2025-03-23T12:07:48","date_gmt":"2025-03-23T12:07:48","guid":{"rendered":"https:\/\/aromasentia.com\/product\/double-trinket-tray-20x10x2-5cm-hop-hare\/"},"modified":"2025-05-30T23:55:18","modified_gmt":"2025-05-30T23:55:18","slug":"dobbelt-nipsskrin-20x10x25-cm-hop-hare","status":"publish","type":"product","link":"https:\/\/aromasentia.com\/no\/dobbelt-nipsskrin-20x10x25-cm-hop-hare\/","title":{"rendered":"Dobbelt Nipsskrin 20x10x2,5 cm &#8211; Hop Hare"},"content":{"rendered":"<p>Organiser og vis frem sm\u00e5tingene dine med et snev av finurlig sjarm p\u00e5 dette doble emaljerte pyntebrettet med et herlig Hop Hare-design. Det m\u00e5ler 20 x 10 x 2,5 cm og passer perfekt p\u00e5 kommoden eller nattbordet.<\/p>\n","protected":false},"excerpt":{"rendered":"<p>Organiser og vis frem sm\u00e5tingene dine med et snev av finurlig sjarm p\u00e5 dette doble emaljerte pyntebrettet med et herlig Hop Hare-design. Det m\u00e5ler 20 x 10 x 2,5 cm og passer perfekt p\u00e5 kommoden eller nattbordet.<\/p>\n","protected":false},"featured_media":437646,"comment_status":"closed","ping_status":"open","template":"","meta":{"_angie_page":false},"product_brand":[27114],"product_cat":[8386,8385],"product_tag":[],"class_list":{"0":"post-203392","1":"product","2":"type-product","3":"status-publish","4":"has-post-thumbnail","6":"product_brand-hop-hare","7":"product_cat-gave-bokser-og-gaveoppbevaring","8":"product_cat-gaveinnpakning","9":"pa_collection-enamelled-wooden-trays-and-boxes-no","10":"pa_made-in-india","12":"first","13":"instock","14":"purchasable","15":"product-type-simple"},"supplier_id":null,"supplier_sku":"HHENBT-09","barcode":null,"atum_controlled":true,"out_stock_date":null,"out_stock_threshold":null,"inheritable":false,"inbound_stock":null,"stock_on_hold":0,"sold_today":0,"sales_last_days":0,"reserved_stock":null,"customer_returns":null,"warehouse_damage":null,"lost_in_post":null,"other_logs":null,"out_stock_days":0,"lost_sales":0,"has_location":null,"update_date":"2026-04-27T07:07:19","atum_locations":[],"atum_stock_status":"instock","restock_status":false,"low_stock_amount":"","sales_update_date":"2026-01-30T01:26:16","calc_backorders":null,"_links":{"self":[{"href":"https:\/\/aromasentia.com\/no\/wp-json\/wp\/v2\/product\/203392","targetHints":{"allow":["GET"]}}],"collection":[{"href":"https:\/\/aromasentia.com\/no\/wp-json\/wp\/v2\/product"}],"about":[{"href":"https:\/\/aromasentia.com\/no\/wp-json\/wp\/v2\/types\/product"}],"replies":[{"embeddable":true,"href":"https:\/\/aromasentia.com\/no\/wp-json\/wp\/v2\/comments?post=203392"}],"version-history":[{"count":0,"href":"https:\/\/aromasentia.com\/no\/wp-json\/wp\/v2\/product\/203392\/revisions"}],"wp:featuredmedia":[{"embeddable":true,"href":"https:\/\/aromasentia.com\/no\/wp-json\/wp\/v2\/media\/437646"}],"wp:attachment":[{"href":"https:\/\/aromasentia.com\/no\/wp-json\/wp\/v2\/media?parent=203392"}],"wp:term":[{"taxonomy":"product_brand","embeddable":true,"href":"https:\/\/aromasentia.com\/no\/wp-json\/wp\/v2\/product_brand?post=203392"},{"taxonomy":"product_cat","embeddable":true,"href":"https:\/\/aromasentia.com\/no\/wp-json\/wp\/v2\/product_cat?post=203392"},{"taxonomy":"product_tag","embeddable":true,"href":"https:\/\/aromasentia.com\/no\/wp-json\/wp\/v2\/product_tag?post=203392"}],"curies":[{"name":"wp","href":"https:\/\/api.w.org\/{rel}","templated":true}]}}