{"id":203389,"date":"2025-03-23T12:08:32","date_gmt":"2025-03-23T12:08:32","guid":{"rendered":"https:\/\/aromasentia.com\/product\/leather-blue-mandala-notebook-18x13-cm\/"},"modified":"2025-05-30T23:55:12","modified_gmt":"2025-05-30T23:55:12","slug":"bla-mandala-notatbok-i-laer-18x13-cm","status":"publish","type":"product","link":"https:\/\/aromasentia.com\/no\/bla-mandala-notatbok-i-laer-18x13-cm\/","title":{"rendered":"Bl\u00e5 Mandala-Notatbok I L\u00e6r (18&#215;13 cm)"},"content":{"rendered":"<p><span style=\"color: rgb(75, 80, 88);\"><strong>H\u00e5ndlaget &nbsp;<\/strong><\/span><strong><span style=\"color: rgb(75, 80, 88);\">Bl\u00e5 mandala i skinn&nbsp;<\/span><span style=\"color: rgb(75, 80, 88);\">Notatbok (18&#215;13 cm)<\/span>&nbsp;<\/strong><span style=\"color: rgb(75, 80, 88);\">, lukket med spenne. Vakre dekorasjoner p\u00e5 omslaget gir sjarm og gir hver notatbok sin egen unike stil.&nbsp;<\/span><\/p>\n<p><span style=\"color: rgb(75, 80, 88);\">Produktet kan brukes som notatbok, dagbok eller skissebok. Den er enkel \u00e5 b\u00e6re, du kan ta den med i vesken n\u00e5r du reiser eller er p\u00e5 forretningsreise. Den kan brukes som dagbok, og du kan skrive ned ideene dine n\u00e5r som helst.<\/span><\/p>\n<p><span style=\"color: rgb(75, 80, 88);\">Perfekt gave til enhver anledning. Den vil glede alle som liker \u00e5 reise, skrive eller tegne.<\/span><\/p>\n<p><span style=\"color: rgb(75, 80, 88);\"><strong>St\u00f8rrelse p\u00e5 notatboken:<\/strong><\/span> Bredde: 15,5 cm, h\u00f8yde 20 cm<\/p>\n<p>Notebok med 200 sider<\/p>\n<p>Bredde: 13 cm, h\u00f8yde 17,5 cm<\/p>\n<p>Notebok med 200 sider<\/p>\n","protected":false},"excerpt":{"rendered":"<p>H\u00e5ndlaget &nbsp;Bl\u00e5 mandala i skinn&nbsp;Notatbok (18&#215;13 cm)&nbsp;, lukket med spenne. Vakre dekorasjoner p\u00e5 omslaget gir sjarm og gir hver notatbok sin egen unike stil.&nbsp; Produktet kan brukes som notatbok, dagbok eller skissebok. Den er enkel \u00e5 b\u00e6re, du kan ta den med i vesken n\u00e5r du reiser eller er p\u00e5 forretningsreise. Den kan brukes som [&hellip;]<\/p>\n","protected":false},"featured_media":438054,"comment_status":"closed","ping_status":"open","template":"","meta":[],"product_brand":[],"product_cat":[8379,8374],"product_tag":[],"class_list":{"0":"post-203389","1":"product","2":"type-product","3":"status-publish","4":"has-post-thumbnail","6":"product_cat-notatboker","7":"product_cat-vintage-gaver-og-suvenirer","8":"pa_collection-leather-notebooks-diaries-no","9":"pa_made-in-india","11":"first","12":"instock","13":"purchasable","14":"product-type-simple"},"supplier_id":null,"supplier_sku":"LBN-04","barcode":null,"atum_controlled":true,"out_stock_date":null,"out_stock_threshold":null,"inheritable":false,"inbound_stock":null,"stock_on_hold":0,"sold_today":0,"sales_last_days":0,"reserved_stock":null,"customer_returns":null,"warehouse_damage":null,"lost_in_post":null,"other_logs":null,"out_stock_days":0,"lost_sales":0,"has_location":null,"update_date":"2026-02-03T11:29:46","atum_locations":[],"atum_stock_status":"instock","restock_status":false,"low_stock_amount":"","sales_update_date":"2025-09-03T00:15:13","calc_backorders":null,"_links":{"self":[{"href":"https:\/\/aromasentia.com\/no\/wp-json\/wp\/v2\/product\/203389","targetHints":{"allow":["GET"]}}],"collection":[{"href":"https:\/\/aromasentia.com\/no\/wp-json\/wp\/v2\/product"}],"about":[{"href":"https:\/\/aromasentia.com\/no\/wp-json\/wp\/v2\/types\/product"}],"replies":[{"embeddable":true,"href":"https:\/\/aromasentia.com\/no\/wp-json\/wp\/v2\/comments?post=203389"}],"version-history":[{"count":0,"href":"https:\/\/aromasentia.com\/no\/wp-json\/wp\/v2\/product\/203389\/revisions"}],"wp:featuredmedia":[{"embeddable":true,"href":"https:\/\/aromasentia.com\/no\/wp-json\/wp\/v2\/media\/438054"}],"wp:attachment":[{"href":"https:\/\/aromasentia.com\/no\/wp-json\/wp\/v2\/media?parent=203389"}],"wp:term":[{"taxonomy":"product_brand","embeddable":true,"href":"https:\/\/aromasentia.com\/no\/wp-json\/wp\/v2\/product_brand?post=203389"},{"taxonomy":"product_cat","embeddable":true,"href":"https:\/\/aromasentia.com\/no\/wp-json\/wp\/v2\/product_cat?post=203389"},{"taxonomy":"product_tag","embeddable":true,"href":"https:\/\/aromasentia.com\/no\/wp-json\/wp\/v2\/product_tag?post=203389"}],"curies":[{"name":"wp","href":"https:\/\/api.w.org\/{rel}","templated":true}]}}