{"id":203386,"date":"2025-03-23T12:08:32","date_gmt":"2025-03-23T12:08:32","guid":{"rendered":"https:\/\/aromasentia.com\/product\/leather-moonstone-with-belts-notebook-15x10-cm\/"},"modified":"2025-05-30T23:55:02","modified_gmt":"2025-05-30T23:55:02","slug":"manestein-i-laer-med-belter-notatbok-15x10-cm","status":"publish","type":"product","link":"https:\/\/aromasentia.com\/no\/manestein-i-laer-med-belter-notatbok-15x10-cm\/","title":{"rendered":"M\u00e5nestein I L\u00e6r med Belter Notatbok 15&#215;10 cm"},"content":{"rendered":"<p><span style=\"color: rgb(75, 80, 88);\"><strong>Leather Moonstone with Belts Notebook 15&#215;10 cm<\/strong>er journalb\u00f8ker med l\u00e6romslag. Den perfekte gaven til mange anledninger. Ta med litt \u00abGame of Thrones\u00bb-magi til butikken din. Detaljer inkluderer spenner, metalll\u00e5ser, omsluttende remmer og brente kanter (se nr. 06). Hver notatbok har sin egen unike stil og form\u00e5l. F.eks. verdenskartdesign for en reisedagbok. B\u00f8kene kan brukes som notatb\u00f8ker, dagb\u00f8ker eller skisseb\u00f8ker.<\/span><\/p>\n<p><span style=\"color: rgb(75, 80, 88);\"><em>\u2714 Popul\u00e6r gave til oppvekst<\/em><\/span><\/p>\n<p><em><span style=\"color: rgb(75, 80, 88);\">\u2714 Flott utstilling i butikken &#8211; raskt salg<\/span><\/em><\/p>\n<p><span style=\"color: rgb(75, 80, 88);\"><em>\u2714 Store b\u00f8ker p\u00e5 200 sider &#8211; laget med milj\u00f8vennlig papir<\/em><\/span><\/p>\n","protected":false},"excerpt":{"rendered":"<p>Leather Moonstone with Belts Notebook 15&#215;10 cmer journalb\u00f8ker med l\u00e6romslag. Den perfekte gaven til mange anledninger. Ta med litt \u00abGame of Thrones\u00bb-magi til butikken din. Detaljer inkluderer spenner, metalll\u00e5ser, omsluttende remmer og brente kanter (se nr. 06). Hver notatbok har sin egen unike stil og form\u00e5l. F.eks. verdenskartdesign for en reisedagbok. B\u00f8kene kan brukes som [&hellip;]<\/p>\n","protected":false},"featured_media":438618,"comment_status":"closed","ping_status":"open","template":"","meta":[],"product_brand":[],"product_cat":[25221,25689,8379,8374],"product_tag":[],"class_list":{"0":"post-203386","1":"product","2":"type-product","3":"status-publish","4":"has-post-thumbnail","6":"product_cat-krystaller-edelsteiner","7":"product_cat-manestein","8":"product_cat-notatboker","9":"product_cat-vintage-gaver-og-suvenirer","10":"pa_collection-leather-notebooks-diaries-no","11":"pa_made-in-india","13":"first","14":"instock","15":"purchasable","16":"product-type-simple"},"supplier_id":null,"supplier_sku":"LBN-16","barcode":null,"atum_controlled":true,"out_stock_date":null,"out_stock_threshold":null,"inheritable":false,"inbound_stock":null,"stock_on_hold":0,"sold_today":0,"sales_last_days":0,"reserved_stock":null,"customer_returns":null,"warehouse_damage":null,"lost_in_post":null,"other_logs":null,"out_stock_days":0,"lost_sales":0,"has_location":null,"update_date":"2026-02-11T09:36:59","atum_locations":[],"atum_stock_status":"instock","restock_status":false,"low_stock_amount":"","sales_update_date":"2025-09-03T00:15:13","calc_backorders":null,"_links":{"self":[{"href":"https:\/\/aromasentia.com\/no\/wp-json\/wp\/v2\/product\/203386","targetHints":{"allow":["GET"]}}],"collection":[{"href":"https:\/\/aromasentia.com\/no\/wp-json\/wp\/v2\/product"}],"about":[{"href":"https:\/\/aromasentia.com\/no\/wp-json\/wp\/v2\/types\/product"}],"replies":[{"embeddable":true,"href":"https:\/\/aromasentia.com\/no\/wp-json\/wp\/v2\/comments?post=203386"}],"version-history":[{"count":0,"href":"https:\/\/aromasentia.com\/no\/wp-json\/wp\/v2\/product\/203386\/revisions"}],"wp:featuredmedia":[{"embeddable":true,"href":"https:\/\/aromasentia.com\/no\/wp-json\/wp\/v2\/media\/438618"}],"wp:attachment":[{"href":"https:\/\/aromasentia.com\/no\/wp-json\/wp\/v2\/media?parent=203386"}],"wp:term":[{"taxonomy":"product_brand","embeddable":true,"href":"https:\/\/aromasentia.com\/no\/wp-json\/wp\/v2\/product_brand?post=203386"},{"taxonomy":"product_cat","embeddable":true,"href":"https:\/\/aromasentia.com\/no\/wp-json\/wp\/v2\/product_cat?post=203386"},{"taxonomy":"product_tag","embeddable":true,"href":"https:\/\/aromasentia.com\/no\/wp-json\/wp\/v2\/product_tag?post=203386"}],"curies":[{"name":"wp","href":"https:\/\/api.w.org\/{rel}","templated":true}]}}