{"id":203381,"date":"2025-03-23T12:08:32","date_gmt":"2025-03-23T12:08:32","guid":{"rendered":"https:\/\/aromasentia.com\/product\/leather-chakra-stone-notebook-22-5x15cm\/"},"modified":"2025-05-30T23:54:49","modified_gmt":"2025-05-30T23:54:49","slug":"chakra-stone-notebook-i-laer-225x15-cm","status":"publish","type":"product","link":"https:\/\/aromasentia.com\/no\/chakra-stone-notebook-i-laer-225x15-cm\/","title":{"rendered":"Chakra Stone Notebook I L\u00e6r (22,5&#215;15 cm)"},"content":{"rendered":"<p><span style=\"color: rgb(75, 80, 88);\">Notatbok i skinn med chakrastein (22,5 x 15 cm). Den perfekte gaven til mange anledninger. Ta med litt \u00abGame of Thrones\u00bb-magi til butikken din. Detaljer inkluderer spenner, metalll\u00e5ser, omsluttende remmer og brente kanter (se nr. 06). Hver notatbok har sin egen unike stil og form\u00e5l. F.eks. verdenskartdesign for en reisedagbok. B\u00f8kene kan brukes som notatb\u00f8ker, dagb\u00f8ker eller skisseb\u00f8ker.<\/span><\/p>\n<p><span style=\"color: rgb(75, 80, 88);\"><em>\u2714 Popul\u00e6r gave til oppvekst<\/em><\/span><\/p>\n<p><em><span style=\"color: rgb(75, 80, 88);\">\u2714 Flott utstilling i butikken &#8211; raskt salg<\/span><\/em><\/p>\n<p><span style=\"color: rgb(75, 80, 88);\"><em>\u2714 Store b\u00f8ker p\u00e5 200 sider &#8211; laget med milj\u00f8vennlig papir<\/em><\/span><\/p>\n","protected":false},"excerpt":{"rendered":"<p>Notatbok i skinn med chakrastein (22,5 x 15 cm). Den perfekte gaven til mange anledninger. Ta med litt \u00abGame of Thrones\u00bb-magi til butikken din. Detaljer inkluderer spenner, metalll\u00e5ser, omsluttende remmer og brente kanter (se nr. 06). Hver notatbok har sin egen unike stil og form\u00e5l. F.eks. verdenskartdesign for en reisedagbok. B\u00f8kene kan brukes som notatb\u00f8ker, [&hellip;]<\/p>\n","protected":false},"featured_media":438493,"comment_status":"closed","ping_status":"open","template":"","meta":[],"product_brand":[],"product_cat":[8379,8374],"product_tag":[],"class_list":{"0":"post-203381","1":"product","2":"type-product","3":"status-publish","4":"has-post-thumbnail","6":"product_cat-notatboker","7":"product_cat-vintage-gaver-og-suvenirer","8":"pa_collection-leather-notebooks-diaries-no","9":"pa_made-in-india","11":"first","12":"instock","13":"purchasable","14":"product-type-simple"},"supplier_id":null,"supplier_sku":"LBN-11","barcode":null,"atum_controlled":true,"out_stock_date":null,"out_stock_threshold":null,"inheritable":false,"inbound_stock":null,"stock_on_hold":0,"sold_today":0,"sales_last_days":0,"reserved_stock":null,"customer_returns":null,"warehouse_damage":null,"lost_in_post":null,"other_logs":null,"out_stock_days":0,"lost_sales":0,"has_location":null,"update_date":"2026-02-10T03:21:26","atum_locations":[],"atum_stock_status":"instock","restock_status":false,"low_stock_amount":"","sales_update_date":"2026-01-30T01:24:36","calc_backorders":null,"_links":{"self":[{"href":"https:\/\/aromasentia.com\/no\/wp-json\/wp\/v2\/product\/203381","targetHints":{"allow":["GET"]}}],"collection":[{"href":"https:\/\/aromasentia.com\/no\/wp-json\/wp\/v2\/product"}],"about":[{"href":"https:\/\/aromasentia.com\/no\/wp-json\/wp\/v2\/types\/product"}],"replies":[{"embeddable":true,"href":"https:\/\/aromasentia.com\/no\/wp-json\/wp\/v2\/comments?post=203381"}],"version-history":[{"count":0,"href":"https:\/\/aromasentia.com\/no\/wp-json\/wp\/v2\/product\/203381\/revisions"}],"wp:featuredmedia":[{"embeddable":true,"href":"https:\/\/aromasentia.com\/no\/wp-json\/wp\/v2\/media\/438493"}],"wp:attachment":[{"href":"https:\/\/aromasentia.com\/no\/wp-json\/wp\/v2\/media?parent=203381"}],"wp:term":[{"taxonomy":"product_brand","embeddable":true,"href":"https:\/\/aromasentia.com\/no\/wp-json\/wp\/v2\/product_brand?post=203381"},{"taxonomy":"product_cat","embeddable":true,"href":"https:\/\/aromasentia.com\/no\/wp-json\/wp\/v2\/product_cat?post=203381"},{"taxonomy":"product_tag","embeddable":true,"href":"https:\/\/aromasentia.com\/no\/wp-json\/wp\/v2\/product_tag?post=203381"}],"curies":[{"name":"wp","href":"https:\/\/api.w.org\/{rel}","templated":true}]}}