{"id":203377,"date":"2025-03-23T12:08:32","date_gmt":"2025-03-23T12:08:32","guid":{"rendered":"https:\/\/aromasentia.com\/product\/leather-book-of-thoughts-with-wrap-notebook-15x10\/"},"modified":"2025-05-30T23:54:41","modified_gmt":"2025-05-30T23:54:41","slug":"tankebok-i-laer-med-omslagsbok-15x10","status":"publish","type":"product","link":"https:\/\/aromasentia.com\/no\/tankebok-i-laer-med-omslagsbok-15x10\/","title":{"rendered":"Tankebok I L\u00e6r med Omslagsbok (15&#215;10&#8243;)"},"content":{"rendered":"<p><span style=\"color: rgb(75, 80, 88);\"><strong>H\u00e5ndlaget &nbsp;<\/strong><\/span><strong><span style=\"color: rgb(75, 80, 88);\">Tankebok i skinn med omslag&nbsp;<\/span><span style=\"color: rgb(75, 80, 88);\"><strong>med skinnomslag<\/strong>, lukket med spenne. Vakre dekorasjoner p\u00e5 omslaget gir sjarm og gir hver notatbok sin egen unike stil.&nbsp;<\/span><\/p>\n<p><span style=\"color: rgb(75, 80, 88);\">Produktet kan brukes som notatbok, dagbok eller skissebok. Den er enkel \u00e5 b\u00e6re, du kan ta den med i vesken n\u00e5r du reiser eller er p\u00e5 forretningsreise. Den kan brukes som dagbok, og du kan skrive ned ideene dine n\u00e5r som helst.<\/span><\/p>\n<p><span style=\"color: rgb(75, 80, 88);\">Perfekt gave til enhver anledning. Den vil glede alle som liker \u00e5 reise, skrive eller tegne.<\/span><\/p>\n<p><span style=\"color: rgb(75, 80, 88);\"><strong>St\u00f8rrelse p\u00e5 notatboken:<\/strong><\/span> Bredde: 12 cm, h\u00f8yde 15,5 cm<\/p>\n<p>Notebok med 200 sider<\/p>\n","protected":false},"excerpt":{"rendered":"<p>H\u00e5ndlaget &nbsp;Tankebok i skinn med omslag&nbsp;med skinnomslag, lukket med spenne. Vakre dekorasjoner p\u00e5 omslaget gir sjarm og gir hver notatbok sin egen unike stil.&nbsp; Produktet kan brukes som notatbok, dagbok eller skissebok. Den er enkel \u00e5 b\u00e6re, du kan ta den med i vesken n\u00e5r du reiser eller er p\u00e5 forretningsreise. Den kan brukes som [&hellip;]<\/p>\n","protected":false},"featured_media":438225,"comment_status":"closed","ping_status":"open","template":"","meta":{"_angie_page":false},"product_brand":[],"product_cat":[8379,8374],"product_tag":[],"class_list":{"0":"post-203377","1":"product","2":"type-product","3":"status-publish","4":"has-post-thumbnail","6":"product_cat-notatboker","7":"product_cat-vintage-gaver-og-suvenirer","8":"pa_collection-leather-notebooks-diaries-no","9":"pa_made-in-india","11":"first","12":"instock","13":"purchasable","14":"product-type-simple"},"supplier_id":null,"supplier_sku":"LBN-07","barcode":null,"atum_controlled":true,"out_stock_date":null,"out_stock_threshold":null,"inheritable":false,"inbound_stock":null,"stock_on_hold":0,"sold_today":0,"sales_last_days":0,"reserved_stock":null,"customer_returns":null,"warehouse_damage":null,"lost_in_post":null,"other_logs":null,"out_stock_days":0,"lost_sales":0,"has_location":null,"update_date":"2026-04-27T07:10:35","atum_locations":[],"atum_stock_status":"instock","restock_status":false,"low_stock_amount":"","sales_update_date":"2025-09-03T00:15:09","calc_backorders":null,"_links":{"self":[{"href":"https:\/\/aromasentia.com\/no\/wp-json\/wp\/v2\/product\/203377","targetHints":{"allow":["GET"]}}],"collection":[{"href":"https:\/\/aromasentia.com\/no\/wp-json\/wp\/v2\/product"}],"about":[{"href":"https:\/\/aromasentia.com\/no\/wp-json\/wp\/v2\/types\/product"}],"replies":[{"embeddable":true,"href":"https:\/\/aromasentia.com\/no\/wp-json\/wp\/v2\/comments?post=203377"}],"version-history":[{"count":0,"href":"https:\/\/aromasentia.com\/no\/wp-json\/wp\/v2\/product\/203377\/revisions"}],"wp:featuredmedia":[{"embeddable":true,"href":"https:\/\/aromasentia.com\/no\/wp-json\/wp\/v2\/media\/438225"}],"wp:attachment":[{"href":"https:\/\/aromasentia.com\/no\/wp-json\/wp\/v2\/media?parent=203377"}],"wp:term":[{"taxonomy":"product_brand","embeddable":true,"href":"https:\/\/aromasentia.com\/no\/wp-json\/wp\/v2\/product_brand?post=203377"},{"taxonomy":"product_cat","embeddable":true,"href":"https:\/\/aromasentia.com\/no\/wp-json\/wp\/v2\/product_cat?post=203377"},{"taxonomy":"product_tag","embeddable":true,"href":"https:\/\/aromasentia.com\/no\/wp-json\/wp\/v2\/product_tag?post=203377"}],"curies":[{"name":"wp","href":"https:\/\/api.w.org\/{rel}","templated":true}]}}