{"id":203375,"date":"2025-03-23T12:10:29","date_gmt":"2025-03-23T12:10:29","guid":{"rendered":"https:\/\/aromasentia.com\/product\/rolled-leather-travel-notebook-96-pages-black-21x15cm\/"},"modified":"2025-05-30T23:54:35","modified_gmt":"2025-05-30T23:54:35","slug":"reisehefte-i-rulleskinn-96-sider-svart-21x15-cm","status":"publish","type":"product","link":"https:\/\/aromasentia.com\/no\/reisehefte-i-rulleskinn-96-sider-svart-21x15-cm\/","title":{"rendered":"Reisehefte I Rulleskinn &#8211; 96 Sider &#8211; Svart 21&#215;15 cm"},"content":{"rendered":"<p><span style=\"color: rgb(75, 80, 88);\"><strong>Vi introduserer v\u00e5r reisenotatbok i rullet skinn, en elegant og allsidig f\u00f8lgesvenn som m\u00e5ler hele 21 x 15 cm og har 96 sider av f\u00f8rsteklasses kvalitet.<\/strong><\/span><\/p>\n<p><span style=\"color: rgb(75, 80, 88);\">Denne notatboken er laget med presisjon og kombinerer praktisk bruk med et snev av raffinement. Den er dekket av et elegant svart skinnomslag og utstr\u00e5ler en diskr\u00e9 eleganse, noe som gj\u00f8r den til en tidl\u00f8s klassiker for dine daglige behov.<\/span><\/p>\n<p><span style=\"color: rgb(75, 80, 88);\">Denne notatboken er designet for de som alltid er p\u00e5 farten, og er perfekt egnet for reisende, forretningsfolk og alle som trenger en p\u00e5litelig notisblokk. Den kompakte st\u00f8rrelsen gj\u00f8r at den enkelt f\u00e5r plass i vesken, slik at du har en p\u00e5litelig plass til \u00e5 notere ned tanker, ideer og skisser n\u00e5r inspirasjonen melder seg.<\/span><\/p>\n<p><span style=\"color: rgb(75, 80, 88);\">Enten den er til dagbokskriving, notatskriving eller bare dagbokskriving, er denne reisenotatboken din p\u00e5litelige f\u00f8lgesvenn. De 96 sidene gir god plass til dine kreative uttrykk og journalf\u00f8ring.<\/span><\/p>\n<p><span style=\"color: rgb(75, 80, 88);\"><strong>Denne allsidige notatboken er en ideell gave, egnet for ulike anledninger.<\/strong> Det elegante, svarte designet appellerer til b\u00e5de menn og kvinner, noe som gj\u00f8r den til en omtenksom gave til de som setter pris p\u00e5 skrivekunsten.<\/span><\/p>\n<p><span style=\"color: rgb(75, 80, 88);\"><strong>Oppdag den perfekte blandingen av funksjonalitet og raffinement med v\u00e5r rullede l\u00e6rreisebok \u2013 et viktig tillegg til hverdagen din, klar til \u00e5 fange tankene dine med stil.<\/strong><\/span><\/p>\n","protected":false},"excerpt":{"rendered":"<p>Vi introduserer v\u00e5r reisenotatbok i rullet skinn, en elegant og allsidig f\u00f8lgesvenn som m\u00e5ler hele 21 x 15 cm og har 96 sider av f\u00f8rsteklasses kvalitet. Denne notatboken er laget med presisjon og kombinerer praktisk bruk med et snev av raffinement. Den er dekket av et elegant svart skinnomslag og utstr\u00e5ler en diskr\u00e9 eleganse, noe [&hellip;]<\/p>\n","protected":false},"featured_media":439024,"comment_status":"closed","ping_status":"open","template":"","meta":{"_angie_page":false},"product_brand":[],"product_cat":[8379,8374],"product_tag":[],"class_list":{"0":"post-203375","1":"product","2":"type-product","3":"status-publish","4":"has-post-thumbnail","6":"product_cat-notatboker","7":"product_cat-vintage-gaver-og-suvenirer","8":"pa_collection-leather-notebooks-diaries-no","9":"pa_made-in-india","11":"first","12":"instock","13":"purchasable","14":"product-type-simple"},"supplier_id":null,"supplier_sku":"LBN-33","barcode":null,"atum_controlled":true,"out_stock_date":null,"out_stock_threshold":null,"inheritable":false,"inbound_stock":null,"stock_on_hold":0,"sold_today":0,"sales_last_days":0,"reserved_stock":null,"customer_returns":null,"warehouse_damage":null,"lost_in_post":null,"other_logs":null,"out_stock_days":0,"lost_sales":0,"has_location":null,"update_date":"2026-04-27T07:10:42","atum_locations":[],"atum_stock_status":"instock","restock_status":false,"low_stock_amount":"","sales_update_date":"2026-02-06T00:00:49","calc_backorders":null,"_links":{"self":[{"href":"https:\/\/aromasentia.com\/no\/wp-json\/wp\/v2\/product\/203375","targetHints":{"allow":["GET"]}}],"collection":[{"href":"https:\/\/aromasentia.com\/no\/wp-json\/wp\/v2\/product"}],"about":[{"href":"https:\/\/aromasentia.com\/no\/wp-json\/wp\/v2\/types\/product"}],"replies":[{"embeddable":true,"href":"https:\/\/aromasentia.com\/no\/wp-json\/wp\/v2\/comments?post=203375"}],"version-history":[{"count":0,"href":"https:\/\/aromasentia.com\/no\/wp-json\/wp\/v2\/product\/203375\/revisions"}],"wp:featuredmedia":[{"embeddable":true,"href":"https:\/\/aromasentia.com\/no\/wp-json\/wp\/v2\/media\/439024"}],"wp:attachment":[{"href":"https:\/\/aromasentia.com\/no\/wp-json\/wp\/v2\/media?parent=203375"}],"wp:term":[{"taxonomy":"product_brand","embeddable":true,"href":"https:\/\/aromasentia.com\/no\/wp-json\/wp\/v2\/product_brand?post=203375"},{"taxonomy":"product_cat","embeddable":true,"href":"https:\/\/aromasentia.com\/no\/wp-json\/wp\/v2\/product_cat?post=203375"},{"taxonomy":"product_tag","embeddable":true,"href":"https:\/\/aromasentia.com\/no\/wp-json\/wp\/v2\/product_tag?post=203375"}],"curies":[{"name":"wp","href":"https:\/\/api.w.org\/{rel}","templated":true}]}}