{"id":203374,"date":"2025-03-23T12:10:29","date_gmt":"2025-03-23T12:10:29","guid":{"rendered":"https:\/\/aromasentia.com\/product\/rolled-leather-travel-notebook-96-pages-green-21x15cm\/"},"modified":"2025-05-30T23:54:33","modified_gmt":"2025-05-30T23:54:33","slug":"reisehefte-i-rulleskinn-96-sider-gronn-21x15cm","status":"publish","type":"product","link":"https:\/\/aromasentia.com\/no\/reisehefte-i-rulleskinn-96-sider-gronn-21x15cm\/","title":{"rendered":"Reisehefte I Rulleskinn &#8211; 96 Sider &#8211; Gr\u00f8nn 21x15cm"},"content":{"rendered":"<p><span style=\"color: rgb(75, 80, 88);\">Vi introduserer v\u00e5r <strong>reisebok i rullet skinn i en sl\u00e5ende gr\u00f8nnfarge, romslig p\u00e5 21 x 15 cm og fylt med 96 sider med muligheter.<\/strong><\/span><\/p>\n<p><span style=\"color: rgb(75, 80, 88);\">Denne reiseboken er laget med fokus p\u00e5 detaljer og blander stil og nytteverdi s\u00f8ml\u00f8st. Det elegante skinnomslaget gir den et elegant preg, noe som ikke bare gj\u00f8r den til en funksjonell skrivef\u00f8lge, men ogs\u00e5 et blikkfang.<\/span><\/p>\n<p><span style=\"color: rgb(75, 80, 88);\">Denne notatboken er designet for de som er p\u00e5 farten, og den kompakte st\u00f8rrelsen passer perfekt i vesken din. Dette gj\u00f8r den til en p\u00e5litelig reisef\u00f8lge for \u00e5 notere, dokumentere reisen eller bare fange opp tankene dine p\u00e5 farten.<\/span><\/p>\n<p><span style=\"color: rgb(75, 80, 88);\">Med 96 sider til disposisjon er det god plass til kreativitet. Enten du bruker den som en dagbok, skissebok eller til hverdagsnotatskriving, er denne reisenotatboken et lerret for uttrykk.<\/span><\/p>\n<p><span style=\"color: rgb(75, 80, 88);\">Det er den perfekte gaven til enhver anledning, egnet for b\u00e5de menn og kvinner som setter pris p\u00e5 blandingen av form og funksjon. Den tidl\u00f8se appellen og den klassiske gr\u00f8nnfargen gj\u00f8r den til et allsidig valg for alle.<\/span><\/p>\n<p><span style=\"color: rgb(75, 80, 88);\"><strong>Gj\u00f8r skriveopplevelsen din bedre med reisenotatboken i rullet skinn \u2013 der stil m\u00f8ter substans i en kompakt pakke p\u00e5 21 x 15 cm, klar til \u00e5 f\u00f8lge deg p\u00e5 eventyrene dine.<\/strong><\/span><\/p>\n","protected":false},"excerpt":{"rendered":"<p>Vi introduserer v\u00e5r reisebok i rullet skinn i en sl\u00e5ende gr\u00f8nnfarge, romslig p\u00e5 21 x 15 cm og fylt med 96 sider med muligheter. Denne reiseboken er laget med fokus p\u00e5 detaljer og blander stil og nytteverdi s\u00f8ml\u00f8st. Det elegante skinnomslaget gir den et elegant preg, noe som ikke bare gj\u00f8r den til en funksjonell [&hellip;]<\/p>\n","protected":false},"featured_media":438999,"comment_status":"closed","ping_status":"open","template":"","meta":{"_angie_page":false},"product_brand":[],"product_cat":[8379,8374],"product_tag":[],"class_list":{"0":"post-203374","1":"product","2":"type-product","3":"status-publish","4":"has-post-thumbnail","6":"product_cat-notatboker","7":"product_cat-vintage-gaver-og-suvenirer","8":"pa_collection-leather-notebooks-diaries-no","9":"pa_made-in-india","11":"first","12":"instock","13":"purchasable","14":"product-type-simple"},"supplier_id":null,"supplier_sku":"LBN-32","barcode":null,"atum_controlled":true,"out_stock_date":null,"out_stock_threshold":null,"inheritable":false,"inbound_stock":null,"stock_on_hold":0,"sold_today":0,"sales_last_days":0,"reserved_stock":null,"customer_returns":null,"warehouse_damage":null,"lost_in_post":null,"other_logs":null,"out_stock_days":0,"lost_sales":0,"has_location":null,"update_date":"2026-04-27T07:10:42","atum_locations":[],"atum_stock_status":"instock","restock_status":false,"low_stock_amount":"","sales_update_date":"2026-01-30T01:26:08","calc_backorders":null,"_links":{"self":[{"href":"https:\/\/aromasentia.com\/no\/wp-json\/wp\/v2\/product\/203374","targetHints":{"allow":["GET"]}}],"collection":[{"href":"https:\/\/aromasentia.com\/no\/wp-json\/wp\/v2\/product"}],"about":[{"href":"https:\/\/aromasentia.com\/no\/wp-json\/wp\/v2\/types\/product"}],"replies":[{"embeddable":true,"href":"https:\/\/aromasentia.com\/no\/wp-json\/wp\/v2\/comments?post=203374"}],"version-history":[{"count":0,"href":"https:\/\/aromasentia.com\/no\/wp-json\/wp\/v2\/product\/203374\/revisions"}],"wp:featuredmedia":[{"embeddable":true,"href":"https:\/\/aromasentia.com\/no\/wp-json\/wp\/v2\/media\/438999"}],"wp:attachment":[{"href":"https:\/\/aromasentia.com\/no\/wp-json\/wp\/v2\/media?parent=203374"}],"wp:term":[{"taxonomy":"product_brand","embeddable":true,"href":"https:\/\/aromasentia.com\/no\/wp-json\/wp\/v2\/product_brand?post=203374"},{"taxonomy":"product_cat","embeddable":true,"href":"https:\/\/aromasentia.com\/no\/wp-json\/wp\/v2\/product_cat?post=203374"},{"taxonomy":"product_tag","embeddable":true,"href":"https:\/\/aromasentia.com\/no\/wp-json\/wp\/v2\/product_tag?post=203374"}],"curies":[{"name":"wp","href":"https:\/\/api.w.org\/{rel}","templated":true}]}}