{"id":203373,"date":"2025-03-23T12:10:29","date_gmt":"2025-03-23T12:10:29","guid":{"rendered":"https:\/\/aromasentia.com\/product\/rolled-leather-travel-notebook-96-pages-natural-21x15cm\/"},"modified":"2025-05-30T23:54:31","modified_gmt":"2025-05-30T23:54:31","slug":"reisehefte-i-rulleskinn-96-sider-naturell-21x15cm","status":"publish","type":"product","link":"https:\/\/aromasentia.com\/no\/reisehefte-i-rulleskinn-96-sider-naturell-21x15cm\/","title":{"rendered":"Reisehefte I Rulleskinn &#8211; 96 Sider &#8211; Naturell 21x15cm"},"content":{"rendered":"<p><span style=\"color: rgb(75, 80, 88);\">Vi introduserer v\u00e5r **Rolled Leather Travel Notebook**, en allsidig f\u00f8lgesvenn for din kreative reise. Denne uts\u00f8kte notatboken m\u00e5ler sjener\u00f8se 21 x 15 cm og har et naturlig, usmykket skinnomslag som fremhever den rustikke elegansen.<\/span><\/p>\n<p><span style=\"color: rgb(75, 80, 88);\">Disse notatb\u00f8kene er laget med fokus p\u00e5 detaljer og designet for \u00e5 f\u00f8lge deg p\u00e5 eventyr. Med 96 sider med h\u00f8ykvalitetspapir gir de god plass til notater, skisser eller dagbokinnlegg mens du er p\u00e5 farten.<\/span><\/p>\n<p><span style=\"color: rgb(75, 80, 88);\">Enkelheten til det naturlige skinnomslaget utstr\u00e5ler en tidl\u00f8s sjarm, noe som gj\u00f8r det egnet for en rekke bruksomr\u00e5der. Enten du skriver ned reiseminner, skriver ned tankene dine eller skisserer omgivelsene dine, er denne notatboken det perfekte lerretet for kreativiteten din.<\/span><\/p>\n<p><span style=\"color: rgb(75, 80, 88);\">Denne reisenotatboken i rullet skinn er ogs\u00e5 et gjennomtenkt gavevalg. Det klassiske designet appellerer til b\u00e5de menn og kvinner, og allsidigheten sikrer at den blir godt mottatt til enhver anledning.<\/span><\/p>\n<p><span style=\"color: rgb(75, 80, 88);\"><strong>Kompakt og enkel \u00e5 b\u00e6re, den er en ideell f\u00f8lgesvenn for reisende og de som setter pris p\u00e5 den taktile opplevelsen av \u00e5 skrive eller tegne p\u00e5 papir.<\/strong><\/span><\/p>\n<p><span style=\"color: rgb(75, 80, 88);\">G\u00e5 notisopplevelsen din til et nytt niv\u00e5 med reisenotatboken i rullet skinn, en blanding av enkelhet og raffinement som er klar til \u00e5 fange tankene dine uansett hvor du ferdes.<\/span><\/p>\n","protected":false},"excerpt":{"rendered":"<p>Vi introduserer v\u00e5r **Rolled Leather Travel Notebook**, en allsidig f\u00f8lgesvenn for din kreative reise. Denne uts\u00f8kte notatboken m\u00e5ler sjener\u00f8se 21 x 15 cm og har et naturlig, usmykket skinnomslag som fremhever den rustikke elegansen. Disse notatb\u00f8kene er laget med fokus p\u00e5 detaljer og designet for \u00e5 f\u00f8lge deg p\u00e5 eventyr. Med 96 sider med h\u00f8ykvalitetspapir [&hellip;]<\/p>\n","protected":false},"featured_media":438974,"comment_status":"closed","ping_status":"open","template":"","meta":[],"product_brand":[],"product_cat":[8379,8374],"product_tag":[],"class_list":{"0":"post-203373","1":"product","2":"type-product","3":"status-publish","4":"has-post-thumbnail","6":"product_cat-notatboker","7":"product_cat-vintage-gaver-og-suvenirer","8":"pa_collection-leather-notebooks-diaries-no","9":"pa_made-in-india","11":"first","12":"instock","13":"purchasable","14":"product-type-simple"},"supplier_id":null,"supplier_sku":"LBN-31","barcode":null,"atum_controlled":true,"out_stock_date":null,"out_stock_threshold":null,"inheritable":false,"inbound_stock":null,"stock_on_hold":0,"sold_today":0,"sales_last_days":0,"reserved_stock":null,"customer_returns":null,"warehouse_damage":null,"lost_in_post":null,"other_logs":null,"out_stock_days":0,"lost_sales":0,"has_location":null,"update_date":"2026-02-10T16:29:03","atum_locations":[],"atum_stock_status":"instock","restock_status":false,"low_stock_amount":"","sales_update_date":"2026-01-30T01:24:45","calc_backorders":null,"_links":{"self":[{"href":"https:\/\/aromasentia.com\/no\/wp-json\/wp\/v2\/product\/203373","targetHints":{"allow":["GET"]}}],"collection":[{"href":"https:\/\/aromasentia.com\/no\/wp-json\/wp\/v2\/product"}],"about":[{"href":"https:\/\/aromasentia.com\/no\/wp-json\/wp\/v2\/types\/product"}],"replies":[{"embeddable":true,"href":"https:\/\/aromasentia.com\/no\/wp-json\/wp\/v2\/comments?post=203373"}],"version-history":[{"count":0,"href":"https:\/\/aromasentia.com\/no\/wp-json\/wp\/v2\/product\/203373\/revisions"}],"wp:featuredmedia":[{"embeddable":true,"href":"https:\/\/aromasentia.com\/no\/wp-json\/wp\/v2\/media\/438974"}],"wp:attachment":[{"href":"https:\/\/aromasentia.com\/no\/wp-json\/wp\/v2\/media?parent=203373"}],"wp:term":[{"taxonomy":"product_brand","embeddable":true,"href":"https:\/\/aromasentia.com\/no\/wp-json\/wp\/v2\/product_brand?post=203373"},{"taxonomy":"product_cat","embeddable":true,"href":"https:\/\/aromasentia.com\/no\/wp-json\/wp\/v2\/product_cat?post=203373"},{"taxonomy":"product_tag","embeddable":true,"href":"https:\/\/aromasentia.com\/no\/wp-json\/wp\/v2\/product_tag?post=203373"}],"curies":[{"name":"wp","href":"https:\/\/api.w.org\/{rel}","templated":true}]}}