{"id":203372,"date":"2025-03-23T12:10:29","date_gmt":"2025-03-23T12:10:29","guid":{"rendered":"https:\/\/aromasentia.com\/product\/oiled-tan-leather-key-200-pages-13x18cm\/"},"modified":"2025-05-30T23:54:29","modified_gmt":"2025-05-30T23:54:29","slug":"oljet-skinn-og-nokkel-200-sider-13x18cm","status":"publish","type":"product","link":"https:\/\/aromasentia.com\/no\/oljet-skinn-og-nokkel-200-sider-13x18cm\/","title":{"rendered":"Oljet Skinn Og N\u00f8kkel &#8211; 200 Sider &#8211; 13x18Cm"},"content":{"rendered":"<p><span style=\"color: rgb(75, 80, 88);\">Vi introduserer v\u00e5r premium **Notatbok i oljet, brunt skinn med en p\u00e5satt n\u00f8kkel**, med hele 200 sider og et praktisk m\u00e5l p\u00e5 13 x 18 cm.<\/strong><\/span><\/p>\n<p><span style=\"color: rgb(75, 80, 88);\">Denne notatboken er laget med fokus p\u00e5 detaljer, og er en harmonisk blanding av praktisk bruk og estetikk. Det oljete, brune skinnomslaget utstr\u00e5ler raffinement og holdbarhet, noe som gj\u00f8r den til en tidl\u00f8s f\u00f8lgesvenn for enhver skriving eller skissering.<\/span><\/p>\n<p><span style=\"color: rgb(75, 80, 88);\">Det unike tillegget av en p\u00e5satt n\u00f8kkel gir ikke bare et snev av sjarm, men fungerer ogs\u00e5 som et funksjonelt element som sikrer at notatene og ideene dine forblir trygge.<\/span><\/p>\n<p><span style=\"color: rgb(75, 80, 88);\">Denne kompakte, men romslige notatboken er designet for optimal portabilitet. Put den i vesken n\u00e5r du er p\u00e5 farten, s\u00e5 har du et allsidig rom for journalf\u00f8ring, notatskriving, dagbokf\u00f8ring eller skissering, lett tilgjengelig.<\/span><\/p>\n<p><span style=\"color: rgb(75, 80, 88);\"><strong>Det er den ideelle gaven til enhver anledning<\/strong>, som garantert vil glede personer som setter pris p\u00e5 skrivekunsten og sjarmen til ekte l\u00e6r. Denne notatboken passer for b\u00e5de menn og kvinner, og er et allsidig valg som passer for ulike smaker.<\/span><\/p>\n<p><span style=\"color: rgb(75, 80, 88);\">Med en sjener\u00f8s st\u00f8rrelse p\u00e5 13 x 18 cm har denne notatboken 200 sider, noe som gir god plass til dine kreative uttrykk.<\/span><\/p>\n<p><span style=\"color: rgb(75, 80, 88);\"><strong>Gj\u00f8r din daglige notatskriving eller gavegivning et l\u00f8ft med den oljebrune skinnnotatboken med n\u00f8kkel \u2013 et symbol p\u00e5 raffinert h\u00e5ndverk og stil.<\/strong><\/span><\/p>\n","protected":false},"excerpt":{"rendered":"<p>Vi introduserer v\u00e5r premium **Notatbok i oljet, brunt skinn med en p\u00e5satt n\u00f8kkel**, med hele 200 sider og et praktisk m\u00e5l p\u00e5 13 x 18 cm. Denne notatboken er laget med fokus p\u00e5 detaljer, og er en harmonisk blanding av praktisk bruk og estetikk. Det oljete, brune skinnomslaget utstr\u00e5ler raffinement og holdbarhet, noe som gj\u00f8r [&hellip;]<\/p>\n","protected":false},"featured_media":438933,"comment_status":"closed","ping_status":"open","template":"","meta":{"_angie_page":false},"product_brand":[],"product_cat":[8379,8374],"product_tag":[],"class_list":{"0":"post-203372","1":"product","2":"type-product","3":"status-publish","4":"has-post-thumbnail","6":"product_cat-notatboker","7":"product_cat-vintage-gaver-og-suvenirer","8":"pa_collection-leather-notebooks-diaries-no","9":"pa_made-in-india","11":"first","12":"instock","13":"purchasable","14":"product-type-simple"},"supplier_id":null,"supplier_sku":"LBN-30","barcode":null,"atum_controlled":true,"out_stock_date":null,"out_stock_threshold":null,"inheritable":false,"inbound_stock":null,"stock_on_hold":0,"sold_today":0,"sales_last_days":0,"reserved_stock":null,"customer_returns":null,"warehouse_damage":null,"lost_in_post":null,"other_logs":null,"out_stock_days":0,"lost_sales":0,"has_location":null,"update_date":"2026-04-27T07:10:42","atum_locations":[],"atum_stock_status":"instock","restock_status":false,"low_stock_amount":"","sales_update_date":"2026-01-30T01:24:54","calc_backorders":null,"_links":{"self":[{"href":"https:\/\/aromasentia.com\/no\/wp-json\/wp\/v2\/product\/203372","targetHints":{"allow":["GET"]}}],"collection":[{"href":"https:\/\/aromasentia.com\/no\/wp-json\/wp\/v2\/product"}],"about":[{"href":"https:\/\/aromasentia.com\/no\/wp-json\/wp\/v2\/types\/product"}],"replies":[{"embeddable":true,"href":"https:\/\/aromasentia.com\/no\/wp-json\/wp\/v2\/comments?post=203372"}],"version-history":[{"count":0,"href":"https:\/\/aromasentia.com\/no\/wp-json\/wp\/v2\/product\/203372\/revisions"}],"wp:featuredmedia":[{"embeddable":true,"href":"https:\/\/aromasentia.com\/no\/wp-json\/wp\/v2\/media\/438933"}],"wp:attachment":[{"href":"https:\/\/aromasentia.com\/no\/wp-json\/wp\/v2\/media?parent=203372"}],"wp:term":[{"taxonomy":"product_brand","embeddable":true,"href":"https:\/\/aromasentia.com\/no\/wp-json\/wp\/v2\/product_brand?post=203372"},{"taxonomy":"product_cat","embeddable":true,"href":"https:\/\/aromasentia.com\/no\/wp-json\/wp\/v2\/product_cat?post=203372"},{"taxonomy":"product_tag","embeddable":true,"href":"https:\/\/aromasentia.com\/no\/wp-json\/wp\/v2\/product_tag?post=203372"}],"curies":[{"name":"wp","href":"https:\/\/api.w.org\/{rel}","templated":true}]}}