{"id":203368,"date":"2025-03-23T12:10:29","date_gmt":"2025-03-23T12:10:29","guid":{"rendered":"https:\/\/aromasentia.com\/product\/leather-bee-kind-deckle-edge-notebook-7x5\/"},"modified":"2025-05-30T23:54:22","modified_gmt":"2025-05-30T23:54:22","slug":"bee-kind-notatbok-i-laer-med-dekkkant-7x5","status":"publish","type":"product","link":"https:\/\/aromasentia.com\/no\/bee-kind-notatbok-i-laer-med-dekkkant-7x5\/","title":{"rendered":"&laquo;Bee Kind&raquo; Notatbok I L\u00e6r med Dekkkant (7&#215;5&#8243;)"},"content":{"rendered":"<p><span style=\"color: rgb(75, 80, 88);\">H\u00e5ndlaget \u00abBee Kinde\u00bb-skinnnotatbok med dekkkant<\/strong> har sin egen unike stil med fantastiske detaljer som gir den en gammeldags sjarm.<\/span><\/p>\n<p><span style=\"color: rgb(75, 80, 88);\">Laget av skinnomslag av god kvalitet, med blankt vintage-dekkkantpapir (en fj\u00e6raktig, uferdig papirkant), lukket med spenne.<\/span><\/p>\n<p><span style=\"color: rgb(75, 80, 88);\">Lett \u00e5 b\u00e6re, du kan ta den med i vesken n\u00e5r du reiser eller er p\u00e5 forretningsreise som en dagbok, reisenotatbok, notisblokk, dagbok eller skissebok. N\u00e5 kan kundene dine registrere ideene sine n\u00e5r som helst.<\/span><\/p>\n<p><span style=\"color: rgb(75, 80, 88);\">Perfekt gave til enhver anledning, den vil glede alle som liker \u00e5 reise, skrive eller tegne. Ideell for kalligrafi ogs\u00e5.<\/span><\/p>\n<p><span style=\"color: rgb(75, 80, 88);\">M\u00e5l p\u00e5 notatboken: 18 x 13 x 5 cm<\/span><\/p>\n<p><span style=\"color: rgb(141, 186, 216);\"><strong>Gj\u00f8r enkelt salg med denne tidl\u00f8se klassikeren<\/strong><\/span><span style=\"color: rgb(75, 80, 88);\">.<\/span><\/p>\n","protected":false},"excerpt":{"rendered":"<p>H\u00e5ndlaget \u00abBee Kinde\u00bb-skinnnotatbok med dekkkant har sin egen unike stil med fantastiske detaljer som gir den en gammeldags sjarm. Laget av skinnomslag av god kvalitet, med blankt vintage-dekkkantpapir (en fj\u00e6raktig, uferdig papirkant), lukket med spenne. Lett \u00e5 b\u00e6re, du kan ta den med i vesken n\u00e5r du reiser eller er p\u00e5 forretningsreise som en dagbok, [&hellip;]<\/p>\n","protected":false},"featured_media":438785,"comment_status":"closed","ping_status":"open","template":"","meta":[],"product_brand":[],"product_cat":[8379,8374],"product_tag":[],"class_list":{"0":"post-203368","1":"product","2":"type-product","3":"status-publish","4":"has-post-thumbnail","6":"product_cat-notatboker","7":"product_cat-vintage-gaver-og-suvenirer","8":"pa_collection-leather-notebooks-diaries-no","9":"pa_made-in-india","11":"first","12":"instock","13":"purchasable","14":"product-type-simple"},"supplier_id":null,"supplier_sku":"LBN-23","barcode":null,"atum_controlled":true,"out_stock_date":null,"out_stock_threshold":null,"inheritable":false,"inbound_stock":null,"stock_on_hold":0,"sold_today":0,"sales_last_days":0,"reserved_stock":null,"customer_returns":null,"warehouse_damage":null,"lost_in_post":null,"other_logs":null,"out_stock_days":0,"lost_sales":0,"has_location":null,"update_date":"2026-02-06T00:02:00","atum_locations":[],"atum_stock_status":"instock","restock_status":false,"low_stock_amount":"","sales_update_date":"2026-02-06T00:02:00","calc_backorders":null,"_links":{"self":[{"href":"https:\/\/aromasentia.com\/no\/wp-json\/wp\/v2\/product\/203368","targetHints":{"allow":["GET"]}}],"collection":[{"href":"https:\/\/aromasentia.com\/no\/wp-json\/wp\/v2\/product"}],"about":[{"href":"https:\/\/aromasentia.com\/no\/wp-json\/wp\/v2\/types\/product"}],"replies":[{"embeddable":true,"href":"https:\/\/aromasentia.com\/no\/wp-json\/wp\/v2\/comments?post=203368"}],"version-history":[{"count":0,"href":"https:\/\/aromasentia.com\/no\/wp-json\/wp\/v2\/product\/203368\/revisions"}],"wp:featuredmedia":[{"embeddable":true,"href":"https:\/\/aromasentia.com\/no\/wp-json\/wp\/v2\/media\/438785"}],"wp:attachment":[{"href":"https:\/\/aromasentia.com\/no\/wp-json\/wp\/v2\/media?parent=203368"}],"wp:term":[{"taxonomy":"product_brand","embeddable":true,"href":"https:\/\/aromasentia.com\/no\/wp-json\/wp\/v2\/product_brand?post=203368"},{"taxonomy":"product_cat","embeddable":true,"href":"https:\/\/aromasentia.com\/no\/wp-json\/wp\/v2\/product_cat?post=203368"},{"taxonomy":"product_tag","embeddable":true,"href":"https:\/\/aromasentia.com\/no\/wp-json\/wp\/v2\/product_tag?post=203368"}],"curies":[{"name":"wp","href":"https:\/\/api.w.org\/{rel}","templated":true}]}}