{"id":203365,"date":"2025-03-23T12:10:29","date_gmt":"2025-03-23T12:10:29","guid":{"rendered":"https:\/\/aromasentia.com\/product\/huge-7-chakra-leather-book-10x13-200-pages\/"},"modified":"2025-05-30T23:54:09","modified_gmt":"2025-05-30T23:54:09","slug":"enorm-7-chakra-laerbok-10x13-200-sider","status":"publish","type":"product","link":"https:\/\/aromasentia.com\/no\/enorm-7-chakra-laerbok-10x13-200-sider\/","title":{"rendered":"Enorm 7 Chakra L\u00e6rbok &#8211; 10&#215;13 (200 Sider)"},"content":{"rendered":"<p>H\u00e5ndlaget<strong>&nbsp;<\/strong>notatbok med skinnomslag, lukket med spenne. Vakre dekorasjoner p\u00e5 omslaget gir sjarm og gir hver notatbok sin egen unike stil.<\/p>\n<p><span style=\"color: rgb(75, 80, 88);\"><strong>Stor 7 Chakra skinnbok &#8211; 25&#215;32,5 cm (200 sider)<\/strong><\/span><span style=\"color: rgb(141, 186, 216);\"><strong>&nbsp;<\/strong><\/span>kan brukes som notatbok, dagbok eller skissebok. Den er enkel \u00e5 b\u00e6re, du kan ta den med i vesken n\u00e5r du reiser eller er p\u00e5 forretningsreise. N\u00e5 kan kundene dine skrive ned ideene sine n\u00e5r som helst.<\/p>\n<p>Den vil glede alle som liker \u00e5 reise, skrive eller skissere. En flott gave til b\u00e5de menn og kvinner, spesielt wiccaner vil kanskje like den.<\/p>\n<p>St\u00f8rrelse p\u00e5 notatboken: H\u00f8yde 25 cm, bredde 32,5 cm<\/p>\n<p><strong>Notebok med 200 sider<\/strong><\/p>\n<p><span style=\"color: rgb(141, 186, 216);\"><strong>Bestill noen ekstra salg &#8211; garantert en storselger.<\/strong><\/span><\/p>\n","protected":false},"excerpt":{"rendered":"<p>H\u00e5ndlaget&nbsp;notatbok med skinnomslag, lukket med spenne. Vakre dekorasjoner p\u00e5 omslaget gir sjarm og gir hver notatbok sin egen unike stil. Stor 7 Chakra skinnbok &#8211; 25&#215;32,5 cm (200 sider)&nbsp;kan brukes som notatbok, dagbok eller skissebok. Den er enkel \u00e5 b\u00e6re, du kan ta den med i vesken n\u00e5r du reiser eller er p\u00e5 forretningsreise. N\u00e5 [&hellip;]<\/p>\n","protected":false},"featured_media":438718,"comment_status":"closed","ping_status":"open","template":"","meta":{"_angie_page":false},"product_brand":[],"product_cat":[8379,8374],"product_tag":[],"class_list":{"0":"post-203365","1":"product","2":"type-product","3":"status-publish","4":"has-post-thumbnail","6":"product_cat-notatboker","7":"product_cat-vintage-gaver-og-suvenirer","8":"pa_collection-leather-notebooks-diaries-no","9":"pa_made-in-india","11":"first","12":"instock","13":"purchasable","14":"product-type-simple"},"supplier_id":null,"supplier_sku":"LBN-20","barcode":null,"atum_controlled":true,"out_stock_date":null,"out_stock_threshold":null,"inheritable":false,"inbound_stock":null,"stock_on_hold":0,"sold_today":0,"sales_last_days":0,"reserved_stock":null,"customer_returns":null,"warehouse_damage":null,"lost_in_post":null,"other_logs":null,"out_stock_days":0,"lost_sales":0,"has_location":null,"update_date":"2026-05-08T05:11:59","atum_locations":[],"atum_stock_status":"instock","restock_status":false,"low_stock_amount":"","sales_update_date":"2026-01-30T01:25:00","calc_backorders":null,"_links":{"self":[{"href":"https:\/\/aromasentia.com\/no\/wp-json\/wp\/v2\/product\/203365","targetHints":{"allow":["GET"]}}],"collection":[{"href":"https:\/\/aromasentia.com\/no\/wp-json\/wp\/v2\/product"}],"about":[{"href":"https:\/\/aromasentia.com\/no\/wp-json\/wp\/v2\/types\/product"}],"replies":[{"embeddable":true,"href":"https:\/\/aromasentia.com\/no\/wp-json\/wp\/v2\/comments?post=203365"}],"version-history":[{"count":0,"href":"https:\/\/aromasentia.com\/no\/wp-json\/wp\/v2\/product\/203365\/revisions"}],"wp:featuredmedia":[{"embeddable":true,"href":"https:\/\/aromasentia.com\/no\/wp-json\/wp\/v2\/media\/438718"}],"wp:attachment":[{"href":"https:\/\/aromasentia.com\/no\/wp-json\/wp\/v2\/media?parent=203365"}],"wp:term":[{"taxonomy":"product_brand","embeddable":true,"href":"https:\/\/aromasentia.com\/no\/wp-json\/wp\/v2\/product_brand?post=203365"},{"taxonomy":"product_cat","embeddable":true,"href":"https:\/\/aromasentia.com\/no\/wp-json\/wp\/v2\/product_cat?post=203365"},{"taxonomy":"product_tag","embeddable":true,"href":"https:\/\/aromasentia.com\/no\/wp-json\/wp\/v2\/product_tag?post=203365"}],"curies":[{"name":"wp","href":"https:\/\/api.w.org\/{rel}","templated":true}]}}