{"id":203360,"date":"2025-03-23T12:11:56","date_gmt":"2025-03-23T12:11:56","guid":{"rendered":"https:\/\/aromasentia.com\/product\/brown-tan-book-evil-eye-decor-160-deckle-edges-pages-17x12-5cm\/"},"modified":"2025-05-30T23:54:00","modified_gmt":"2025-05-30T23:54:00","slug":"brunbrun-bok-evil-eye-dekor-160-sider-med-dekkede-kanter-17x125-cm","status":"publish","type":"product","link":"https:\/\/aromasentia.com\/no\/brunbrun-bok-evil-eye-dekor-160-sider-med-dekkede-kanter-17x125-cm\/","title":{"rendered":"Brunbrun Bok &#8211; Evil Eye-Dekor &#8211; 160 Sider med Dekkede Kanter &#8211; 17&#215;12,5 cm"},"content":{"rendered":"<p>Beskytt notatene dine med denne brune, solbrune boken med et beskyttende Evil Eye-design. Med 160 sider med dekorsnitt og en kompakt st\u00f8rrelse p\u00e5 17&#215;12,5 cm er den perfekt for dagboknotater p\u00e5 farten eller som et unikt minnesmerke.<\/p>\n","protected":false},"excerpt":{"rendered":"<p>Beskytt notatene dine med denne brune, solbrune boken med et beskyttende Evil Eye-design. Med 160 sider med dekorsnitt og en kompakt st\u00f8rrelse p\u00e5 17&#215;12,5 cm er den perfekt for dagboknotater p\u00e5 farten eller som et unikt minnesmerke.<\/p>\n","protected":false},"featured_media":439528,"comment_status":"closed","ping_status":"open","template":"","meta":{"_angie_page":false},"product_brand":[],"product_cat":[8379,8374],"product_tag":[],"class_list":{"0":"post-203360","1":"product","2":"type-product","3":"status-publish","4":"has-post-thumbnail","6":"product_cat-notatboker","7":"product_cat-vintage-gaver-og-suvenirer","8":"pa_collection-leather-notebooks-diaries-no","9":"pa_made-in-india","11":"first","12":"outofstock","13":"purchasable","14":"product-type-simple"},"supplier_id":null,"supplier_sku":"LBN-42","barcode":null,"atum_controlled":true,"out_stock_date":"2026-05-04 00:03:25","out_stock_threshold":null,"inheritable":false,"inbound_stock":null,"stock_on_hold":0,"sold_today":0,"sales_last_days":0,"reserved_stock":null,"customer_returns":null,"warehouse_damage":null,"lost_in_post":null,"other_logs":null,"out_stock_days":0,"lost_sales":0,"has_location":null,"update_date":"2026-05-04T00:03:57","atum_locations":[],"atum_stock_status":"outofstock","restock_status":false,"low_stock_amount":"","sales_update_date":"2026-02-06T00:01:43","calc_backorders":null,"_links":{"self":[{"href":"https:\/\/aromasentia.com\/no\/wp-json\/wp\/v2\/product\/203360","targetHints":{"allow":["GET"]}}],"collection":[{"href":"https:\/\/aromasentia.com\/no\/wp-json\/wp\/v2\/product"}],"about":[{"href":"https:\/\/aromasentia.com\/no\/wp-json\/wp\/v2\/types\/product"}],"replies":[{"embeddable":true,"href":"https:\/\/aromasentia.com\/no\/wp-json\/wp\/v2\/comments?post=203360"}],"version-history":[{"count":0,"href":"https:\/\/aromasentia.com\/no\/wp-json\/wp\/v2\/product\/203360\/revisions"}],"wp:featuredmedia":[{"embeddable":true,"href":"https:\/\/aromasentia.com\/no\/wp-json\/wp\/v2\/media\/439528"}],"wp:attachment":[{"href":"https:\/\/aromasentia.com\/no\/wp-json\/wp\/v2\/media?parent=203360"}],"wp:term":[{"taxonomy":"product_brand","embeddable":true,"href":"https:\/\/aromasentia.com\/no\/wp-json\/wp\/v2\/product_brand?post=203360"},{"taxonomy":"product_cat","embeddable":true,"href":"https:\/\/aromasentia.com\/no\/wp-json\/wp\/v2\/product_cat?post=203360"},{"taxonomy":"product_tag","embeddable":true,"href":"https:\/\/aromasentia.com\/no\/wp-json\/wp\/v2\/product_tag?post=203360"}],"curies":[{"name":"wp","href":"https:\/\/api.w.org\/{rel}","templated":true}]}}