{"id":203350,"date":"2025-03-23T12:11:56","date_gmt":"2025-03-23T12:11:56","guid":{"rendered":"https:\/\/aromasentia.com\/product\/heafty-brown-tan-book-zinc-pentagon-decor-200-deckle-edges-pages-26x18cm\/"},"modified":"2025-05-30T23:53:40","modified_gmt":"2025-05-30T23:53:40","slug":"heafty-brown-tan-book-pentagon-dekor-i-sink-200-sider-med-dekkede-kanter-26x18-cm","status":"publish","type":"product","link":"https:\/\/aromasentia.com\/no\/heafty-brown-tan-book-pentagon-dekor-i-sink-200-sider-med-dekkede-kanter-26x18-cm\/","title":{"rendered":"Heafty Brown Tan Book &#8211; Pentagon-Dekor I Sink &#8211; 200 Sider med Dekkede Kanter &#8211; 26&#215;18 cm"},"content":{"rendered":"<p><span style=\"color: rgb(75, 80, 88);\"><strong>Hefty Brown Tan Book &#8211; Sink Pentagon Decor<\/strong> vil bli en flott f\u00f8lgesvenn p\u00e5 livets reise. Pakket inn i et varmt, premium skinnomslag dekorert med en subtil sinkfemkant, et tidl\u00f8st symbol p\u00e5 balanse, harmoni og enhet.<\/span><\/p>\n<p><span style=\"color: rgb(75, 80, 88);\">Den kombinerer eleganse med funksjonalitet. Det solide skinnomslaget sikrer sidebeskyttelse; inni finner du 200 sider med kantede kanter, som gir en unik og rustikk sjarm til skriveopplevelsen din. Med en st\u00f8rrelse p\u00e5 hele 26 x 18 cm gir den god plass til at tankene, dr\u00f8mmene og minnene dine kan utfolde seg.<\/span><\/p>\n<p><span style=\"color: rgb(75, 80, 88);\">Mer enn bare en notatbok, denne Hefty Brown Tan-boken i skinn er en kj\u00e6r f\u00f8lgesvenn, ideell for dagbokskriving, skissering eller for \u00e5 fange flyktige \u00f8yeblikk. Det er et popul\u00e6rt valg for gave.<\/span><\/p>\n<p><span style=\"color: rgb(75, 80, 88);\">Det som skiller boken v\u00e5r fra andre er ikke bare dens estetiske appell, men ogs\u00e5 dens forpliktelse til b\u00e6rekraft. Milj\u00f8vennlig papir er laget av bomullsavfall. Hver detalj, fra design til materialer, er n\u00f8ye utvalgt for \u00e5 minimere milj\u00f8p\u00e5virkningen samtidig som lesegleden maksimeres.<\/span><\/p>\n<p><span style=\"color: rgb(141, 186, 216);\"><strong>Kj\u00f8p n\u00e5 og begi deg ut p\u00e5 en reise med eleganse og l\u00f8nnsomhet med en kolleksjon av notatb\u00f8ker i skinn.<\/strong><\/span><\/p>\n","protected":false},"excerpt":{"rendered":"<p>Hefty Brown Tan Book &#8211; Sink Pentagon Decor vil bli en flott f\u00f8lgesvenn p\u00e5 livets reise. Pakket inn i et varmt, premium skinnomslag dekorert med en subtil sinkfemkant, et tidl\u00f8st symbol p\u00e5 balanse, harmoni og enhet. Den kombinerer eleganse med funksjonalitet. Det solide skinnomslaget sikrer sidebeskyttelse; inni finner du 200 sider med kantede kanter, som [&hellip;]<\/p>\n","protected":false},"featured_media":439254,"comment_status":"closed","ping_status":"open","template":"","meta":{"_angie_page":false},"product_brand":[],"product_cat":[8379,8374],"product_tag":[],"class_list":{"0":"post-203350","1":"product","2":"type-product","3":"status-publish","4":"has-post-thumbnail","6":"product_cat-notatboker","7":"product_cat-vintage-gaver-og-suvenirer","8":"pa_collection-leather-notebooks-diaries-no","9":"pa_made-in-india","11":"first","12":"instock","13":"purchasable","14":"product-type-simple"},"supplier_id":null,"supplier_sku":"LBN-39","barcode":null,"atum_controlled":true,"out_stock_date":null,"out_stock_threshold":null,"inheritable":false,"inbound_stock":null,"stock_on_hold":0,"sold_today":0,"sales_last_days":0,"reserved_stock":null,"customer_returns":null,"warehouse_damage":null,"lost_in_post":null,"other_logs":null,"out_stock_days":0,"lost_sales":0,"has_location":null,"update_date":"2026-05-08T05:11:59","atum_locations":[],"atum_stock_status":"instock","restock_status":false,"low_stock_amount":"","sales_update_date":"2025-09-03T00:25:56","calc_backorders":null,"_links":{"self":[{"href":"https:\/\/aromasentia.com\/no\/wp-json\/wp\/v2\/product\/203350","targetHints":{"allow":["GET"]}}],"collection":[{"href":"https:\/\/aromasentia.com\/no\/wp-json\/wp\/v2\/product"}],"about":[{"href":"https:\/\/aromasentia.com\/no\/wp-json\/wp\/v2\/types\/product"}],"replies":[{"embeddable":true,"href":"https:\/\/aromasentia.com\/no\/wp-json\/wp\/v2\/comments?post=203350"}],"version-history":[{"count":0,"href":"https:\/\/aromasentia.com\/no\/wp-json\/wp\/v2\/product\/203350\/revisions"}],"wp:featuredmedia":[{"embeddable":true,"href":"https:\/\/aromasentia.com\/no\/wp-json\/wp\/v2\/media\/439254"}],"wp:attachment":[{"href":"https:\/\/aromasentia.com\/no\/wp-json\/wp\/v2\/media?parent=203350"}],"wp:term":[{"taxonomy":"product_brand","embeddable":true,"href":"https:\/\/aromasentia.com\/no\/wp-json\/wp\/v2\/product_brand?post=203350"},{"taxonomy":"product_cat","embeddable":true,"href":"https:\/\/aromasentia.com\/no\/wp-json\/wp\/v2\/product_cat?post=203350"},{"taxonomy":"product_tag","embeddable":true,"href":"https:\/\/aromasentia.com\/no\/wp-json\/wp\/v2\/product_tag?post=203350"}],"curies":[{"name":"wp","href":"https:\/\/api.w.org\/{rel}","templated":true}]}}