{"id":203349,"date":"2025-03-23T12:11:56","date_gmt":"2025-03-23T12:11:56","guid":{"rendered":"https:\/\/aromasentia.com\/product\/heafty-brown-tan-book-zinc-triple-moon-decor-200-deckle-edges-pages-26x18cm\/"},"modified":"2025-05-30T23:53:38","modified_gmt":"2025-05-30T23:53:38","slug":"heafty-brown-tan-book-trippel-manedekor-i-sink-200-sider-med-dekkede-kanter-26x18-cm","status":"publish","type":"product","link":"https:\/\/aromasentia.com\/no\/heafty-brown-tan-book-trippel-manedekor-i-sink-200-sider-med-dekkede-kanter-26x18-cm\/","title":{"rendered":"Heafty Brown Tan Book &#8211; Trippel M\u00e5nedekor I Sink &#8211; 200 Sider med Dekkede Kanter &#8211; 26&#215;18 cm"},"content":{"rendered":"<p><span style=\"color: rgb(75, 80, 88);\"><strong>Hefty Brown Beautiful Book med sinkdekor med trippelm\u00e5ne <\/strong>er et fortryllende verk som fanger oppmerksomheten uanstrengt. Det f\u00f8rsteklasses brunbrune skinnomslaget gir en f\u00f8lelse av raffinement og holdbarhet, noe som gj\u00f8r den til et tidl\u00f8st tillegg til enhver samling.<\/span><\/p>\n<p><span style=\"color: rgb(75, 80, 88);\">Trippelm\u00e5ne, ogs\u00e5 kjent som symbolet p\u00e5 trippelgudinnen, er et kraftig gammelt emblem som representerer m\u00e5nens faser og syklusen av liv, d\u00f8d og gjenf\u00f8delse. Det er ofte assosiert med ulike hedenske og wiccan-tradisjoner.<\/span><\/p>\n<p><span style=\"color: rgb(75, 80, 88);\">Innvendig har boken 200 sider med dekkkanter, noe som gir en rustikk sjarm som forbedrer lese- eller skriveopplevelsen. Dekkkantene gir karakter og unikhet til hver side, og skaper en visuelt tiltalende effekt. &nbsp;<\/span><\/p>\n<p><span style=\"color: rgb(75, 80, 88);\">Med m\u00e5l p\u00e5 26 x 18 cm gir den god plass til at tankene, ideene og dr\u00f8mmene dine kan blomstre, eller til \u00e5 holde minnene dine levende. Den perfekte balansen mellom b\u00e6rbarhet og romslighet gj\u00f8r denne boken egnet for en rekke bruksomr\u00e5der, fra journalf\u00f8ring til skissering eller notatskriving.<\/span><\/p>\n<p><span style=\"color: rgb(75, 80, 88);\">Bruken av milj\u00f8vennlig papir fremhever forpliktelsen til b\u00e6rekraft. Et utmerket valg for milj\u00f8bevisste forbrukere som verdsetter b\u00e5de kvalitet og etiske produksjonspraksiser.<\/span><\/p>\n<p><span style=\"color: rgb(141, 186, 216);\"><strong>Kj\u00f8p n\u00e5 og begi deg ut p\u00e5 en reise med eleganse og l\u00f8nnsomhet med en kolleksjon av notatb\u00f8ker i skinn.<\/strong><\/span><span style=\"color: rgb(75, 80, 88);\">&nbsp;<\/span><\/p>\n","protected":false},"excerpt":{"rendered":"<p>Hefty Brown Beautiful Book med sinkdekor med trippelm\u00e5ne er et fortryllende verk som fanger oppmerksomheten uanstrengt. Det f\u00f8rsteklasses brunbrune skinnomslaget gir en f\u00f8lelse av raffinement og holdbarhet, noe som gj\u00f8r den til et tidl\u00f8st tillegg til enhver samling. Trippelm\u00e5ne, ogs\u00e5 kjent som symbolet p\u00e5 trippelgudinnen, er et kraftig gammelt emblem som representerer m\u00e5nens faser og [&hellip;]<\/p>\n","protected":false},"featured_media":439213,"comment_status":"closed","ping_status":"open","template":"","meta":{"_angie_page":false},"product_brand":[],"product_cat":[8379,8374],"product_tag":[],"class_list":{"0":"post-203349","1":"product","2":"type-product","3":"status-publish","4":"has-post-thumbnail","6":"product_cat-notatboker","7":"product_cat-vintage-gaver-og-suvenirer","8":"pa_collection-leather-notebooks-diaries-no","9":"pa_made-in-india","11":"first","12":"instock","13":"purchasable","14":"product-type-simple"},"supplier_id":null,"supplier_sku":"LBN-38","barcode":null,"atum_controlled":true,"out_stock_date":null,"out_stock_threshold":null,"inheritable":false,"inbound_stock":null,"stock_on_hold":0,"sold_today":0,"sales_last_days":0,"reserved_stock":null,"customer_returns":null,"warehouse_damage":null,"lost_in_post":null,"other_logs":null,"out_stock_days":0,"lost_sales":0,"has_location":null,"update_date":"2026-05-04T00:03:57","atum_locations":[],"atum_stock_status":"instock","restock_status":false,"low_stock_amount":"","sales_update_date":"2026-02-06T00:02:17","calc_backorders":null,"_links":{"self":[{"href":"https:\/\/aromasentia.com\/no\/wp-json\/wp\/v2\/product\/203349","targetHints":{"allow":["GET"]}}],"collection":[{"href":"https:\/\/aromasentia.com\/no\/wp-json\/wp\/v2\/product"}],"about":[{"href":"https:\/\/aromasentia.com\/no\/wp-json\/wp\/v2\/types\/product"}],"replies":[{"embeddable":true,"href":"https:\/\/aromasentia.com\/no\/wp-json\/wp\/v2\/comments?post=203349"}],"version-history":[{"count":0,"href":"https:\/\/aromasentia.com\/no\/wp-json\/wp\/v2\/product\/203349\/revisions"}],"wp:featuredmedia":[{"embeddable":true,"href":"https:\/\/aromasentia.com\/no\/wp-json\/wp\/v2\/media\/439213"}],"wp:attachment":[{"href":"https:\/\/aromasentia.com\/no\/wp-json\/wp\/v2\/media?parent=203349"}],"wp:term":[{"taxonomy":"product_brand","embeddable":true,"href":"https:\/\/aromasentia.com\/no\/wp-json\/wp\/v2\/product_brand?post=203349"},{"taxonomy":"product_cat","embeddable":true,"href":"https:\/\/aromasentia.com\/no\/wp-json\/wp\/v2\/product_cat?post=203349"},{"taxonomy":"product_tag","embeddable":true,"href":"https:\/\/aromasentia.com\/no\/wp-json\/wp\/v2\/product_tag?post=203349"}],"curies":[{"name":"wp","href":"https:\/\/api.w.org\/{rel}","templated":true}]}}