{"id":203348,"date":"2025-03-23T12:11:56","date_gmt":"2025-03-23T12:11:56","guid":{"rendered":"https:\/\/aromasentia.com\/product\/heafty-coffee-tan-book-zinc-owl-decor-200-deckle-edges-pages-26x18cm\/"},"modified":"2025-05-30T23:53:36","modified_gmt":"2025-05-30T23:53:36","slug":"heafty-coffee-tan-book-ugledekor-i-sink-200-sider-med-dekkede-kanter-26x18-cm","status":"publish","type":"product","link":"https:\/\/aromasentia.com\/no\/heafty-coffee-tan-book-ugledekor-i-sink-200-sider-med-dekkede-kanter-26x18-cm\/","title":{"rendered":"Heafty Coffee Tan Book &#8211; Ugledekor I Sink &#8211; 200 Sider med Dekkede Kanter &#8211; 26&#215;18 cm"},"content":{"rendered":"<p><span style=\"color: rgb(75, 80, 88);\"><strong>Hefty Coffee Tan Book &#8211; Sink Owl Decor<\/strong>med sin tidl\u00f8se appell presenterer en perfekt blanding av funksjonalitet og stil. Laget med omhu, har denne fornemme journalen et solid skinnomslag som manifesterer raffinement og holdbarhet, noe som sikrer at den t\u00e5ler tidens tann. Dekorert med nydelig sinkugle, et gammelt symbol p\u00e5 visdom og kunnskap, intuisjon og mystikk.<\/span><\/p>\n<p><span style=\"color: rgb(75, 80, 88);\">Innenfor den innbydende omfavnelsen er det 200 sider med kantede kanter, delikat teksturert for \u00e5 vekke sansene dine med hvert pennestr\u00f8k. Den gener\u00f8se st\u00f8rrelsen p\u00e5 26 x 18 cm gir rikelig med plass til at dine tanker, dr\u00f8mmer og inspirasjoner kan blomstre. Bruksmulighetene er uendelige, den vil v\u00e6re en flott planlegger, original kokebok, eksklusiv gjestebok eller familiearv som g\u00e5r i arv gjennom generasjoner.<\/span><\/p>\n<p><span style=\"color: rgb(75, 80, 88);\">Enten du noterer, skisserer ideer eller bare nyter gleden av \u00e5 skrive, er denne uts\u00f8kte journalen en f\u00f8lgesvenn for alle anledninger. Allsidigheten gj\u00f8r den til en verdsatt gave, elsket av mottakere i alle aldre og interesser. Den vil bli en raskt selgende skatt \u00e5ret rundt.<\/span><\/p>\n<p><span style=\"color: rgb(75, 80, 88);\">Omfavn gleden ved \u00e5 leve bevisst med v\u00e5rt milj\u00f8vennlige papir, laget av bomullsavfall for \u00e5 minimere milj\u00f8p\u00e5virkningen uten \u00e5 g\u00e5 p\u00e5 kompromiss med kvaliteten.<\/span><\/p>\n<p><span style=\"color: rgb(141, 186, 216);\"><strong>Kj\u00f8p n\u00e5 og begi deg ut p\u00e5 en reise med eleganse og l\u00f8nnsomhet med en kolleksjon av notatb\u00f8ker i skinn.<\/strong><\/span><\/p>\n","protected":false},"excerpt":{"rendered":"<p>Hefty Coffee Tan Book &#8211; Sink Owl Decormed sin tidl\u00f8se appell presenterer en perfekt blanding av funksjonalitet og stil. Laget med omhu, har denne fornemme journalen et solid skinnomslag som manifesterer raffinement og holdbarhet, noe som sikrer at den t\u00e5ler tidens tann. Dekorert med nydelig sinkugle, et gammelt symbol p\u00e5 visdom og kunnskap, intuisjon og [&hellip;]<\/p>\n","protected":false},"featured_media":439172,"comment_status":"closed","ping_status":"open","template":"","meta":{"_angie_page":false},"product_brand":[],"product_cat":[8379,8374],"product_tag":[],"class_list":{"0":"post-203348","1":"product","2":"type-product","3":"status-publish","4":"has-post-thumbnail","6":"product_cat-notatboker","7":"product_cat-vintage-gaver-og-suvenirer","8":"pa_collection-leather-notebooks-diaries-no","9":"pa_made-in-india","11":"first","12":"instock","13":"purchasable","14":"product-type-simple"},"supplier_id":null,"supplier_sku":"LBN-37","barcode":null,"atum_controlled":true,"out_stock_date":null,"out_stock_threshold":null,"inheritable":false,"inbound_stock":null,"stock_on_hold":0,"sold_today":0,"sales_last_days":0,"reserved_stock":null,"customer_returns":null,"warehouse_damage":null,"lost_in_post":null,"other_logs":null,"out_stock_days":0,"lost_sales":0,"has_location":null,"update_date":"2026-05-08T05:11:59","atum_locations":[],"atum_stock_status":"instock","restock_status":false,"low_stock_amount":"","sales_update_date":"2026-02-06T00:02:32","calc_backorders":null,"_links":{"self":[{"href":"https:\/\/aromasentia.com\/no\/wp-json\/wp\/v2\/product\/203348","targetHints":{"allow":["GET"]}}],"collection":[{"href":"https:\/\/aromasentia.com\/no\/wp-json\/wp\/v2\/product"}],"about":[{"href":"https:\/\/aromasentia.com\/no\/wp-json\/wp\/v2\/types\/product"}],"replies":[{"embeddable":true,"href":"https:\/\/aromasentia.com\/no\/wp-json\/wp\/v2\/comments?post=203348"}],"version-history":[{"count":0,"href":"https:\/\/aromasentia.com\/no\/wp-json\/wp\/v2\/product\/203348\/revisions"}],"wp:featuredmedia":[{"embeddable":true,"href":"https:\/\/aromasentia.com\/no\/wp-json\/wp\/v2\/media\/439172"}],"wp:attachment":[{"href":"https:\/\/aromasentia.com\/no\/wp-json\/wp\/v2\/media?parent=203348"}],"wp:term":[{"taxonomy":"product_brand","embeddable":true,"href":"https:\/\/aromasentia.com\/no\/wp-json\/wp\/v2\/product_brand?post=203348"},{"taxonomy":"product_cat","embeddable":true,"href":"https:\/\/aromasentia.com\/no\/wp-json\/wp\/v2\/product_cat?post=203348"},{"taxonomy":"product_tag","embeddable":true,"href":"https:\/\/aromasentia.com\/no\/wp-json\/wp\/v2\/product_tag?post=203348"}],"curies":[{"name":"wp","href":"https:\/\/api.w.org\/{rel}","templated":true}]}}