{"id":203347,"date":"2025-03-23T12:11:56","date_gmt":"2025-03-23T12:11:56","guid":{"rendered":"https:\/\/aromasentia.com\/product\/heafty-brown-tan-book-zinc-rose-decor-200-deckle-edges-pages-26x18cm\/"},"modified":"2025-05-30T23:53:33","modified_gmt":"2025-05-30T23:53:33","slug":"heafty-brown-tan-book-sinkrosedekor-200-sider-med-dekkede-kanter-26x18-cm","status":"publish","type":"product","link":"https:\/\/aromasentia.com\/no\/heafty-brown-tan-book-sinkrosedekor-200-sider-med-dekkede-kanter-26x18-cm\/","title":{"rendered":"Heafty Brown Tan Book &#8211; Sinkrosedekor &#8211; 200 Sider med Dekkede Kanter &#8211; 26&#215;18 cm"},"content":{"rendered":"<p><span style=\"color: rgb(75, 80, 88);\"><strong>Hefty Brown Tan Book &#8211; Zinc Rose Decor<\/strong> er en fantastisk dagbok med en luksuri\u00f8s sjarm som forener funksjonalitet med eleganse, dekorert med en subtil sinkrose, et symbol p\u00e5 kj\u00e6rlighet, skj\u00f8nnhet og vennskap. Den er presist laget, har et robust skinnomslag som manifesterer raffinement og robusthet, og lover \u00e5 t\u00e5le tidens gang med ynde.<\/span><\/p>\n<p><span style=\"color: rgb(75, 80, 88);\">Blant de innbydende sidene ligger 200 ark med pyntekanter, delikat teksturert for \u00e5 fengsle sansene dine. Med dimensjoner p\u00e5 26 x 18 cm er det god plass til dine tanker og refleksjoner, inspirasjoner, kreativ skriving, journalf\u00f8ring eller kunstneriske uttrykk for \u00e5 slappe av i grensel\u00f8s kreativitet. Den kan brukes som en arrang\u00f8r, kokebok, kj\u00e6r gjestebok eller til \u00e5 nedtegne familiehistorie.<\/span><\/p>\n<p><span style=\"color: rgb(75, 80, 88);\">Dens universelle appell sikrer at det ikke bare er en gave, men et kj\u00e6rt minne elsket av mottakere i alle aldre og interesser, som er forutbestemt til \u00e5 fly av hyllene \u00e5ret rundt.<\/span><\/p>\n<p><span style=\"color: rgb(75, 80, 88);\">Med milj\u00f8vennlig papir, omtenksomt laget av gjenbrukt bomullsavfall, kan du nyte skriveopplevelsen uten \u00e5 g\u00e5 p\u00e5 kompromiss med kvaliteten.<\/span><\/p>\n<p><span style=\"color: rgb(141, 186, 216);\"><strong>Kj\u00f8p n\u00e5 og begi deg ut p\u00e5 en reise med eleganse og l\u00f8nnsomhet med en kolleksjon av notatb\u00f8ker i skinn.<\/strong><\/span><\/p>\n","protected":false},"excerpt":{"rendered":"<p>Hefty Brown Tan Book &#8211; Zinc Rose Decor er en fantastisk dagbok med en luksuri\u00f8s sjarm som forener funksjonalitet med eleganse, dekorert med en subtil sinkrose, et symbol p\u00e5 kj\u00e6rlighet, skj\u00f8nnhet og vennskap. Den er presist laget, har et robust skinnomslag som manifesterer raffinement og robusthet, og lover \u00e5 t\u00e5le tidens gang med ynde. Blant [&hellip;]<\/p>\n","protected":false},"featured_media":439131,"comment_status":"closed","ping_status":"open","template":"","meta":{"_angie_page":false},"product_brand":[],"product_cat":[8379,8374],"product_tag":[],"class_list":{"0":"post-203347","1":"product","2":"type-product","3":"status-publish","4":"has-post-thumbnail","6":"product_cat-notatboker","7":"product_cat-vintage-gaver-og-suvenirer","8":"pa_collection-leather-notebooks-diaries-no","9":"pa_made-in-india","11":"first","12":"instock","13":"purchasable","14":"product-type-simple"},"supplier_id":null,"supplier_sku":"LBN-36","barcode":null,"atum_controlled":true,"out_stock_date":null,"out_stock_threshold":null,"inheritable":false,"inbound_stock":null,"stock_on_hold":0,"sold_today":0,"sales_last_days":0,"reserved_stock":null,"customer_returns":null,"warehouse_damage":null,"lost_in_post":null,"other_logs":null,"out_stock_days":0,"lost_sales":0,"has_location":null,"update_date":"2026-04-27T07:10:42","atum_locations":[],"atum_stock_status":"instock","restock_status":false,"low_stock_amount":"","sales_update_date":"2026-01-20T05:13:43","calc_backorders":null,"_links":{"self":[{"href":"https:\/\/aromasentia.com\/no\/wp-json\/wp\/v2\/product\/203347","targetHints":{"allow":["GET"]}}],"collection":[{"href":"https:\/\/aromasentia.com\/no\/wp-json\/wp\/v2\/product"}],"about":[{"href":"https:\/\/aromasentia.com\/no\/wp-json\/wp\/v2\/types\/product"}],"replies":[{"embeddable":true,"href":"https:\/\/aromasentia.com\/no\/wp-json\/wp\/v2\/comments?post=203347"}],"version-history":[{"count":0,"href":"https:\/\/aromasentia.com\/no\/wp-json\/wp\/v2\/product\/203347\/revisions"}],"wp:featuredmedia":[{"embeddable":true,"href":"https:\/\/aromasentia.com\/no\/wp-json\/wp\/v2\/media\/439131"}],"wp:attachment":[{"href":"https:\/\/aromasentia.com\/no\/wp-json\/wp\/v2\/media?parent=203347"}],"wp:term":[{"taxonomy":"product_brand","embeddable":true,"href":"https:\/\/aromasentia.com\/no\/wp-json\/wp\/v2\/product_brand?post=203347"},{"taxonomy":"product_cat","embeddable":true,"href":"https:\/\/aromasentia.com\/no\/wp-json\/wp\/v2\/product_cat?post=203347"},{"taxonomy":"product_tag","embeddable":true,"href":"https:\/\/aromasentia.com\/no\/wp-json\/wp\/v2\/product_tag?post=203347"}],"curies":[{"name":"wp","href":"https:\/\/api.w.org\/{rel}","templated":true}]}}