{"id":203346,"date":"2025-03-23T12:11:56","date_gmt":"2025-03-23T12:11:56","guid":{"rendered":"https:\/\/aromasentia.com\/product\/heafty-red-tan-book-zinc-hamsa-decor-200-deckle-edges-pages-26x18cm\/"},"modified":"2025-05-30T23:53:28","modified_gmt":"2025-05-30T23:53:28","slug":"heafty-red-tan-book-hamsa-dekor-i-sink-200-sider-med-dekkede-kanter-26x18-cm","status":"publish","type":"product","link":"https:\/\/aromasentia.com\/no\/heafty-red-tan-book-hamsa-dekor-i-sink-200-sider-med-dekkede-kanter-26x18-cm\/","title":{"rendered":"Heafty Red Tan Book &#8211; Hamsa-Dekor I Sink &#8211; 200 Sider med Dekkede Kanter &#8211; 26&#215;18 cm"},"content":{"rendered":"<p><span style=\"color: rgb(75, 80, 88);\"><strong>Hefty Red Tan Book &#8211; Zinc Hamsa Decor<\/strong> er et bemerkelsesverdig stykke som m\u00f8ter eleganse og funksjonalitet, presist laget for \u00e5 forbedre skriveopplevelsen din og f\u00f8lge deg gjennom hvert \u00f8yeblikk.<\/span><\/p>\n<p><span style=\"color: rgb(75, 80, 88);\">Se for deg at du holder et f\u00f8rsteklasses r\u00f8dt skinnomslag i hendene, dekorert med intrikat sinkhamsa. Det er ikke bare visuelt sl\u00e5ende; det er et symbol p\u00e5 beskyttelse og veiledning, klar til \u00e5 legge ut p\u00e5 eventyret i dine tanker og dr\u00f8mmer.<\/span><\/p>\n<p><span style=\"color: rgb(75, 80, 88);\">Innenfor det robuste skinnomslaget ligger 200 sider med dekkkant, som hver gir en unik rustikk sjarm som gir karakter til skrivingen din. Med m\u00e5l p\u00e5 26 x 18 cm gir den nok plass til dine dypeste refleksjoner, kreative skisser eller dyrebare minner.<\/span><\/p>\n<p><span style=\"color: rgb(75, 80, 88);\">Allsidighet er dens kjennetegn. Enten du s\u00f8ker organisering, kulinarisk inspirasjon, en gjestebok til spesielle anledninger eller et arkiv for familiens historie, er denne boken et perfekt valg for deg.<\/span><\/p>\n<p><span style=\"color: rgb(75, 80, 88);\">Det er ikke bare en gave; det er en tidl\u00f8s skatt som passer for mottakere i alle aldre og med alle hobbyer. Tidsskrifter er sv\u00e6rt etterspurt og selges jevnt og trutt gjennom hele \u00e5ret.<\/span><\/p>\n<p><span style=\"color: rgb(75, 80, 88);\">Laget med milj\u00f8vennlig papir hentet fra bomullsavfall, er hver detalj, fra design til materialer, n\u00f8ye utvalgt for \u00e5 minimere milj\u00f8p\u00e5virkningen samtidig som lesegleden maksimeres.<\/span><\/p>\n<p><span style=\"color: rgb(75, 80, 88);\"><strong>Kj\u00f8p n\u00e5 og begi deg ut p\u00e5 en reise med eleganse og l\u00f8nnsomhet med en kolleksjon av notatb\u00f8ker i skinn.<\/strong><\/span><\/p>\n","protected":false},"excerpt":{"rendered":"<p>Hefty Red Tan Book &#8211; Zinc Hamsa Decor er et bemerkelsesverdig stykke som m\u00f8ter eleganse og funksjonalitet, presist laget for \u00e5 forbedre skriveopplevelsen din og f\u00f8lge deg gjennom hvert \u00f8yeblikk. Se for deg at du holder et f\u00f8rsteklasses r\u00f8dt skinnomslag i hendene, dekorert med intrikat sinkhamsa. Det er ikke bare visuelt sl\u00e5ende; det er et [&hellip;]<\/p>\n","protected":false},"featured_media":439090,"comment_status":"closed","ping_status":"open","template":"","meta":{"_angie_page":false},"product_brand":[],"product_cat":[8379,8374],"product_tag":[],"class_list":{"0":"post-203346","1":"product","2":"type-product","3":"status-publish","4":"has-post-thumbnail","6":"product_cat-notatboker","7":"product_cat-vintage-gaver-og-suvenirer","8":"pa_collection-leather-notebooks-diaries-no","9":"pa_made-in-india","11":"first","12":"instock","13":"purchasable","14":"product-type-simple"},"supplier_id":null,"supplier_sku":"LBN-35","barcode":null,"atum_controlled":true,"out_stock_date":null,"out_stock_threshold":null,"inheritable":false,"inbound_stock":null,"stock_on_hold":0,"sold_today":0,"sales_last_days":0,"reserved_stock":null,"customer_returns":null,"warehouse_damage":null,"lost_in_post":null,"other_logs":null,"out_stock_days":0,"lost_sales":0,"has_location":null,"update_date":"2026-04-27T07:10:42","atum_locations":[],"atum_stock_status":"instock","restock_status":false,"low_stock_amount":"","sales_update_date":"2026-01-30T01:24:31","calc_backorders":null,"_links":{"self":[{"href":"https:\/\/aromasentia.com\/no\/wp-json\/wp\/v2\/product\/203346","targetHints":{"allow":["GET"]}}],"collection":[{"href":"https:\/\/aromasentia.com\/no\/wp-json\/wp\/v2\/product"}],"about":[{"href":"https:\/\/aromasentia.com\/no\/wp-json\/wp\/v2\/types\/product"}],"replies":[{"embeddable":true,"href":"https:\/\/aromasentia.com\/no\/wp-json\/wp\/v2\/comments?post=203346"}],"version-history":[{"count":0,"href":"https:\/\/aromasentia.com\/no\/wp-json\/wp\/v2\/product\/203346\/revisions"}],"wp:featuredmedia":[{"embeddable":true,"href":"https:\/\/aromasentia.com\/no\/wp-json\/wp\/v2\/media\/439090"}],"wp:attachment":[{"href":"https:\/\/aromasentia.com\/no\/wp-json\/wp\/v2\/media?parent=203346"}],"wp:term":[{"taxonomy":"product_brand","embeddable":true,"href":"https:\/\/aromasentia.com\/no\/wp-json\/wp\/v2\/product_brand?post=203346"},{"taxonomy":"product_cat","embeddable":true,"href":"https:\/\/aromasentia.com\/no\/wp-json\/wp\/v2\/product_cat?post=203346"},{"taxonomy":"product_tag","embeddable":true,"href":"https:\/\/aromasentia.com\/no\/wp-json\/wp\/v2\/product_tag?post=203346"}],"curies":[{"name":"wp","href":"https:\/\/api.w.org\/{rel}","templated":true}]}}