{"id":203343,"date":"2025-03-23T12:13:23","date_gmt":"2025-03-23T12:13:23","guid":{"rendered":"https:\/\/aromasentia.com\/product\/buddha-esoteric-notebook-red-tan-200-pages-stich-edge-17-5x12-5x3cm\/"},"modified":"2025-05-30T23:53:22","modified_gmt":"2025-05-30T23:53:22","slug":"buddha-esoterisk-notatbok-red-tan-200-sider-som-i-kanten-175x125x3cm","status":"publish","type":"product","link":"https:\/\/aromasentia.com\/no\/buddha-esoterisk-notatbok-red-tan-200-sider-som-i-kanten-175x125x3cm\/","title":{"rendered":"Buddha &#8211; Esoterisk Notatbok &#8211; Red Tan &#8211; 200 Sider S\u00f8m i Kanten &#8211; 17,5&#215;12,5x3cm"},"content":{"rendered":"<p>Finn inspirasjon i det du skriver med denne esoteriske notatboken i r\u00f8dbrun farge med Buddha-design. Med 200 sider med stingkanter og en st\u00f8rrelse p\u00e5 17,5 x 12,5 x 3 cm er den perfekt til dagb\u00f8ker, \u00e5ndelige notater eller kreativ skriving.<\/p>\n","protected":false},"excerpt":{"rendered":"<p>Finn inspirasjon i det du skriver med denne esoteriske notatboken i r\u00f8dbrun farge med Buddha-design. Med 200 sider med stingkanter og en st\u00f8rrelse p\u00e5 17,5 x 12,5 x 3 cm er den perfekt til dagb\u00f8ker, \u00e5ndelige notater eller kreativ skriving.<\/p>\n","protected":false},"featured_media":439845,"comment_status":"closed","ping_status":"open","template":"","meta":{"_angie_page":false},"product_brand":[],"product_cat":[8379,8374],"product_tag":[],"class_list":{"0":"post-203343","1":"product","2":"type-product","3":"status-publish","4":"has-post-thumbnail","6":"product_cat-notatboker","7":"product_cat-vintage-gaver-og-suvenirer","8":"pa_collection-leather-notebooks-diaries-no","9":"pa_made-in-india","11":"first","12":"instock","13":"purchasable","14":"product-type-simple"},"supplier_id":null,"supplier_sku":"LBN-55","barcode":null,"atum_controlled":true,"out_stock_date":null,"out_stock_threshold":null,"inheritable":false,"inbound_stock":null,"stock_on_hold":0,"sold_today":0,"sales_last_days":0,"reserved_stock":null,"customer_returns":null,"warehouse_damage":null,"lost_in_post":null,"other_logs":null,"out_stock_days":0,"lost_sales":0,"has_location":null,"update_date":"2026-04-29T06:53:35","atum_locations":[],"atum_stock_status":"instock","restock_status":false,"low_stock_amount":"","sales_update_date":"2026-01-30T01:24:30","calc_backorders":null,"_links":{"self":[{"href":"https:\/\/aromasentia.com\/no\/wp-json\/wp\/v2\/product\/203343","targetHints":{"allow":["GET"]}}],"collection":[{"href":"https:\/\/aromasentia.com\/no\/wp-json\/wp\/v2\/product"}],"about":[{"href":"https:\/\/aromasentia.com\/no\/wp-json\/wp\/v2\/types\/product"}],"replies":[{"embeddable":true,"href":"https:\/\/aromasentia.com\/no\/wp-json\/wp\/v2\/comments?post=203343"}],"version-history":[{"count":0,"href":"https:\/\/aromasentia.com\/no\/wp-json\/wp\/v2\/product\/203343\/revisions"}],"wp:featuredmedia":[{"embeddable":true,"href":"https:\/\/aromasentia.com\/no\/wp-json\/wp\/v2\/media\/439845"}],"wp:attachment":[{"href":"https:\/\/aromasentia.com\/no\/wp-json\/wp\/v2\/media?parent=203343"}],"wp:term":[{"taxonomy":"product_brand","embeddable":true,"href":"https:\/\/aromasentia.com\/no\/wp-json\/wp\/v2\/product_brand?post=203343"},{"taxonomy":"product_cat","embeddable":true,"href":"https:\/\/aromasentia.com\/no\/wp-json\/wp\/v2\/product_cat?post=203343"},{"taxonomy":"product_tag","embeddable":true,"href":"https:\/\/aromasentia.com\/no\/wp-json\/wp\/v2\/product_tag?post=203343"}],"curies":[{"name":"wp","href":"https:\/\/api.w.org\/{rel}","templated":true}]}}