{"id":203338,"date":"2025-03-23T12:13:23","date_gmt":"2025-03-23T12:13:23","guid":{"rendered":"https:\/\/aromasentia.com\/product\/large-book-of-shadows-black-200-pages-decle-edged-25x18x3cm\/"},"modified":"2025-05-30T23:53:06","modified_gmt":"2025-05-30T23:53:06","slug":"skyggebok-svart-200-sider-med-dekolletert-kant-25x18x3cm-stor","status":"publish","type":"product","link":"https:\/\/aromasentia.com\/no\/skyggebok-svart-200-sider-med-dekolletert-kant-25x18x3cm-stor\/","title":{"rendered":"Skyggebok &#8211; Svart &#8211; 200 Sider med Dekolletert Kant &#8211; 25x18x3cm Stor"},"content":{"rendered":"<p>Dokumenter din \u00e5ndelige reise i denne store, svarte Book of Shadows. Den har 200 sider med dekksnitt og m\u00e5ler 25 x 18 x 3 cm, og er perfekt til \u00e5 notere ned besvergelser, ritualer og personlige refleksjoner.<\/p>\n","protected":false},"excerpt":{"rendered":"<p>Dokumenter din \u00e5ndelige reise i denne store, svarte Book of Shadows. Den har 200 sider med dekksnitt og m\u00e5ler 25 x 18 x 3 cm, og er perfekt til \u00e5 notere ned besvergelser, ritualer og personlige refleksjoner.<\/p>\n","protected":false},"featured_media":439696,"comment_status":"closed","ping_status":"open","template":"","meta":{"_angie_page":false},"product_brand":[],"product_cat":[8379,8374],"product_tag":[],"class_list":{"0":"post-203338","1":"product","2":"type-product","3":"status-publish","4":"has-post-thumbnail","6":"product_cat-notatboker","7":"product_cat-vintage-gaver-og-suvenirer","8":"pa_collection-leather-notebooks-diaries-no","9":"pa_made-in-india","11":"first","12":"instock","13":"purchasable","14":"product-type-simple"},"supplier_id":null,"supplier_sku":"LBN-50","barcode":null,"atum_controlled":true,"out_stock_date":null,"out_stock_threshold":null,"inheritable":false,"inbound_stock":null,"stock_on_hold":0,"sold_today":0,"sales_last_days":0,"reserved_stock":null,"customer_returns":null,"warehouse_damage":null,"lost_in_post":null,"other_logs":null,"out_stock_days":0,"lost_sales":0,"has_location":null,"update_date":"2026-05-04T00:03:57","atum_locations":[],"atum_stock_status":"instock","restock_status":false,"low_stock_amount":"","sales_update_date":"2026-01-30T01:24:31","calc_backorders":null,"_links":{"self":[{"href":"https:\/\/aromasentia.com\/no\/wp-json\/wp\/v2\/product\/203338","targetHints":{"allow":["GET"]}}],"collection":[{"href":"https:\/\/aromasentia.com\/no\/wp-json\/wp\/v2\/product"}],"about":[{"href":"https:\/\/aromasentia.com\/no\/wp-json\/wp\/v2\/types\/product"}],"replies":[{"embeddable":true,"href":"https:\/\/aromasentia.com\/no\/wp-json\/wp\/v2\/comments?post=203338"}],"version-history":[{"count":0,"href":"https:\/\/aromasentia.com\/no\/wp-json\/wp\/v2\/product\/203338\/revisions"}],"wp:featuredmedia":[{"embeddable":true,"href":"https:\/\/aromasentia.com\/no\/wp-json\/wp\/v2\/media\/439696"}],"wp:attachment":[{"href":"https:\/\/aromasentia.com\/no\/wp-json\/wp\/v2\/media?parent=203338"}],"wp:term":[{"taxonomy":"product_brand","embeddable":true,"href":"https:\/\/aromasentia.com\/no\/wp-json\/wp\/v2\/product_brand?post=203338"},{"taxonomy":"product_cat","embeddable":true,"href":"https:\/\/aromasentia.com\/no\/wp-json\/wp\/v2\/product_cat?post=203338"},{"taxonomy":"product_tag","embeddable":true,"href":"https:\/\/aromasentia.com\/no\/wp-json\/wp\/v2\/product_tag?post=203338"}],"curies":[{"name":"wp","href":"https:\/\/api.w.org\/{rel}","templated":true}]}}