{"id":203337,"date":"2025-03-23T12:13:23","date_gmt":"2025-03-23T12:13:23","guid":{"rendered":"https:\/\/aromasentia.com\/product\/huge-tomb-book-charkra-stones-dragon-mandala-100-pages-25x34cm\/"},"modified":"2025-05-30T23:53:03","modified_gmt":"2025-05-30T23:53:03","slug":"gravbok-charkra-stones-dragon-mandala-100-sider-25x34cm-stor","status":"publish","type":"product","link":"https:\/\/aromasentia.com\/no\/gravbok-charkra-stones-dragon-mandala-100-sider-25x34cm-stor\/","title":{"rendered":"Gravbok &#8211; Charkra Stones Dragon Mandala 100 Sider &#8211; 25x34Cm Stor"},"content":{"rendered":"<p>Slipp kreativiteten l\u00f8s i denne imponerende &laquo;Tomb Book&raquo; med Chakra Stones Dragon Mandala-design. Med 100 sider og et stort format p\u00e5 25&#215;34 cm er den perfekt til \u00e5 skrive dagb\u00f8ker, skisse eller som et unikt kunstnerisk statement.<\/p>\n","protected":false},"excerpt":{"rendered":"<p>Slipp kreativiteten l\u00f8s i denne imponerende &laquo;Tomb Book&raquo; med Chakra Stones Dragon Mandala-design. Med 100 sider og et stort format p\u00e5 25&#215;34 cm er den perfekt til \u00e5 skrive dagb\u00f8ker, skisse eller som et unikt kunstnerisk statement.<\/p>\n","protected":false},"featured_media":439671,"comment_status":"closed","ping_status":"open","template":"","meta":{"_angie_page":false},"product_brand":[],"product_cat":[8379,8374],"product_tag":[],"class_list":{"0":"post-203337","1":"product","2":"type-product","3":"status-publish","4":"has-post-thumbnail","6":"product_cat-notatboker","7":"product_cat-vintage-gaver-og-suvenirer","8":"pa_collection-leather-notebooks-diaries-no","9":"pa_made-in-india","11":"first","12":"instock","13":"purchasable","14":"product-type-simple"},"supplier_id":null,"supplier_sku":"LBN-49","barcode":null,"atum_controlled":true,"out_stock_date":null,"out_stock_threshold":null,"inheritable":false,"inbound_stock":null,"stock_on_hold":0,"sold_today":0,"sales_last_days":0,"reserved_stock":null,"customer_returns":null,"warehouse_damage":null,"lost_in_post":null,"other_logs":null,"out_stock_days":0,"lost_sales":0,"has_location":null,"update_date":"2026-05-08T05:11:59","atum_locations":[],"atum_stock_status":"instock","restock_status":false,"low_stock_amount":"","sales_update_date":"2026-01-30T01:26:26","calc_backorders":null,"_links":{"self":[{"href":"https:\/\/aromasentia.com\/no\/wp-json\/wp\/v2\/product\/203337","targetHints":{"allow":["GET"]}}],"collection":[{"href":"https:\/\/aromasentia.com\/no\/wp-json\/wp\/v2\/product"}],"about":[{"href":"https:\/\/aromasentia.com\/no\/wp-json\/wp\/v2\/types\/product"}],"replies":[{"embeddable":true,"href":"https:\/\/aromasentia.com\/no\/wp-json\/wp\/v2\/comments?post=203337"}],"version-history":[{"count":0,"href":"https:\/\/aromasentia.com\/no\/wp-json\/wp\/v2\/product\/203337\/revisions"}],"wp:featuredmedia":[{"embeddable":true,"href":"https:\/\/aromasentia.com\/no\/wp-json\/wp\/v2\/media\/439671"}],"wp:attachment":[{"href":"https:\/\/aromasentia.com\/no\/wp-json\/wp\/v2\/media?parent=203337"}],"wp:term":[{"taxonomy":"product_brand","embeddable":true,"href":"https:\/\/aromasentia.com\/no\/wp-json\/wp\/v2\/product_brand?post=203337"},{"taxonomy":"product_cat","embeddable":true,"href":"https:\/\/aromasentia.com\/no\/wp-json\/wp\/v2\/product_cat?post=203337"},{"taxonomy":"product_tag","embeddable":true,"href":"https:\/\/aromasentia.com\/no\/wp-json\/wp\/v2\/product_tag?post=203337"}],"curies":[{"name":"wp","href":"https:\/\/api.w.org\/{rel}","templated":true}]}}