{"id":203334,"date":"2025-03-23T12:13:23","date_gmt":"2025-03-23T12:13:23","guid":{"rendered":"https:\/\/aromasentia.com\/product\/med-dark-tan-daily-note-book-100-lined-pages-18x13cm\/"},"modified":"2025-05-30T23:52:54","modified_gmt":"2025-05-30T23:52:54","slug":"dark-tan-daglig-notatbok-100-linjerte-sider-18x13-cm-medium","status":"publish","type":"product","link":"https:\/\/aromasentia.com\/no\/dark-tan-daglig-notatbok-100-linjerte-sider-18x13-cm-medium\/","title":{"rendered":"Dark Tan Daglig Notatbok &#8211; 100 Linjerte Sider &#8211; 18&#215;13 cm Medium"},"content":{"rendered":"<p>Skriv ned dine daglige tanker og oppgaver i denne mellomstore m\u00f8rkebrune notatboken med 100 linjerte sider. Med m\u00e5lene 18&#215;13 cm er den praktisk \u00e5 ha med seg.<\/p>\n","protected":false},"excerpt":{"rendered":"<p>Skriv ned dine daglige tanker og oppgaver i denne mellomstore m\u00f8rkebrune notatboken med 100 linjerte sider. Med m\u00e5lene 18&#215;13 cm er den praktisk \u00e5 ha med seg.<\/p>\n","protected":false},"featured_media":439612,"comment_status":"closed","ping_status":"open","template":"","meta":{"_angie_page":false},"product_brand":[],"product_cat":[8379,8374],"product_tag":[],"class_list":{"0":"post-203334","1":"product","2":"type-product","3":"status-publish","4":"has-post-thumbnail","6":"product_cat-notatboker","7":"product_cat-vintage-gaver-og-suvenirer","8":"pa_collection-leather-notebooks-diaries-no","9":"pa_made-in-india","11":"first","12":"instock","13":"purchasable","14":"product-type-simple"},"supplier_id":null,"supplier_sku":"LBN-46","barcode":null,"atum_controlled":true,"out_stock_date":null,"out_stock_threshold":null,"inheritable":false,"inbound_stock":null,"stock_on_hold":0,"sold_today":0,"sales_last_days":0,"reserved_stock":null,"customer_returns":null,"warehouse_damage":null,"lost_in_post":null,"other_logs":null,"out_stock_days":0,"lost_sales":0,"has_location":null,"update_date":"2026-05-08T05:11:59","atum_locations":[],"atum_stock_status":"instock","restock_status":false,"low_stock_amount":"","sales_update_date":"2026-01-30T01:24:43","calc_backorders":null,"_links":{"self":[{"href":"https:\/\/aromasentia.com\/no\/wp-json\/wp\/v2\/product\/203334","targetHints":{"allow":["GET"]}}],"collection":[{"href":"https:\/\/aromasentia.com\/no\/wp-json\/wp\/v2\/product"}],"about":[{"href":"https:\/\/aromasentia.com\/no\/wp-json\/wp\/v2\/types\/product"}],"replies":[{"embeddable":true,"href":"https:\/\/aromasentia.com\/no\/wp-json\/wp\/v2\/comments?post=203334"}],"version-history":[{"count":0,"href":"https:\/\/aromasentia.com\/no\/wp-json\/wp\/v2\/product\/203334\/revisions"}],"wp:featuredmedia":[{"embeddable":true,"href":"https:\/\/aromasentia.com\/no\/wp-json\/wp\/v2\/media\/439612"}],"wp:attachment":[{"href":"https:\/\/aromasentia.com\/no\/wp-json\/wp\/v2\/media?parent=203334"}],"wp:term":[{"taxonomy":"product_brand","embeddable":true,"href":"https:\/\/aromasentia.com\/no\/wp-json\/wp\/v2\/product_brand?post=203334"},{"taxonomy":"product_cat","embeddable":true,"href":"https:\/\/aromasentia.com\/no\/wp-json\/wp\/v2\/product_cat?post=203334"},{"taxonomy":"product_tag","embeddable":true,"href":"https:\/\/aromasentia.com\/no\/wp-json\/wp\/v2\/product_tag?post=203334"}],"curies":[{"name":"wp","href":"https:\/\/api.w.org\/{rel}","templated":true}]}}