{"id":203326,"date":"2025-03-23T12:14:33","date_gmt":"2025-03-23T12:14:33","guid":{"rendered":"https:\/\/aromasentia.com\/product\/black-money-cat-15cm\/"},"modified":"2025-05-30T23:52:28","modified_gmt":"2025-05-30T23:52:28","slug":"svart-pengekatt-15-cm","status":"publish","type":"product","link":"https:\/\/aromasentia.com\/no\/svart-pengekatt-15-cm\/","title":{"rendered":"Svart Pengekatt &#8211; 15 cm"},"content":{"rendered":"<p><span style=\"color: rgb(75, 80, 88);\">1 x AAA-batteri<\/span><\/p>\n<p><span style=\"color: rgb(75, 80, 88);\">Disse kinesiske heldige vinkende kattene er fra gammel visdom. De vil invitere penger, eiendom, rikdom, forretningsmuligheter og venner til den som eier en, og vinke lykke til eierne.<\/span><\/p>\n<p><span style=\"color: rgb(75, 80, 88);\">Venstreh\u00e5nden beveger seg frem og tilbake p\u00e5 en vinkende m\u00e5te, noe som bidrar til \u00e5 tiltrekke seg rikdom og formue.<\/span><\/p>\n<p><span style=\"color: rgb(75, 80, 88);\">De g\u00e5r p\u00e5 ett eller to AA- og AAA-batterier (ikke inkludert).<\/span><\/p>\n<p><span style=\"color: rgb(75, 80, 88);\">Merk: Batterirommet har ikke deksel og har heller ikke en av\/p\u00e5-knapp, da det er designet for \u00e5 vinke. konstant.<\/span><\/p>\n<p><span style=\"color: rgb(75, 80, 88);\">Vil de bringe penger hjem til deg?<\/span><\/p>\n","protected":false},"excerpt":{"rendered":"<p>1 x AAA-batteri Disse kinesiske heldige vinkende kattene er fra gammel visdom. De vil invitere penger, eiendom, rikdom, forretningsmuligheter og venner til den som eier en, og vinke lykke til eierne. Venstreh\u00e5nden beveger seg frem og tilbake p\u00e5 en vinkende m\u00e5te, noe som bidrar til \u00e5 tiltrekke seg rikdom og formue. De g\u00e5r p\u00e5 ett [&hellip;]<\/p>\n","protected":false},"featured_media":440015,"comment_status":"closed","ping_status":"open","template":"","meta":[],"product_brand":[],"product_cat":[8373,8374],"product_tag":[],"class_list":{"0":"post-203326","1":"product","2":"type-product","3":"status-publish","4":"has-post-thumbnail","6":"product_cat-feng-shui-og-tibetansk-kolleksjon","7":"product_cat-vintage-gaver-og-suvenirer","8":"pa_collection-lucky-waving-chinese-cat-no","9":"pa_made-in-kina","11":"first","12":"instock","13":"purchasable","14":"product-type-simple"},"supplier_id":null,"supplier_sku":"MCAT-07","barcode":null,"atum_controlled":true,"out_stock_date":null,"out_stock_threshold":null,"inheritable":false,"inbound_stock":null,"stock_on_hold":0,"sold_today":0,"sales_last_days":0,"reserved_stock":null,"customer_returns":null,"warehouse_damage":null,"lost_in_post":null,"other_logs":null,"out_stock_days":0,"lost_sales":0,"has_location":null,"update_date":"2026-02-10T08:33:00","atum_locations":[],"atum_stock_status":"instock","restock_status":false,"low_stock_amount":"","sales_update_date":"2025-09-03T00:25:47","calc_backorders":null,"_links":{"self":[{"href":"https:\/\/aromasentia.com\/no\/wp-json\/wp\/v2\/product\/203326","targetHints":{"allow":["GET"]}}],"collection":[{"href":"https:\/\/aromasentia.com\/no\/wp-json\/wp\/v2\/product"}],"about":[{"href":"https:\/\/aromasentia.com\/no\/wp-json\/wp\/v2\/types\/product"}],"replies":[{"embeddable":true,"href":"https:\/\/aromasentia.com\/no\/wp-json\/wp\/v2\/comments?post=203326"}],"version-history":[{"count":0,"href":"https:\/\/aromasentia.com\/no\/wp-json\/wp\/v2\/product\/203326\/revisions"}],"wp:featuredmedia":[{"embeddable":true,"href":"https:\/\/aromasentia.com\/no\/wp-json\/wp\/v2\/media\/440015"}],"wp:attachment":[{"href":"https:\/\/aromasentia.com\/no\/wp-json\/wp\/v2\/media?parent=203326"}],"wp:term":[{"taxonomy":"product_brand","embeddable":true,"href":"https:\/\/aromasentia.com\/no\/wp-json\/wp\/v2\/product_brand?post=203326"},{"taxonomy":"product_cat","embeddable":true,"href":"https:\/\/aromasentia.com\/no\/wp-json\/wp\/v2\/product_cat?post=203326"},{"taxonomy":"product_tag","embeddable":true,"href":"https:\/\/aromasentia.com\/no\/wp-json\/wp\/v2\/product_tag?post=203326"}],"curies":[{"name":"wp","href":"https:\/\/api.w.org\/{rel}","templated":true}]}}