{"id":203321,"date":"2025-03-23T12:14:33","date_gmt":"2025-03-23T12:14:33","guid":{"rendered":"https:\/\/aromasentia.com\/product\/classic-money-cat\/"},"modified":"2025-05-30T23:52:18","modified_gmt":"2025-05-30T23:52:18","slug":"klassisk-pengekatt","status":"publish","type":"product","link":"https:\/\/aromasentia.com\/no\/klassisk-pengekatt\/","title":{"rendered":"Klassisk Pengekatt"},"content":{"rendered":"<p><strong><span style=\"color: rgb(75, 80, 88);\">Aroma Sentia soldrevet pengekatt<\/span><\/strong><span style=\"color: rgb(75, 80, 88);\">Disse kinesiske heldige vinkende kattene inviterer penger, eiendom, rikdom, forretningsmuligheter og venner til den som eier en, og vinker lykke til eierne.<\/span><\/p>\n<p><span style=\"color: rgb(75, 80, 88);\">Venstreh\u00e5nden beveger seg frem og tilbake p\u00e5 en vinkende m\u00e5te, noe som bidrar til \u00e5 tiltrekke seg rikdom og formue.<\/span><\/p>\n<p><span style=\"color: rgb(141, 186, 216);\"><strong>De bruker ett eller to AA- og AAA-batterier (ikke inkludert).<\/strong><\/span><\/p>\n<p><span style=\"color: rgb(141, 186, 216);\"><strong>Merk: Batterirommet har ikke deksel og gj\u00f8r det heller ikke ikke ha en av\/p\u00e5-knapp, da den er designet for \u00e5 vifte konstant.<\/strong><\/span><\/p>\n<p><span style=\"color: rgb(75, 80, 88);\">St\u00f8rrelse: B: 12 cm H: 17,5 cm<\/span><\/p>\n","protected":false},"excerpt":{"rendered":"<p>Aroma Sentia soldrevet pengekattDisse kinesiske heldige vinkende kattene inviterer penger, eiendom, rikdom, forretningsmuligheter og venner til den som eier en, og vinker lykke til eierne. Venstreh\u00e5nden beveger seg frem og tilbake p\u00e5 en vinkende m\u00e5te, noe som bidrar til \u00e5 tiltrekke seg rikdom og formue. De bruker ett eller to AA- og AAA-batterier (ikke inkludert). [&hellip;]<\/p>\n","protected":false},"featured_media":439962,"comment_status":"closed","ping_status":"open","template":"","meta":[],"product_brand":[],"product_cat":[8373,8374],"product_tag":[],"class_list":{"0":"post-203321","1":"product","2":"type-product","3":"status-publish","4":"has-post-thumbnail","6":"product_cat-feng-shui-og-tibetansk-kolleksjon","7":"product_cat-vintage-gaver-og-suvenirer","8":"pa_collection-lucky-waving-chinese-cat-no","9":"pa_made-in-kina","11":"first","12":"instock","13":"purchasable","14":"product-type-simple"},"supplier_id":null,"supplier_sku":"MCAT-01","barcode":null,"atum_controlled":true,"out_stock_date":null,"out_stock_threshold":null,"inheritable":false,"inbound_stock":null,"stock_on_hold":0,"sold_today":0,"sales_last_days":0,"reserved_stock":null,"customer_returns":null,"warehouse_damage":null,"lost_in_post":null,"other_logs":null,"out_stock_days":0,"lost_sales":0,"has_location":null,"update_date":"2026-02-09T11:41:04","atum_locations":[],"atum_stock_status":"instock","restock_status":false,"low_stock_amount":"","sales_update_date":"2025-09-03T00:25:49","calc_backorders":null,"_links":{"self":[{"href":"https:\/\/aromasentia.com\/no\/wp-json\/wp\/v2\/product\/203321","targetHints":{"allow":["GET"]}}],"collection":[{"href":"https:\/\/aromasentia.com\/no\/wp-json\/wp\/v2\/product"}],"about":[{"href":"https:\/\/aromasentia.com\/no\/wp-json\/wp\/v2\/types\/product"}],"replies":[{"embeddable":true,"href":"https:\/\/aromasentia.com\/no\/wp-json\/wp\/v2\/comments?post=203321"}],"version-history":[{"count":0,"href":"https:\/\/aromasentia.com\/no\/wp-json\/wp\/v2\/product\/203321\/revisions"}],"wp:featuredmedia":[{"embeddable":true,"href":"https:\/\/aromasentia.com\/no\/wp-json\/wp\/v2\/media\/439962"}],"wp:attachment":[{"href":"https:\/\/aromasentia.com\/no\/wp-json\/wp\/v2\/media?parent=203321"}],"wp:term":[{"taxonomy":"product_brand","embeddable":true,"href":"https:\/\/aromasentia.com\/no\/wp-json\/wp\/v2\/product_brand?post=203321"},{"taxonomy":"product_cat","embeddable":true,"href":"https:\/\/aromasentia.com\/no\/wp-json\/wp\/v2\/product_cat?post=203321"},{"taxonomy":"product_tag","embeddable":true,"href":"https:\/\/aromasentia.com\/no\/wp-json\/wp\/v2\/product_tag?post=203321"}],"curies":[{"name":"wp","href":"https:\/\/api.w.org\/{rel}","templated":true}]}}