{"id":203312,"date":"2025-03-23T12:15:38","date_gmt":"2025-03-23T12:15:38","guid":{"rendered":"https:\/\/aromasentia.com\/product\/mango-carved-tea-box-4-compartments-15x15x8cm\/"},"modified":"2025-05-30T23:52:01","modified_gmt":"2025-05-30T23:52:01","slug":"mango-utskaret-teeske-4-rom-15x15x8cm","status":"publish","type":"product","link":"https:\/\/aromasentia.com\/no\/mango-utskaret-teeske-4-rom-15x15x8cm\/","title":{"rendered":"Mango Utsk\u00e5ret Teeske (4 Rom) &#8211; 15x15x8Cm"},"content":{"rendered":"<p><span style=\"color: rgb(75, 80, 88);\"><strong>Oppdag et produkt som kombinerer skj\u00f8nnhet, funksjonalitet og b\u00e6rekraft.<\/strong> Disse<span style=\"color: rgb(75, 80, 88);\">teboksene med utsk\u00e5rne mangotre og fire rom med l\u00e5s er h\u00e5ndlaget av mangotre og n\u00f8ye h\u00e5ndsk\u00e5ret av h\u00e5ndverkere i India. De er perfekte for \u00e5 organisere og vise frem tesamlinger.<\/span><\/p>\n<p><span style=\"color: rgb(75, 80, 88);\">De gir praktiske egenskaper med et snev av rustikk sjarm til ethvert kj\u00f8kken eller butikkutstilling. I tillegg fullf\u00f8rer messingl\u00e5sene det vintage-utseendet, samtidig som teen holdes frisk og smakene intakte.<\/span><\/p>\n<p><span style=\"color: rgb(75, 80, 88);\">Enten du selger interi\u00f8r, kj\u00f8kkenutstyr eller spesialteer, er disse allsidige teboksene et must-have i butikken din.<\/span><\/p>\n<p><span style=\"color: rgb(75, 80, 88);\"><strong><em>St\u00f8rrelse:<\/em><\/strong><\/span><\/p>\n<p><span style=\"color: rgb(75, 80, 88);\"><strong><em>15x15x8cm &nbsp;<\/em><\/strong><\/span><\/p>\n<p><span style=\"color: rgb(141, 186, 216);\"><strong>De passer s\u00f8ml\u00f8st inn i ethvert inventar og tilbyr en milj\u00f8bevisst oppbevaringsl\u00f8sning som er like praktisk som den er vakker.<\/strong><\/span><\/p>\n","protected":false},"excerpt":{"rendered":"<p>Oppdag et produkt som kombinerer skj\u00f8nnhet, funksjonalitet og b\u00e6rekraft. Disseteboksene med utsk\u00e5rne mangotre og fire rom med l\u00e5s er h\u00e5ndlaget av mangotre og n\u00f8ye h\u00e5ndsk\u00e5ret av h\u00e5ndverkere i India. De er perfekte for \u00e5 organisere og vise frem tesamlinger. De gir praktiske egenskaper med et snev av rustikk sjarm til ethvert kj\u00f8kken eller butikkutstilling. I [&hellip;]<\/p>\n","protected":false},"featured_media":667952,"comment_status":"closed","ping_status":"open","template":"","meta":[],"product_brand":[],"product_cat":[8386,8385],"product_tag":[],"class_list":{"0":"post-203312","1":"product","2":"type-product","3":"status-publish","4":"has-post-thumbnail","6":"product_cat-gave-bokser-og-gaveoppbevaring","7":"product_cat-gaveinnpakning","8":"pa_collection-hand-carved-mango-wood-tea-boxes-no","9":"pa_made-in-india","11":"first","12":"instock","13":"purchasable","14":"product-type-simple"},"supplier_id":null,"supplier_sku":"TeaBx-01","barcode":null,"atum_controlled":true,"out_stock_date":null,"out_stock_threshold":null,"inheritable":false,"inbound_stock":null,"stock_on_hold":0,"sold_today":0,"sales_last_days":0,"reserved_stock":null,"customer_returns":null,"warehouse_damage":null,"lost_in_post":null,"other_logs":null,"out_stock_days":0,"lost_sales":0,"has_location":null,"update_date":"2026-02-10T10:24:00","atum_locations":[],"atum_stock_status":"instock","restock_status":false,"low_stock_amount":"","sales_update_date":"2026-01-20T05:14:12","calc_backorders":null,"_links":{"self":[{"href":"https:\/\/aromasentia.com\/no\/wp-json\/wp\/v2\/product\/203312","targetHints":{"allow":["GET"]}}],"collection":[{"href":"https:\/\/aromasentia.com\/no\/wp-json\/wp\/v2\/product"}],"about":[{"href":"https:\/\/aromasentia.com\/no\/wp-json\/wp\/v2\/types\/product"}],"replies":[{"embeddable":true,"href":"https:\/\/aromasentia.com\/no\/wp-json\/wp\/v2\/comments?post=203312"}],"version-history":[{"count":0,"href":"https:\/\/aromasentia.com\/no\/wp-json\/wp\/v2\/product\/203312\/revisions"}],"wp:featuredmedia":[{"embeddable":true,"href":"https:\/\/aromasentia.com\/no\/wp-json\/wp\/v2\/media\/667952"}],"wp:attachment":[{"href":"https:\/\/aromasentia.com\/no\/wp-json\/wp\/v2\/media?parent=203312"}],"wp:term":[{"taxonomy":"product_brand","embeddable":true,"href":"https:\/\/aromasentia.com\/no\/wp-json\/wp\/v2\/product_brand?post=203312"},{"taxonomy":"product_cat","embeddable":true,"href":"https:\/\/aromasentia.com\/no\/wp-json\/wp\/v2\/product_cat?post=203312"},{"taxonomy":"product_tag","embeddable":true,"href":"https:\/\/aromasentia.com\/no\/wp-json\/wp\/v2\/product_tag?post=203312"}],"curies":[{"name":"wp","href":"https:\/\/api.w.org\/{rel}","templated":true}]}}