{"id":203310,"date":"2025-03-23T12:15:38","date_gmt":"2025-03-23T12:15:38","guid":{"rendered":"https:\/\/aromasentia.com\/product\/small-notebook-with-strap-leaves-on-the-same-tree\/"},"modified":"2025-05-30T23:51:57","modified_gmt":"2025-05-30T23:51:57","slug":"notatbok-med-stropp-bladene-pa-det-samme-treet-liten","status":"publish","type":"product","link":"https:\/\/aromasentia.com\/no\/notatbok-med-stropp-bladene-pa-det-samme-treet-liten\/","title":{"rendered":"Notatbok med Stropp &#8211; Bladene P\u00e5 Det Samme Treet Liten"},"content":{"rendered":"<p>Denne <strong>Aroma Sentia<\/strong> designernotatboken <strong><span style=\"color: rgb(141, 186, 216);\">Liten notatbok med stropp &#8211; Blader p\u00e5 samme tre<\/span><\/strong> er virkelig fantastisk!<\/p>\n<p>Hver notatbok inneholder <strong>200 sider<\/strong> med vanskelig opps\u00f8kt antikt resirkulert papir. Sidene er ulinjerte, slik at kundene dine kan v\u00e6re kreative og enten skrive eller tegne, eller begge deler.<\/p>\n<p>Notatboken i ideell st\u00f8rrelse med stropp og kokosknapp er et flott valg i enhver gavebutikk. &nbsp;Fint \u00e5 vise frem i butikken \u2013 raskt solgt vare.<\/p>\n<p style=\"text-align: left;\"><em>* 200 sider med milj\u00f8vennlig papir*&nbsp;<\/em><\/p>\n<p style=\"text-align: left;\"><em>* St\u00f8rrelse: 18 x 12,5 cm<\/em><\/p>\n<p style=\"text-align: left;\"><em>* Stropp med kokosknapp<\/em><\/p>\n<p style=\"text-align: left;\"><em>* Fint, trendy sitat<\/em><\/p>\n<p style=\"text-align: left;\"><em>* H\u00e5ndlaget i India<\/em><\/p>\n<p>&nbsp;<span style=\"color: rgb(141, 186, 216);\"><strong>G\u00e5r sikkert for \u00e5 bli en storselger i enhver gavebutikk. Bestill noen ekstra salg n\u00e5.<\/strong><\/span><\/p>\n","protected":false},"excerpt":{"rendered":"<p>Denne Aroma Sentia designernotatboken Liten notatbok med stropp &#8211; Blader p\u00e5 samme tre er virkelig fantastisk! Hver notatbok inneholder 200 sider med vanskelig opps\u00f8kt antikt resirkulert papir. Sidene er ulinjerte, slik at kundene dine kan v\u00e6re kreative og enten skrive eller tegne, eller begge deler. Notatboken i ideell st\u00f8rrelse med stropp og kokosknapp er et [&hellip;]<\/p>\n","protected":false},"featured_media":667980,"comment_status":"closed","ping_status":"open","template":"","meta":[],"product_brand":[],"product_cat":[8379,8374],"product_tag":[],"class_list":{"0":"post-203310","1":"product","2":"type-product","3":"status-publish","4":"has-post-thumbnail","6":"product_cat-notatboker","7":"product_cat-vintage-gaver-og-suvenirer","8":"pa_collection-designer-notebooks-no","9":"pa_made-in-india","11":"first","12":"instock","13":"purchasable","14":"product-type-simple"},"supplier_id":null,"supplier_sku":"PNB-02","barcode":null,"atum_controlled":true,"out_stock_date":null,"out_stock_threshold":null,"inheritable":false,"inbound_stock":null,"stock_on_hold":0,"sold_today":0,"sales_last_days":0,"reserved_stock":null,"customer_returns":null,"warehouse_damage":null,"lost_in_post":null,"other_logs":null,"out_stock_days":0,"lost_sales":0,"has_location":null,"update_date":"2026-01-30T01:24:57","atum_locations":[],"atum_stock_status":"instock","restock_status":false,"low_stock_amount":"","sales_update_date":"2026-01-30T01:24:57","calc_backorders":null,"_links":{"self":[{"href":"https:\/\/aromasentia.com\/no\/wp-json\/wp\/v2\/product\/203310","targetHints":{"allow":["GET"]}}],"collection":[{"href":"https:\/\/aromasentia.com\/no\/wp-json\/wp\/v2\/product"}],"about":[{"href":"https:\/\/aromasentia.com\/no\/wp-json\/wp\/v2\/types\/product"}],"replies":[{"embeddable":true,"href":"https:\/\/aromasentia.com\/no\/wp-json\/wp\/v2\/comments?post=203310"}],"version-history":[{"count":0,"href":"https:\/\/aromasentia.com\/no\/wp-json\/wp\/v2\/product\/203310\/revisions"}],"wp:featuredmedia":[{"embeddable":true,"href":"https:\/\/aromasentia.com\/no\/wp-json\/wp\/v2\/media\/667980"}],"wp:attachment":[{"href":"https:\/\/aromasentia.com\/no\/wp-json\/wp\/v2\/media?parent=203310"}],"wp:term":[{"taxonomy":"product_brand","embeddable":true,"href":"https:\/\/aromasentia.com\/no\/wp-json\/wp\/v2\/product_brand?post=203310"},{"taxonomy":"product_cat","embeddable":true,"href":"https:\/\/aromasentia.com\/no\/wp-json\/wp\/v2\/product_cat?post=203310"},{"taxonomy":"product_tag","embeddable":true,"href":"https:\/\/aromasentia.com\/no\/wp-json\/wp\/v2\/product_tag?post=203310"}],"curies":[{"name":"wp","href":"https:\/\/api.w.org\/{rel}","templated":true}]}}