{"id":203304,"date":"2025-03-23T12:15:38","date_gmt":"2025-03-23T12:15:38","guid":{"rendered":"https:\/\/aromasentia.com\/product\/handmade-leather-journal-travel-the-world-brown-80-pages\/"},"modified":"2025-05-30T23:51:33","modified_gmt":"2025-05-30T23:51:33","slug":"handlaget-dagbok-notisbok-notisblok-laer-travel-the-world-brun-80-sider","status":"publish","type":"product","link":"https:\/\/aromasentia.com\/no\/handlaget-dagbok-notisbok-notisblok-laer-travel-the-world-brun-80-sider\/","title":{"rendered":"H\u00e5ndlaget Dagbok Notisbok Notisblok L\u00e6r &#8211; Travel The World &#8211; Brun (80 Sider)"},"content":{"rendered":"<p>Den unike vintagegaven til dine kj\u00e6re for mange anledninger. Tynne, p\u00e5fyllbare hefter med fantastiske pregede design.<\/p>\n<p>Nyt forskjellige farger og stiler. H\u00e5ndlagde skinnjournaler kan brukes som notatb\u00f8ker, dagb\u00f8ker eller skisseb\u00f8ker.<\/p>\n<p>B\u00e5nd som kan rulles rundt \u2013 veldig elegant.<\/p>\n<p>\u2714 Popul\u00e6r gave til oppvekst<br \/>\u2714 Flott utstilling i butikken \u2013 raskt salg<br \/>\u2714 80 blanke sider \u2013 laget med milj\u00f8vennlig papir<br \/>\u2714 St\u00f8rrelse 22x12x1,5 cm<br \/>\u2714 5 forskjellige farger<\/p>\n<p>Selger ekstra penger \u2013 garantert en storselger i butikken<\/p>\n","protected":false},"excerpt":{"rendered":"<p>Den unike vintagegaven til dine kj\u00e6re for mange anledninger. Tynne, p\u00e5fyllbare hefter med fantastiske pregede design. Nyt forskjellige farger og stiler. H\u00e5ndlagde skinnjournaler kan brukes som notatb\u00f8ker, dagb\u00f8ker eller skisseb\u00f8ker. B\u00e5nd som kan rulles rundt \u2013 veldig elegant. \u2714 Popul\u00e6r gave til oppvekst\u2714 Flott utstilling i butikken \u2013 raskt salg\u2714 80 blanke sider \u2013 laget [&hellip;]<\/p>\n","protected":false},"featured_media":668219,"comment_status":"closed","ping_status":"open","template":"","meta":[],"product_brand":[],"product_cat":[8379,8374],"product_tag":[],"class_list":{"0":"post-203304","1":"product","2":"type-product","3":"status-publish","4":"has-post-thumbnail","6":"product_cat-notatboker","7":"product_cat-vintage-gaver-og-suvenirer","8":"pa_collection-leather-message-journals-no","9":"pa_made-in-india","11":"first","12":"instock","13":"purchasable","14":"product-type-simple"},"supplier_id":null,"supplier_sku":"MSJ-10","barcode":null,"atum_controlled":true,"out_stock_date":null,"out_stock_threshold":null,"inheritable":false,"inbound_stock":null,"stock_on_hold":0,"sold_today":0,"sales_last_days":0,"reserved_stock":null,"customer_returns":null,"warehouse_damage":null,"lost_in_post":null,"other_logs":null,"out_stock_days":0,"lost_sales":0,"has_location":null,"update_date":"2026-02-03T03:18:20","atum_locations":[],"atum_stock_status":"instock","restock_status":false,"low_stock_amount":"","sales_update_date":"2025-09-03T00:25:45","calc_backorders":null,"_links":{"self":[{"href":"https:\/\/aromasentia.com\/no\/wp-json\/wp\/v2\/product\/203304","targetHints":{"allow":["GET"]}}],"collection":[{"href":"https:\/\/aromasentia.com\/no\/wp-json\/wp\/v2\/product"}],"about":[{"href":"https:\/\/aromasentia.com\/no\/wp-json\/wp\/v2\/types\/product"}],"replies":[{"embeddable":true,"href":"https:\/\/aromasentia.com\/no\/wp-json\/wp\/v2\/comments?post=203304"}],"version-history":[{"count":0,"href":"https:\/\/aromasentia.com\/no\/wp-json\/wp\/v2\/product\/203304\/revisions"}],"wp:featuredmedia":[{"embeddable":true,"href":"https:\/\/aromasentia.com\/no\/wp-json\/wp\/v2\/media\/668219"}],"wp:attachment":[{"href":"https:\/\/aromasentia.com\/no\/wp-json\/wp\/v2\/media?parent=203304"}],"wp:term":[{"taxonomy":"product_brand","embeddable":true,"href":"https:\/\/aromasentia.com\/no\/wp-json\/wp\/v2\/product_brand?post=203304"},{"taxonomy":"product_cat","embeddable":true,"href":"https:\/\/aromasentia.com\/no\/wp-json\/wp\/v2\/product_cat?post=203304"},{"taxonomy":"product_tag","embeddable":true,"href":"https:\/\/aromasentia.com\/no\/wp-json\/wp\/v2\/product_tag?post=203304"}],"curies":[{"name":"wp","href":"https:\/\/api.w.org\/{rel}","templated":true}]}}