{"id":203292,"date":"2025-03-23T12:17:27","date_gmt":"2025-03-23T12:17:27","guid":{"rendered":"https:\/\/aromasentia.com\/product\/vintage-deco-multi-purpose-box-22x12x10cm-antique-lines\/"},"modified":"2025-05-30T23:51:07","modified_gmt":"2025-05-30T23:51:07","slug":"vintage-deco-flerbruksboks-22x12x10cm-antikke-linjer","status":"publish","type":"product","link":"https:\/\/aromasentia.com\/no\/vintage-deco-flerbruksboks-22x12x10cm-antikke-linjer\/","title":{"rendered":"Vintage Deco &#8211; Flerbruksboks &#8211; 22x12x10cm &#8211; Antikke Linjer"},"content":{"rendered":"<p><span style=\"color: rgb(75, 80, 88);\">Dykk ned i den rike varmen til v\u00e5r <strong>Antique Lines Vintage Deco Box.<\/strong><\/span> <\/p>\n<p><span style=\"color: rgb(75, 80, 88);\">Det m\u00f8rkebrune treverket, med elegante linjer p\u00e5 lokket, lokker med en f\u00f8lelse av tidl\u00f8s raffinement. Det vintage-inspirerte designet og den rike brune fargen gj\u00f8r den til et perfekt tillegg til ulike innredningsstiler.<\/span><\/p>\n<p><span style=\"color: rgb(75, 80, 88);\">Denne allsidige boksen er ideell for \u00e5 organisere en rekke gjenstander, <strong>fra smykker og pyntegjenstander til kontorrekvisita<\/strong>, og gir oppbevaringsl\u00f8sningene dine et snev av nostalgi. &nbsp;<\/span><\/p>\n<p><span style=\"farge: rgb(75, 80, 88);\"><strong>M\u00e5l:<\/strong>&nbsp;<\/span><em><span style=\"farge: rgb(75, 80, 88);\">22x12x10cm<\/span><\/em><\/p>\n","protected":false},"excerpt":{"rendered":"<p>Dykk ned i den rike varmen til v\u00e5r Antique Lines Vintage Deco Box. Det m\u00f8rkebrune treverket, med elegante linjer p\u00e5 lokket, lokker med en f\u00f8lelse av tidl\u00f8s raffinement. Det vintage-inspirerte designet og den rike brune fargen gj\u00f8r den til et perfekt tillegg til ulike innredningsstiler. Denne allsidige boksen er ideell for \u00e5 organisere en rekke [&hellip;]<\/p>\n","protected":false},"featured_media":441151,"comment_status":"closed","ping_status":"open","template":"","meta":{"_angie_page":false},"product_brand":[],"product_cat":[8386,8385],"product_tag":[],"class_list":{"0":"post-203292","1":"product","2":"type-product","3":"status-publish","4":"has-post-thumbnail","6":"product_cat-gave-bokser-og-gaveoppbevaring","7":"product_cat-gaveinnpakning","8":"pa_collection-vintage-deco-boxes-no","9":"pa_made-in-india","11":"first","12":"instock","13":"purchasable","14":"product-type-simple"},"supplier_id":null,"supplier_sku":"VDBox-04","barcode":null,"atum_controlled":true,"out_stock_date":null,"out_stock_threshold":null,"inheritable":false,"inbound_stock":null,"stock_on_hold":0,"sold_today":0,"sales_last_days":0,"reserved_stock":null,"customer_returns":null,"warehouse_damage":null,"lost_in_post":null,"other_logs":null,"out_stock_days":0,"lost_sales":0,"has_location":null,"update_date":"2026-04-27T07:26:03","atum_locations":[],"atum_stock_status":"instock","restock_status":false,"low_stock_amount":"","sales_update_date":"2026-02-06T00:01:49","calc_backorders":null,"_links":{"self":[{"href":"https:\/\/aromasentia.com\/no\/wp-json\/wp\/v2\/product\/203292","targetHints":{"allow":["GET"]}}],"collection":[{"href":"https:\/\/aromasentia.com\/no\/wp-json\/wp\/v2\/product"}],"about":[{"href":"https:\/\/aromasentia.com\/no\/wp-json\/wp\/v2\/types\/product"}],"replies":[{"embeddable":true,"href":"https:\/\/aromasentia.com\/no\/wp-json\/wp\/v2\/comments?post=203292"}],"version-history":[{"count":0,"href":"https:\/\/aromasentia.com\/no\/wp-json\/wp\/v2\/product\/203292\/revisions"}],"wp:featuredmedia":[{"embeddable":true,"href":"https:\/\/aromasentia.com\/no\/wp-json\/wp\/v2\/media\/441151"}],"wp:attachment":[{"href":"https:\/\/aromasentia.com\/no\/wp-json\/wp\/v2\/media?parent=203292"}],"wp:term":[{"taxonomy":"product_brand","embeddable":true,"href":"https:\/\/aromasentia.com\/no\/wp-json\/wp\/v2\/product_brand?post=203292"},{"taxonomy":"product_cat","embeddable":true,"href":"https:\/\/aromasentia.com\/no\/wp-json\/wp\/v2\/product_cat?post=203292"},{"taxonomy":"product_tag","embeddable":true,"href":"https:\/\/aromasentia.com\/no\/wp-json\/wp\/v2\/product_tag?post=203292"}],"curies":[{"name":"wp","href":"https:\/\/api.w.org\/{rel}","templated":true}]}}