{"id":203291,"date":"2025-03-23T12:17:27","date_gmt":"2025-03-23T12:17:27","guid":{"rendered":"https:\/\/aromasentia.com\/product\/vintage-deco-multi-purpose-box-22x12x10cm-black-swirls\/"},"modified":"2025-05-30T23:51:04","modified_gmt":"2025-05-30T23:51:04","slug":"vintage-deco-flerbrukseske-22x12x10cm-svarte-virvler","status":"publish","type":"product","link":"https:\/\/aromasentia.com\/no\/vintage-deco-flerbrukseske-22x12x10cm-svarte-virvler\/","title":{"rendered":"Vintage Deco &#8211; Flerbrukseske &#8211; 22x12x10cm &#8211; Svarte Virvler"},"content":{"rendered":"<p><span style=\"color: rgb(75, 80, 88);\">Fordyp deg i sjarmen til v\u00e5r <strong>Black Swirls Vintage Deco Box<\/strong> \u2013 et blikkfang som overg\u00e5r nytteverdi.<\/span> <\/p>\n<p><span style=\"color: rgb(75, 80, 88);\">Den helsvarte boksen p\u00e5 22 x 12 x 10 cm har intrikat graverte virvler p\u00e5 lokket, som gir et snev av mystikk og raffinement til rommet ditt. Det vintage-inspirerte designet og den sl\u00f8ve fargen gj\u00f8r den til et perfekt tillegg til ulike innredningsstiler.<\/span><\/p>\n<p><span style=\"color: rgb(75, 80, 88);\">Ideell for \u00e5 organisere en rekke gjenstander, <strong>fra smykker og pyntegjenstander til kontorrekvisita<\/strong>, gir denne multifunksjonelle boksen et snev av nostalgi til oppbevaringsl\u00f8sningene dine. &nbsp;<\/span><\/p>\n<p><span style=\"farge: rgb(75, 80, 88);\"><strong>M\u00e5l:<\/strong>&nbsp;<\/span><em><span style=\"farge: rgb(75, 80, 88);\">22x12x10cm<\/span><\/em><\/p>\n","protected":false},"excerpt":{"rendered":"<p>Fordyp deg i sjarmen til v\u00e5r Black Swirls Vintage Deco Box \u2013 et blikkfang som overg\u00e5r nytteverdi. Den helsvarte boksen p\u00e5 22 x 12 x 10 cm har intrikat graverte virvler p\u00e5 lokket, som gir et snev av mystikk og raffinement til rommet ditt. Det vintage-inspirerte designet og den sl\u00f8ve fargen gj\u00f8r den til et [&hellip;]<\/p>\n","protected":false},"featured_media":441142,"comment_status":"closed","ping_status":"open","template":"","meta":{"_angie_page":false},"product_brand":[],"product_cat":[8386,8385],"product_tag":[],"class_list":{"0":"post-203291","1":"product","2":"type-product","3":"status-publish","4":"has-post-thumbnail","6":"product_cat-gave-bokser-og-gaveoppbevaring","7":"product_cat-gaveinnpakning","8":"pa_collection-vintage-deco-boxes-no","9":"pa_made-in-india","11":"first","12":"instock","13":"purchasable","14":"product-type-simple"},"supplier_id":null,"supplier_sku":"VDBox-03","barcode":null,"atum_controlled":true,"out_stock_date":null,"out_stock_threshold":null,"inheritable":false,"inbound_stock":null,"stock_on_hold":0,"sold_today":0,"sales_last_days":0,"reserved_stock":null,"customer_returns":null,"warehouse_damage":null,"lost_in_post":null,"other_logs":null,"out_stock_days":0,"lost_sales":0,"has_location":null,"update_date":"2026-04-27T07:26:03","atum_locations":[],"atum_stock_status":"instock","restock_status":false,"low_stock_amount":"","sales_update_date":"2026-02-06T00:01:47","calc_backorders":null,"_links":{"self":[{"href":"https:\/\/aromasentia.com\/no\/wp-json\/wp\/v2\/product\/203291","targetHints":{"allow":["GET"]}}],"collection":[{"href":"https:\/\/aromasentia.com\/no\/wp-json\/wp\/v2\/product"}],"about":[{"href":"https:\/\/aromasentia.com\/no\/wp-json\/wp\/v2\/types\/product"}],"replies":[{"embeddable":true,"href":"https:\/\/aromasentia.com\/no\/wp-json\/wp\/v2\/comments?post=203291"}],"version-history":[{"count":0,"href":"https:\/\/aromasentia.com\/no\/wp-json\/wp\/v2\/product\/203291\/revisions"}],"wp:featuredmedia":[{"embeddable":true,"href":"https:\/\/aromasentia.com\/no\/wp-json\/wp\/v2\/media\/441142"}],"wp:attachment":[{"href":"https:\/\/aromasentia.com\/no\/wp-json\/wp\/v2\/media?parent=203291"}],"wp:term":[{"taxonomy":"product_brand","embeddable":true,"href":"https:\/\/aromasentia.com\/no\/wp-json\/wp\/v2\/product_brand?post=203291"},{"taxonomy":"product_cat","embeddable":true,"href":"https:\/\/aromasentia.com\/no\/wp-json\/wp\/v2\/product_cat?post=203291"},{"taxonomy":"product_tag","embeddable":true,"href":"https:\/\/aromasentia.com\/no\/wp-json\/wp\/v2\/product_tag?post=203291"}],"curies":[{"name":"wp","href":"https:\/\/api.w.org\/{rel}","templated":true}]}}