{"id":203286,"date":"2025-03-23T12:17:27","date_gmt":"2025-03-23T12:17:27","guid":{"rendered":"https:\/\/aromasentia.com\/product\/tree-of-life-dreamcatcher-huge-42cm\/"},"modified":"2025-05-30T23:50:43","modified_gmt":"2025-05-30T23:50:43","slug":"livets-tre-drommefanger-42-cm-stor","status":"publish","type":"product","link":"https:\/\/aromasentia.com\/no\/livets-tre-drommefanger-42-cm-stor\/","title":{"rendered":"Livets Tre Dr\u00f8mmefanger &#8211; 42 cm Stor"},"content":{"rendered":"<p>Indianere tror at natten bringer gode og d\u00e5rlige dr\u00f8mmer. Dr\u00f8mmefangeren, n\u00e5r den henges n\u00e6r sengen din, fanger dr\u00f8mmene. De gode dr\u00f8mmene vet hvordan de skal passere gjennom dr\u00f8mmefangeren, de d\u00e5rlige dr\u00f8mmene som ikke vet veien, vikler seg inn i dr\u00f8mmefangeren og g\u00e5r til grunne med det f\u00f8rste daggry.<\/p>\n<p>P\u00e5 Bali er lokalbefolkningen i sterk kontakt med \u00e5ndeverdenen og har tatt i bruk dr\u00f8mmefangeren og fornyet dens kraft.<\/p>\n<p>Denne dr\u00f8mmefangeren er laget med kj\u00e6rlighet og velsignelser. S\u00f8te dr\u00f8mmer.<\/p>\n<p>Dr\u00f8mmefangerens vekt er 37 g<\/p>\n<p>St\u00f8rrelse: Diameter 42 cm, lengde 95 cm<\/p>\n","protected":false},"excerpt":{"rendered":"<p>Indianere tror at natten bringer gode og d\u00e5rlige dr\u00f8mmer. Dr\u00f8mmefangeren, n\u00e5r den henges n\u00e6r sengen din, fanger dr\u00f8mmene. De gode dr\u00f8mmene vet hvordan de skal passere gjennom dr\u00f8mmefangeren, de d\u00e5rlige dr\u00f8mmene som ikke vet veien, vikler seg inn i dr\u00f8mmefangeren og g\u00e5r til grunne med det f\u00f8rste daggry. P\u00e5 Bali er lokalbefolkningen i sterk kontakt [&hellip;]<\/p>\n","protected":false},"featured_media":667994,"comment_status":"closed","ping_status":"open","template":"","meta":[],"product_brand":[],"product_cat":[8394,8395,8374],"product_tag":[],"class_list":{"0":"post-203286","1":"product","2":"type-product","3":"status-publish","4":"has-post-thumbnail","6":"product_cat-hjem-og-hage","7":"product_cat-makrameer-og-drommefangere","8":"product_cat-vintage-gaver-og-suvenirer","9":"pa_collection-macrame-dreamcatcher-tree-of-life-no","10":"pa_made-in-indonesia","12":"first","13":"instock","14":"purchasable","15":"product-type-simple"},"supplier_id":null,"supplier_sku":"TOLD-05","barcode":null,"atum_controlled":true,"out_stock_date":null,"out_stock_threshold":null,"inheritable":false,"inbound_stock":null,"stock_on_hold":0,"sold_today":0,"sales_last_days":0,"reserved_stock":null,"customer_returns":null,"warehouse_damage":null,"lost_in_post":null,"other_logs":null,"out_stock_days":0,"lost_sales":0,"has_location":null,"update_date":"2026-01-30T01:26:35","atum_locations":[],"atum_stock_status":"instock","restock_status":false,"low_stock_amount":"","sales_update_date":"2026-01-30T01:26:35","calc_backorders":null,"_links":{"self":[{"href":"https:\/\/aromasentia.com\/no\/wp-json\/wp\/v2\/product\/203286","targetHints":{"allow":["GET"]}}],"collection":[{"href":"https:\/\/aromasentia.com\/no\/wp-json\/wp\/v2\/product"}],"about":[{"href":"https:\/\/aromasentia.com\/no\/wp-json\/wp\/v2\/types\/product"}],"replies":[{"embeddable":true,"href":"https:\/\/aromasentia.com\/no\/wp-json\/wp\/v2\/comments?post=203286"}],"version-history":[{"count":0,"href":"https:\/\/aromasentia.com\/no\/wp-json\/wp\/v2\/product\/203286\/revisions"}],"wp:featuredmedia":[{"embeddable":true,"href":"https:\/\/aromasentia.com\/no\/wp-json\/wp\/v2\/media\/667994"}],"wp:attachment":[{"href":"https:\/\/aromasentia.com\/no\/wp-json\/wp\/v2\/media?parent=203286"}],"wp:term":[{"taxonomy":"product_brand","embeddable":true,"href":"https:\/\/aromasentia.com\/no\/wp-json\/wp\/v2\/product_brand?post=203286"},{"taxonomy":"product_cat","embeddable":true,"href":"https:\/\/aromasentia.com\/no\/wp-json\/wp\/v2\/product_cat?post=203286"},{"taxonomy":"product_tag","embeddable":true,"href":"https:\/\/aromasentia.com\/no\/wp-json\/wp\/v2\/product_tag?post=203286"}],"curies":[{"name":"wp","href":"https:\/\/api.w.org\/{rel}","templated":true}]}}