{"id":203273,"date":"2025-03-23T12:22:33","date_gmt":"2025-03-23T12:22:33","guid":{"rendered":"https:\/\/aromasentia.com\/product\/white-washed-wooden-box-4x4-slavic-design\/"},"modified":"2025-05-30T23:50:07","modified_gmt":"2025-05-30T23:50:07","slug":"hvitvasket-trekasse-4x4-slavisk-design","status":"publish","type":"product","link":"https:\/\/aromasentia.com\/no\/hvitvasket-trekasse-4x4-slavisk-design\/","title":{"rendered":"Hvitvasket Trekasse &#8211; 4&#215;4 Slavisk Design"},"content":{"rendered":"<p>Aroma Sentia-ping hvitvasket treboks &#8211; 4&#215;4 slavisk design vil se vakker ut p\u00e5 soverommet eller i garderoben &#8230; eller egentlig ethvert rom.<\/p>\n<p>Disse er utsk\u00e5rne mangotrebokser h\u00e5ndlaget i India. Det vakre treverket med rik \u00e5restruktur og naturlig farge vil fange kundenes oppmerksomhet. Kundene dine kan bruke dem til ompakking av gaver eller som smykkeskrin, ogs\u00e5 ideelle for oppbevaring av piller (1,4).<\/p>\n<p>De er lette bokser, enkle \u00e5 \u00e5pne og lukke, veldig praktiske og funksjonelle, og veldig elegante ogs\u00e5.<\/p>\n<p>V\u00e6r oppmerksom p\u00e5 at designene til disse boksene varierer p\u00e5 grunn av den h\u00e5ndlagde naturen.<\/p>\n<p><strong><span style=\"color: rgb(184, 49, 47);\">Selger bra n\u00e5r som helst p\u00e5 \u00e5ret. F\u00e5 noen ekstra nye kunder for \u00e5 \u00f8ke salget og legg til denne elegante produktlinjen i nettbutikken din.<\/span><\/strong><\/p>\n<p><strong><span style=\"color: rgb(0, 0, 0);\">St\u00f8rrelse: 10x10x6 (cm)<\/span><\/strong><\/p>\n","protected":false},"excerpt":{"rendered":"<p>Aroma Sentia-ping hvitvasket treboks &#8211; 4&#215;4 slavisk design vil se vakker ut p\u00e5 soverommet eller i garderoben &#8230; eller egentlig ethvert rom. Disse er utsk\u00e5rne mangotrebokser h\u00e5ndlaget i India. Det vakre treverket med rik \u00e5restruktur og naturlig farge vil fange kundenes oppmerksomhet. Kundene dine kan bruke dem til ompakking av gaver eller som smykkeskrin, ogs\u00e5 [&hellip;]<\/p>\n","protected":false},"featured_media":668936,"comment_status":"closed","ping_status":"open","template":"","meta":[],"product_brand":[],"product_cat":[8386,8385],"product_tag":[],"class_list":{"0":"post-203273","1":"product","2":"type-product","3":"status-publish","4":"has-post-thumbnail","6":"product_cat-gave-bokser-og-gaveoppbevaring","7":"product_cat-gaveinnpakning","8":"pa_collection-white-washed-wooden-box-no","9":"pa_made-in-india","11":"first","12":"instock","13":"purchasable","14":"product-type-simple"},"supplier_id":null,"supplier_sku":"WWIB-02","barcode":null,"atum_controlled":true,"out_stock_date":null,"out_stock_threshold":null,"inheritable":false,"inbound_stock":0,"stock_on_hold":0,"sold_today":0,"sales_last_days":0,"reserved_stock":0,"customer_returns":0,"warehouse_damage":0,"lost_in_post":0,"other_logs":0,"out_stock_days":0,"lost_sales":0,"has_location":false,"update_date":"2026-01-30T01:26:40","atum_locations":[],"atum_stock_status":"instock","restock_status":false,"low_stock_amount":"","sales_update_date":"2026-01-30T01:26:40","calc_backorders":null,"_links":{"self":[{"href":"https:\/\/aromasentia.com\/no\/wp-json\/wp\/v2\/product\/203273","targetHints":{"allow":["GET"]}}],"collection":[{"href":"https:\/\/aromasentia.com\/no\/wp-json\/wp\/v2\/product"}],"about":[{"href":"https:\/\/aromasentia.com\/no\/wp-json\/wp\/v2\/types\/product"}],"replies":[{"embeddable":true,"href":"https:\/\/aromasentia.com\/no\/wp-json\/wp\/v2\/comments?post=203273"}],"version-history":[{"count":0,"href":"https:\/\/aromasentia.com\/no\/wp-json\/wp\/v2\/product\/203273\/revisions"}],"wp:featuredmedia":[{"embeddable":true,"href":"https:\/\/aromasentia.com\/no\/wp-json\/wp\/v2\/media\/668936"}],"wp:attachment":[{"href":"https:\/\/aromasentia.com\/no\/wp-json\/wp\/v2\/media?parent=203273"}],"wp:term":[{"taxonomy":"product_brand","embeddable":true,"href":"https:\/\/aromasentia.com\/no\/wp-json\/wp\/v2\/product_brand?post=203273"},{"taxonomy":"product_cat","embeddable":true,"href":"https:\/\/aromasentia.com\/no\/wp-json\/wp\/v2\/product_cat?post=203273"},{"taxonomy":"product_tag","embeddable":true,"href":"https:\/\/aromasentia.com\/no\/wp-json\/wp\/v2\/product_tag?post=203273"}],"curies":[{"name":"wp","href":"https:\/\/api.w.org\/{rel}","templated":true}]}}