{"id":203271,"date":"2025-03-23T12:22:33","date_gmt":"2025-03-23T12:22:33","guid":{"rendered":"https:\/\/aromasentia.com\/product\/medium-notebook-with-strap-tree-of-life\/"},"modified":"2025-05-30T23:50:02","modified_gmt":"2025-05-30T23:50:02","slug":"notatbok-stropp-livets-tre-medium","status":"publish","type":"product","link":"https:\/\/aromasentia.com\/no\/notatbok-stropp-livets-tre-medium\/","title":{"rendered":"Notatbok Stropp &#8211; Livets Tre Medium"},"content":{"rendered":"<p><span style=\"color: rgb(75, 80, 88);\"><strong>Medium<\/strong> <strong>Notatbok med stropp &#8211; Livets tre<\/strong> er virkelig fantastisk og unik. H\u00e5ndlaget av indisk vegetabilsk garvet l\u00e6r og papir.<\/span><\/p>\n<p><span style=\"color: rgb(75, 80, 88);\">Vegetabilsk garving var den viktigste garvemetoden frem til 1900-tallet og vokser i betydning igjen n\u00e5. Den bruker ekstrakter av bark, blader, frukt, b\u00e6r, r\u00f8tter og tre. Denne garvemetoden er trygg for milj\u00f8et og l\u00e6rarbeiderne.<\/span><\/p>\n<p><span style=\"color: rgb(75, 80, 88);\">Vegetabilsk garvet l\u00e6r f\u00e5r puste. Det kan ta opptil 2 uker \u00e5 t\u00f8rke til det f\u00e5r en fin beige farge. Naturens elementer siver inn i \u00e5rene over tid, noe som forsterker dens autentiske og jordn\u00e6re karakter. Denne notatboken vil eldes vakkert med tiden.<\/span><\/p>\n<p><span style=\"color: rgb(75, 80, 88);\">Du liker kanskje ogs\u00e5 v\u00e5re&nbsp;<\/span><a href=\"https:\/\/aromasentia.com\/msj\"><span style=\"color: rgb(75, 80, 88);\"><strong>H\u00e5ndlagde skinnjournaler<\/strong><\/span><\/a><span style=\"color: rgb(75, 80, 88);\">eller&nbsp;<\/span><a href=\"https:\/\/aromasentia.com\/pnb\"><span style=\"color: rgb(75, 80, 88);\"><strong>Designernotatb\u00f8ker.<\/strong><\/span><\/a><\/p>\n<p><span style=\"color: rgb(75, 80, 88);\">Notatboken har en god st\u00f8rrelse, med stropp, og vil v\u00e6re et flott valg i enhver gavebutikk. Den inneholder ulinjerte sider, slik at kundene dine kan skrive eller tegne; trykte linjer vil ikke begrense kreativiteten deres \ud83d\ude42<\/span><\/p>\n<p><span style=\"color: rgb(75, 80, 88);\"><em><strong>* Kromfri * Blyfri * Azofri * GI-merkeaktivert * Milj\u00f8vennlig * H\u00e5ndlaget *<\/strong><\/em><\/span><\/p>\n<p><span style=\"color: rgb(141, 186, 216);\"><strong>S\u00e5 noter deg og bestill noen ekstra salg. Legg til i dag.<\/strong><\/span><\/p>\n","protected":false},"excerpt":{"rendered":"<p>Medium Notatbok med stropp &#8211; Livets tre er virkelig fantastisk og unik. H\u00e5ndlaget av indisk vegetabilsk garvet l\u00e6r og papir. Vegetabilsk garving var den viktigste garvemetoden frem til 1900-tallet og vokser i betydning igjen n\u00e5. Den bruker ekstrakter av bark, blader, frukt, b\u00e6r, r\u00f8tter og tre. Denne garvemetoden er trygg for milj\u00f8et og l\u00e6rarbeiderne. Vegetabilsk [&hellip;]<\/p>\n","protected":false},"featured_media":668849,"comment_status":"closed","ping_status":"open","template":"","meta":[],"product_brand":[],"product_cat":[8379,8374],"product_tag":[],"class_list":{"0":"post-203271","1":"product","2":"type-product","3":"status-publish","4":"has-post-thumbnail","6":"product_cat-notatboker","7":"product_cat-vintage-gaver-og-suvenirer","8":"pa_collection-vegetable-tanned-leather-notebooks-no","9":"pa_made-in-india","11":"first","12":"instock","13":"purchasable","14":"product-type-simple"},"supplier_id":null,"supplier_sku":"VNB-10","barcode":null,"atum_controlled":true,"out_stock_date":null,"out_stock_threshold":null,"inheritable":false,"inbound_stock":0,"stock_on_hold":0,"sold_today":0,"sales_last_days":0,"reserved_stock":0,"customer_returns":0,"warehouse_damage":0,"lost_in_post":0,"other_logs":0,"out_stock_days":0,"lost_sales":0,"has_location":false,"update_date":"2026-02-05T22:40:38","atum_locations":[],"atum_stock_status":"instock","restock_status":false,"low_stock_amount":"","sales_update_date":"2026-01-30T01:24:52","calc_backorders":null,"_links":{"self":[{"href":"https:\/\/aromasentia.com\/no\/wp-json\/wp\/v2\/product\/203271","targetHints":{"allow":["GET"]}}],"collection":[{"href":"https:\/\/aromasentia.com\/no\/wp-json\/wp\/v2\/product"}],"about":[{"href":"https:\/\/aromasentia.com\/no\/wp-json\/wp\/v2\/types\/product"}],"replies":[{"embeddable":true,"href":"https:\/\/aromasentia.com\/no\/wp-json\/wp\/v2\/comments?post=203271"}],"version-history":[{"count":0,"href":"https:\/\/aromasentia.com\/no\/wp-json\/wp\/v2\/product\/203271\/revisions"}],"wp:featuredmedia":[{"embeddable":true,"href":"https:\/\/aromasentia.com\/no\/wp-json\/wp\/v2\/media\/668849"}],"wp:attachment":[{"href":"https:\/\/aromasentia.com\/no\/wp-json\/wp\/v2\/media?parent=203271"}],"wp:term":[{"taxonomy":"product_brand","embeddable":true,"href":"https:\/\/aromasentia.com\/no\/wp-json\/wp\/v2\/product_brand?post=203271"},{"taxonomy":"product_cat","embeddable":true,"href":"https:\/\/aromasentia.com\/no\/wp-json\/wp\/v2\/product_cat?post=203271"},{"taxonomy":"product_tag","embeddable":true,"href":"https:\/\/aromasentia.com\/no\/wp-json\/wp\/v2\/product_tag?post=203271"}],"curies":[{"name":"wp","href":"https:\/\/api.w.org\/{rel}","templated":true}]}}