{"id":203267,"date":"2025-03-23T12:23:31","date_gmt":"2025-03-23T12:23:31","guid":{"rendered":"https:\/\/aromasentia.com\/product\/handcarved-yoga-cat-standing\/"},"modified":"2025-05-30T23:49:50","modified_gmt":"2025-05-30T23:49:50","slug":"handskaret-yogakatt-staende","status":"publish","type":"product","link":"https:\/\/aromasentia.com\/no\/handskaret-yogakatt-staende\/","title":{"rendered":"H\u00e5ndsk\u00e5ret Yogakatt &#8211; St\u00e5ende"},"content":{"rendered":"<p>Denne yogakatten i tre er sv\u00e6rt unik og original, og vil v\u00e6re et fantastisk tilskudd til enhver gavebutikk, ethvert hjem og enhver yogaelsker.<\/p>\n<p>Denne st\u00e5ende trekatten puster dypt inn og ut, og praktiserer hinduistisk yoga i en skulptur av indonesiske h\u00e5ndverkere.<\/p>\n<p>Dette yogamesterverket er sk\u00e5ret ut av suar-tre for h\u00e5nd, s\u00e5 selv om det er sk\u00e5ret i lignende stilling, er hver treskj\u00e6ring unik og forskjellig fra andre.<\/p>\n<p>Perfekt hjemmedekorasjon og en omtenksom gave&#8230;.<\/p>\n","protected":false},"excerpt":{"rendered":"<p>Denne yogakatten i tre er sv\u00e6rt unik og original, og vil v\u00e6re et fantastisk tilskudd til enhver gavebutikk, ethvert hjem og enhver yogaelsker. Denne st\u00e5ende trekatten puster dypt inn og ut, og praktiserer hinduistisk yoga i en skulptur av indonesiske h\u00e5ndverkere. Dette yogamesterverket er sk\u00e5ret ut av suar-tre for h\u00e5nd, s\u00e5 selv om det er [&hellip;]<\/p>\n","protected":false},"featured_media":668578,"comment_status":"closed","ping_status":"open","template":"","meta":[],"product_brand":[],"product_cat":[8373,8374],"product_tag":[],"class_list":{"0":"post-203267","1":"product","2":"type-product","3":"status-publish","4":"has-post-thumbnail","6":"product_cat-feng-shui-og-tibetansk-kolleksjon","7":"product_cat-vintage-gaver-og-suvenirer","8":"pa_collection-hand-carved-yoga-cat-no","9":"pa_made-in-indonesia","11":"first","12":"instock","13":"purchasable","14":"product-type-simple"},"supplier_id":null,"supplier_sku":"WYC-01","barcode":null,"atum_controlled":true,"out_stock_date":null,"out_stock_threshold":null,"inheritable":false,"inbound_stock":0,"stock_on_hold":0,"sold_today":0,"sales_last_days":0,"reserved_stock":0,"customer_returns":0,"warehouse_damage":0,"lost_in_post":0,"other_logs":0,"out_stock_days":0,"lost_sales":0,"has_location":false,"update_date":"2026-02-11T09:34:32","atum_locations":[],"atum_stock_status":"instock","restock_status":false,"low_stock_amount":"","sales_update_date":"2025-09-03T00:25:59","calc_backorders":null,"_links":{"self":[{"href":"https:\/\/aromasentia.com\/no\/wp-json\/wp\/v2\/product\/203267","targetHints":{"allow":["GET"]}}],"collection":[{"href":"https:\/\/aromasentia.com\/no\/wp-json\/wp\/v2\/product"}],"about":[{"href":"https:\/\/aromasentia.com\/no\/wp-json\/wp\/v2\/types\/product"}],"replies":[{"embeddable":true,"href":"https:\/\/aromasentia.com\/no\/wp-json\/wp\/v2\/comments?post=203267"}],"version-history":[{"count":0,"href":"https:\/\/aromasentia.com\/no\/wp-json\/wp\/v2\/product\/203267\/revisions"}],"wp:featuredmedia":[{"embeddable":true,"href":"https:\/\/aromasentia.com\/no\/wp-json\/wp\/v2\/media\/668578"}],"wp:attachment":[{"href":"https:\/\/aromasentia.com\/no\/wp-json\/wp\/v2\/media?parent=203267"}],"wp:term":[{"taxonomy":"product_brand","embeddable":true,"href":"https:\/\/aromasentia.com\/no\/wp-json\/wp\/v2\/product_brand?post=203267"},{"taxonomy":"product_cat","embeddable":true,"href":"https:\/\/aromasentia.com\/no\/wp-json\/wp\/v2\/product_cat?post=203267"},{"taxonomy":"product_tag","embeddable":true,"href":"https:\/\/aromasentia.com\/no\/wp-json\/wp\/v2\/product_tag?post=203267"}],"curies":[{"name":"wp","href":"https:\/\/api.w.org\/{rel}","templated":true}]}}