{"id":251191,"date":"2025-05-20T02:08:54","date_gmt":"2025-05-20T02:08:54","guid":{"rendered":"https:\/\/aromasentia.com\/?page_id=251191"},"modified":"2026-04-22T17:01:43","modified_gmt":"2026-04-22T17:01:43","slug":"frakt-og-levering","status":"publish","type":"page","link":"https:\/\/aromasentia.com\/no\/frakt-og-levering\/","title":{"rendered":"Frakt og Levering"},"content":{"rendered":"\t\t<div data-elementor-type=\"wp-page\" data-elementor-id=\"251191\" class=\"elementor elementor-251191 elementor-251058\" data-elementor-post-type=\"page\">\n\t\t\t\t<div class=\"elementor-element elementor-element-1be6122 e-flex e-con-boxed e-con e-parent\" data-id=\"1be6122\" data-element_type=\"container\" data-e-type=\"container\" data-settings=\"{&quot;background_background&quot;:&quot;classic&quot;}\">\n\t\t\t\t\t<div class=\"e-con-inner\">\n\t\t<div class=\"elementor-element elementor-element-7d0c2f2 e-con-full e-flex e-con e-child\" data-id=\"7d0c2f2\" data-element_type=\"container\" data-e-type=\"container\">\n\t\t\t\t<div class=\"elementor-element elementor-element-be1f77b elementor-widget elementor-widget-heading\" data-id=\"be1f77b\" data-element_type=\"widget\" data-e-type=\"widget\" data-widget_type=\"heading.default\">\n\t\t\t\t\t<h1 class=\"elementor-heading-title elementor-size-default\">Frakt og Levering<\/h1>\t\t\t\t<\/div>\n\t\t\t\t<\/div>\n\t\t\t\t\t<\/div>\n\t\t\t\t<\/div>\n\t\t<div class=\"elementor-element elementor-element-3354d164 e-flex e-con-boxed e-con e-parent\" data-id=\"3354d164\" data-element_type=\"container\" data-e-type=\"container\">\n\t\t\t\t\t<div class=\"e-con-inner\">\n\t\t\t\t<div class=\"elementor-element elementor-element-0a3986c elementor-widget elementor-widget-heading\" data-id=\"0a3986c\" data-element_type=\"widget\" data-e-type=\"widget\" data-widget_type=\"heading.default\">\n\t\t\t\t\t<h2 class=\"elementor-heading-title elementor-size-default\">Frakt og Levering<\/h2>\t\t\t\t<\/div>\n\t\t\t\t<div class=\"elementor-element elementor-element-f9d3339 elementor-widget elementor-widget-text-editor\" data-id=\"f9d3339\" data-element_type=\"widget\" data-e-type=\"widget\" data-widget_type=\"text-editor.default\">\n\t\t\t\t\t\t\t\t\t<p>Vi tilbyr rask og p\u00e5litelig levering i hele EU. Bestillinger behandles vanligvis innen 2-3 arbeidsdager og inkluderer sporing n\u00e5r de er sendt. Fraktkostnadene beregnes i kassen basert p\u00e5 hvor du befinner deg og hvilken leveringsmetode du har valgt. Gratis frakt kan v\u00e6re tilgjengelig p\u00e5 kvalifiserte bestillinger.<\/p><p><strong><em>Selv om vi sender fra EU, kan det p\u00e5l\u00f8pe<span style=\"color: #ff0000;\"> toll og avgifter<\/span> ved levering til Norge. Disse kostnadene er kj\u00f8perens ansvar og kreves vanligvis inn av transport\u00f8ren ved levering.<\/em><\/strong><\/p>\t\t\t\t\t\t\t\t<\/div>\n\t\t\t\t<div class=\"elementor-element elementor-element-30b9dce elementor-widget elementor-widget-html\" data-id=\"30b9dce\" data-element_type=\"widget\" data-e-type=\"widget\" data-widget_type=\"html.default\">\n\t\t\t\t\t<style>\r\n.shipping-table {\r\n  width: 100%;\r\n  border-collapse: collapse;\r\n  font-family: Arial, sans-serif;\r\n  font-size: 14px;\r\n}\r\n\r\n.shipping-table th {\r\n  color: #fff;\r\n  padding: 14px;\r\n  text-align: left;\r\n}\r\n\r\n.shipping-table th:nth-child(1) { background: #ff4d6d; }\r\n.shipping-table th:nth-child(2) { background: #ff9800; }\r\n.shipping-table th:nth-child(3) { background: #000; }\r\n.shipping-table th:nth-child(4) { background: #6d3b3b; }\r\n\r\n.shipping-table td {\r\n  padding: 14px;\r\n  border-bottom: 1px solid #eee;\r\n  color: #666;\r\n}\r\n\r\n.shipping-table tr:nth-child(even) {\r\n  background: #fafafa;\r\n}\r\n<\/style>\r\n\r\n<table class=\"shipping-table\">\r\n  <thead>\r\n    <tr>\r\n      <th>\ud83c\udf0d Land<\/th>\r\n      <th>\ud83d\udcb3 Fraktkostnader<\/th>\r\n      <th>\ud83d\ude9a Gratis Frakt<\/th>\r\n      <th>\u23f1 Leveringstid<\/th>\r\n    <\/tr>\r\n  <\/thead>\r\n  <tbody>\r\n    <tr>\r\n      <td>Denmark<\/td>\r\n      <td>69 Kr<\/td>\r\n      <td>Gratis Frakt p\u00e5 bestillinger fra 799 Kr<\/td>\r\n      <td>3\u20134 Arbetsdagar<\/td>\r\n    <\/tr>\r\n    <tr>\r\n      <td>Finland<\/td>\r\n      <td>169 Kr<\/td>\r\n      <td>Gratis Frakt p\u00e5 bestillinger fra 949 Kr<\/td>\r\n      <td>3\u20134 Arbetsdagar<\/td>\r\n    <\/tr>\r\n    <tr>\r\n      <td>Tyskland<\/td>\r\n      <td>69 Kr<\/td>\r\n      <td>Gratis Frakt p\u00e5 bestillinger fra 699 Kr<\/td>\r\n      <td>2\u20133 Arbetsdagar<\/td>\r\n    <\/tr>\r\n    <tr>\r\n      <td>Norge<\/td>\r\n      <td>99 Kr<\/td>\r\n      <td>Gratis Frakt p\u00e5 bestillinger fra 799 Kr<\/td>\r\n      <td>3\u20134 Arbetsdagar<\/td>\r\n    <\/tr>\r\n    <tr>\r\n      <td>Sverige<\/td>\r\n      <td>69 Kr<\/td>\r\n      <td>Gratis Frakt p\u00e5 bestillinger fra 799 Kr<\/td>\r\n      <td>3\u20134 Arbetsdagar<\/td>\r\n    <\/tr>\r\n  <\/tbody>\r\n<\/table>\t\t\t\t<\/div>\n\t\t\t\t<div class=\"elementor-element elementor-element-dfcbecf elementor-widget elementor-widget-heading\" data-id=\"dfcbecf\" data-element_type=\"widget\" data-e-type=\"widget\" data-widget_type=\"heading.default\">\n\t\t\t\t\t<h2 class=\"elementor-heading-title elementor-size-default\">Rask Levering fra Lager i EU og Storbritannia<\/h2>\t\t\t\t<\/div>\n\t\t\t\t<div class=\"elementor-element elementor-element-377b81d elementor-widget elementor-widget-text-editor\" data-id=\"377b81d\" data-element_type=\"widget\" data-e-type=\"widget\" data-widget_type=\"text-editor.default\">\n\t\t\t\t\t\t\t\t\t<p>Vi opererer fra tre strategisk plasserte lager i Europa: Slovakia, Spania og Storbritannia. For \u00e5 sikre rask og effektiv levering sender vi alltid bestillinger fra det lageret som ligger n\u00e6rmest kunden. Avhengig av mottakerlandet benytter vi p\u00e5litelige lokale og internasjonale fraktpartnere for \u00e5 garantere punktlig og sikker levering.<\/p>\t\t\t\t\t\t\t\t<\/div>\n\t\t\t\t\t<\/div>\n\t\t\t\t<\/div>\n\t\t<div class=\"elementor-element elementor-element-ff980a8 e-grid e-con-boxed e-con e-child\" data-id=\"ff980a8\" data-element_type=\"container\" data-e-type=\"container\">\n\t\t\t\t\t<div class=\"e-con-inner\">\n\t\t\t\t<div class=\"elementor-element elementor-element-35dc8fa elementor-position-top elementor-widget elementor-widget-image-box\" data-id=\"35dc8fa\" data-element_type=\"widget\" data-e-type=\"widget\" data-widget_type=\"image-box.default\">\n\t\t\t\t\t<div class=\"elementor-image-box-wrapper\"><figure class=\"elementor-image-box-img\"><img decoding=\"async\" width=\"400\" height=\"400\" src=\"https:\/\/aromasentia.com\/wp-content\/uploads\/2025\/11\/icon-11.avif\" class=\"attachment-full size-full wp-image-667318\" alt=\"\" title=\"\" srcset=\"https:\/\/aromasentia.com\/wp-content\/uploads\/2025\/11\/icon-11.avif 400w, https:\/\/aromasentia.com\/wp-content\/uploads\/2025\/11\/icon-11-300x300.jpg 300w, https:\/\/aromasentia.com\/wp-content\/uploads\/2025\/11\/icon-11-100x100.jpg 100w, https:\/\/aromasentia.com\/wp-content\/uploads\/2025\/11\/icon-11-150x150.jpg 150w\" sizes=\"(max-width: 400px) 100vw, 400px\" \/><\/figure><div class=\"elementor-image-box-content\"><h3 class=\"elementor-image-box-title\">Gratis Levering<\/h3><p class=\"elementor-image-box-description\">P\u00e5 bestillinger over 799 Kr*<\/p><\/div><\/div>\t\t\t\t<\/div>\n\t\t\t\t<div class=\"elementor-element elementor-element-9b17d8a elementor-position-top elementor-widget elementor-widget-image-box\" data-id=\"9b17d8a\" data-element_type=\"widget\" data-e-type=\"widget\" data-widget_type=\"image-box.default\">\n\t\t\t\t\t<div class=\"elementor-image-box-wrapper\"><figure class=\"elementor-image-box-img\"><img decoding=\"async\" width=\"400\" height=\"400\" src=\"https:\/\/aromasentia.com\/wp-content\/uploads\/2025\/11\/icon-3.avif\" class=\"attachment-full size-full wp-image-667317\" alt=\"\" title=\"\" srcset=\"https:\/\/aromasentia.com\/wp-content\/uploads\/2025\/11\/icon-3.avif 400w, https:\/\/aromasentia.com\/wp-content\/uploads\/2025\/11\/icon-3-300x300.jpg 300w, https:\/\/aromasentia.com\/wp-content\/uploads\/2025\/11\/icon-3-100x100.jpg 100w, https:\/\/aromasentia.com\/wp-content\/uploads\/2025\/11\/icon-3-150x150.jpg 150w\" sizes=\"(max-width: 400px) 100vw, 400px\" \/><\/figure><div class=\"elementor-image-box-content\"><h3 class=\"elementor-image-box-title\">Rask Levering<\/h3><p class=\"elementor-image-box-description\">Levering innen 2-4 virkedager<\/p><\/div><\/div>\t\t\t\t<\/div>\n\t\t\t\t<div class=\"elementor-element elementor-element-945ad67 elementor-position-top elementor-widget elementor-widget-image-box\" data-id=\"945ad67\" data-element_type=\"widget\" data-e-type=\"widget\" data-widget_type=\"image-box.default\">\n\t\t\t\t\t<div class=\"elementor-image-box-wrapper\"><figure class=\"elementor-image-box-img\"><img decoding=\"async\" width=\"400\" height=\"400\" src=\"https:\/\/aromasentia.com\/wp-content\/uploads\/2025\/11\/icon-21.avif\" class=\"attachment-full size-full wp-image-667319\" alt=\"\" title=\"\" srcset=\"https:\/\/aromasentia.com\/wp-content\/uploads\/2025\/11\/icon-21.avif 400w, https:\/\/aromasentia.com\/wp-content\/uploads\/2025\/11\/icon-21-300x300.jpg 300w, https:\/\/aromasentia.com\/wp-content\/uploads\/2025\/11\/icon-21-100x100.jpg 100w, https:\/\/aromasentia.com\/wp-content\/uploads\/2025\/11\/icon-21-150x150.jpg 150w\" sizes=\"(max-width: 400px) 100vw, 400px\" \/><\/figure><div class=\"elementor-image-box-content\"><h3 class=\"elementor-image-box-title\">Sikre Betalinger<\/h3><p class=\"elementor-image-box-description\">Med p\u00e5litelige betalingsalternativer<\/p><\/div><\/div>\t\t\t\t<\/div>\n\t\t\t\t<div class=\"elementor-element elementor-element-0aa2680 elementor-position-top elementor-widget elementor-widget-image-box\" data-id=\"0aa2680\" data-element_type=\"widget\" data-e-type=\"widget\" data-widget_type=\"image-box.default\">\n\t\t\t\t\t<div class=\"elementor-image-box-wrapper\"><figure class=\"elementor-image-box-img\"><img decoding=\"async\" width=\"400\" height=\"400\" src=\"https:\/\/aromasentia.com\/wp-content\/uploads\/2025\/11\/icon-22.avif\" class=\"attachment-full size-full wp-image-667320\" alt=\"\" title=\"\" srcset=\"https:\/\/aromasentia.com\/wp-content\/uploads\/2025\/11\/icon-22.avif 400w, https:\/\/aromasentia.com\/wp-content\/uploads\/2025\/11\/icon-22-300x300.jpg 300w, https:\/\/aromasentia.com\/wp-content\/uploads\/2025\/11\/icon-22-100x100.jpg 100w, https:\/\/aromasentia.com\/wp-content\/uploads\/2025\/11\/icon-22-150x150.jpg 150w\" sizes=\"(max-width: 400px) 100vw, 400px\" \/><\/figure><div class=\"elementor-image-box-content\"><h3 class=\"elementor-image-box-title\">Rask Kundesupport<\/h3><p class=\"elementor-image-box-description\">Send oss en melding hvis du har sp\u00f8rsm\u00e5l<\/p><\/div><\/div>\t\t\t\t<\/div>\n\t\t\t\t\t<\/div>\n\t\t\t\t<\/div>\n\t\t\t\t<\/div>\n\t\t","protected":false},"excerpt":{"rendered":"<p>Frakt og Levering Frakt og Levering Vi tilbyr rask og p\u00e5litelig levering i hele EU. Bestillinger behandles vanligvis innen 2-3 arbeidsdager og inkluderer sporing n\u00e5r de er sendt. Fraktkostnadene beregnes i kassen basert p\u00e5 hvor du befinner deg og hvilken leveringsmetode du har valgt. Gratis frakt kan v\u00e6re tilgjengelig p\u00e5 kvalifiserte bestillinger. Selv om vi [&hellip;]<\/p>\n","protected":false},"author":1,"featured_media":0,"parent":0,"menu_order":0,"comment_status":"closed","ping_status":"closed","template":"","meta":{"_angie_page":false,"footnotes":""},"class_list":["post-251191","page","type-page","status-publish","hentry"],"_links":{"self":[{"href":"https:\/\/aromasentia.com\/no\/wp-json\/wp\/v2\/pages\/251191","targetHints":{"allow":["GET"]}}],"collection":[{"href":"https:\/\/aromasentia.com\/no\/wp-json\/wp\/v2\/pages"}],"about":[{"href":"https:\/\/aromasentia.com\/no\/wp-json\/wp\/v2\/types\/page"}],"author":[{"embeddable":true,"href":"https:\/\/aromasentia.com\/no\/wp-json\/wp\/v2\/users\/1"}],"replies":[{"embeddable":true,"href":"https:\/\/aromasentia.com\/no\/wp-json\/wp\/v2\/comments?post=251191"}],"version-history":[{"count":0,"href":"https:\/\/aromasentia.com\/no\/wp-json\/wp\/v2\/pages\/251191\/revisions"}],"wp:attachment":[{"href":"https:\/\/aromasentia.com\/no\/wp-json\/wp\/v2\/media?parent=251191"}],"curies":[{"name":"wp","href":"https:\/\/api.w.org\/{rel}","templated":true}]}}