{"id":250292,"date":"2025-05-13T18:40:11","date_gmt":"2025-05-13T18:40:11","guid":{"rendered":"https:\/\/aromasentia.com\/cookies\/"},"modified":"2026-04-22T17:39:28","modified_gmt":"2026-04-22T17:39:28","slug":"cookies","status":"publish","type":"page","link":"https:\/\/aromasentia.com\/no\/cookies\/","title":{"rendered":"Cookies"},"content":{"rendered":"\t\t<div data-elementor-type=\"wp-page\" data-elementor-id=\"250292\" class=\"elementor elementor-250292 elementor-250124\" data-elementor-post-type=\"page\">\n\t\t\t\t<div class=\"elementor-element elementor-element-ec97d5a e-flex e-con-boxed e-con e-parent\" data-id=\"ec97d5a\" data-element_type=\"container\" data-e-type=\"container\">\n\t\t\t\t\t<div class=\"e-con-inner\">\n\t\t\t\t<div class=\"elementor-element elementor-element-ed9b24f elementor-widget elementor-widget-heading\" data-id=\"ed9b24f\" data-element_type=\"widget\" data-e-type=\"widget\" data-widget_type=\"heading.default\">\n\t\t\t\t\t<h1 class=\"elementor-heading-title elementor-size-default\">Cookies Informasjonskapsler<\/h1>\t\t\t\t<\/div>\n\t\t\t\t<div class=\"elementor-element elementor-element-90bf0c4 elementor-widget elementor-widget-text-editor\" data-id=\"90bf0c4\" data-element_type=\"widget\" data-e-type=\"widget\" data-widget_type=\"text-editor.default\">\n\t\t\t\t\t\t\t\t\t<p>Sist oppdatert: 12. mai 2025<\/p><p>Aroma Sentia Marketing (\u00aboss\u00bb, \u00abvi\u00bb eller \u00abv\u00e5r\u00bb) bruker informasjonskapsler p\u00e5 nettstedet aromasentia.com (\u00abTjenesten\u00bb). Ved \u00e5 fortsette \u00e5 bruke nettstedet, samtykker du til bruken av informasjonskapsler. Du kan endre dette og finne ut mer ved \u00e5 lese f\u00f8lgende retningslinjer for informasjonskapsler.<\/p><p>V\u00e5r cookiepolicy forklarer hva cookies er, hvordan vi bruker cookies, hvordan tredjeparter vi samarbeider med kan bruke cookies p\u00e5 tjenesten, dine valg ang\u00e5ende cookies og ytterligere informasjon om cookies.<\/p><h3>Hva er cookies?<\/h3><p>Informasjonskapsler er sm\u00e5 tekstfiler som sendes til nettleseren din av et nettsted du bes\u00f8ker. En informasjonskapsel lagres i nettleseren din og gj\u00f8r at tjenesten eller en tredjepart kan gjenkjenne deg og gj\u00f8re ditt neste bes\u00f8k enklere og tjenesten mer nyttig for deg.<\/p><p>Informasjonskapsler kan v\u00e6re \u00abpermanente\u00bb eller \u00absesjonsbaserte\u00bb. Permanente informasjonskapsler forblir p\u00e5 din personlige datamaskin eller mobile enhet n\u00e5r du g\u00e5r offline, mens sesjonsbaserte informasjonskapsler slettes s\u00e5 snart du lukker nettleseren.<\/p><h3>Hvordan Aroma Sentia Marketing bruker informasjonskapsler<\/h3><p>N\u00e5r du bruker og f\u00e5r tilgang til tjenesten, kan vi plassere en rekke informasjonskapsler i nettleseren din.<\/p><p>Vi bruker informasjonskapsler til f\u00f8lgende form\u00e5l:<\/p><p>For \u00e5 aktivere visse funksjoner i tjenesten<\/p><p>For \u00e5 levere analyser<\/p><p>For \u00e5 lagre dine preferanser<\/p><p>Vi bruker b\u00e5de sesjonsinformasjonskapsler og permanente informasjonskapsler p\u00e5 tjenesten, og vi bruker forskjellige typer informasjonskapsler for \u00e5 drive tjenesten:<\/p><p>N\u00f8dvendige informasjonskapsler. Vi kan bruke n\u00f8dvendige informasjonskapsler for \u00e5 autentisere brukere og forhindre uautorisert bruk av brukerkontoer.<\/p><p>Innstillingsinformasjonskapsler. Vi kan bruke innstillingsinformasjonskapsler for \u00e5 huske informasjon som endrer m\u00e5ten tjenesten fungerer eller ser ut, for eksempel \u00abhusk meg\u00bb-funksjonen for en registrert bruker eller en brukers spr\u00e5kinnstilling.<\/p><p>Analytiske informasjonskapsler. Vi kan bruke analytiske informasjonskapsler til \u00e5 spore informasjon om hvordan tjenesten brukes, slik at vi kan gj\u00f8re forbedringer. Vi kan ogs\u00e5 bruke analytiske informasjonskapsler til \u00e5 teste nye annonser, sider, funksjoner eller ny funksjonalitet i tjenesten for \u00e5 se hvordan brukerne v\u00e5re reagerer p\u00e5 dem.<\/p><h3>Tredjeparts informasjonskapsler<\/h3><p>I tillegg til v\u00e5re egne informasjonskapsler kan vi ogs\u00e5 bruke ulike tredjeparts informasjonskapsler for \u00e5 rapportere bruksstatistikk for tjenesten, levere annonser p\u00e5 og gjennom tjenesten og s\u00e5 videre.<\/p><h3>Hvilke valg har du n\u00e5r det gjelder informasjonskapsler?<br \/>Hvis du \u00f8nsker \u00e5 slette informasjonskapsler eller be nettleseren din om \u00e5 slette eller avvise informasjonskapsler, kan du g\u00e5 til hjelpesidene for nettleseren din.<\/h3><p>V\u00e6r imidlertid oppmerksom p\u00e5 at hvis du sletter informasjonskapsler eller nekter \u00e5 akseptere dem, kan det hende at du ikke kan bruke alle funksjonene vi tilbyr, at du ikke kan lagre dine preferanser, og at noen av sidene v\u00e5re ikke vises riktig.<\/p><p>For nettleseren Chrome: https:\/\/support.google.com\/accounts\/answer\/32050<\/p><p>For nettleseren Internet Explorer: http:\/\/support.microsoft.com\/kb\/278835<\/p><p>For nettleseren Firefox: https:\/\/support.mozilla.org\/en-US\/kb\/delete-cookies-remove-info-websites-stored<\/p><p>For nettleseren Safari: https:\/\/support.apple.com\/kb\/PH21411?locale=en_US<\/p><p>For alle andre nettlesere, vennligst bes\u00f8k nettleserens offisielle nettsider.<\/p><p>Hvor kan du finne mer informasjon om informasjonskapsler<\/p><p>Du kan l\u00e6re mer om informasjonskapsler og f\u00f8lgende tredjeparts nettsteder:<\/p><p>AllAboutCookies: http:\/\/www.allaboutcookies.org\/<\/p><p>Network Advertising Initiative: http:\/\/www.networkadvertising.org\/<\/p>\t\t\t\t\t\t\t\t<\/div>\n\t\t\t\t\t<\/div>\n\t\t\t\t<\/div>\n\t\t\t\t<\/div>\n\t\t","protected":false},"excerpt":{"rendered":"<p>Cookies Informasjonskapsler Sist oppdatert: 12. mai 2025 Aroma Sentia Marketing (\u00aboss\u00bb, \u00abvi\u00bb eller \u00abv\u00e5r\u00bb) bruker informasjonskapsler p\u00e5 nettstedet aromasentia.com (\u00abTjenesten\u00bb). Ved \u00e5 fortsette \u00e5 bruke nettstedet, samtykker du til bruken av informasjonskapsler. Du kan endre dette og finne ut mer ved \u00e5 lese f\u00f8lgende retningslinjer for informasjonskapsler. V\u00e5r cookiepolicy forklarer hva cookies er, hvordan vi [&hellip;]<\/p>\n","protected":false},"author":1,"featured_media":0,"parent":0,"menu_order":0,"comment_status":"closed","ping_status":"closed","template":"","meta":{"_angie_page":false,"footnotes":""},"class_list":["post-250292","page","type-page","status-publish","hentry"],"_links":{"self":[{"href":"https:\/\/aromasentia.com\/no\/wp-json\/wp\/v2\/pages\/250292","targetHints":{"allow":["GET"]}}],"collection":[{"href":"https:\/\/aromasentia.com\/no\/wp-json\/wp\/v2\/pages"}],"about":[{"href":"https:\/\/aromasentia.com\/no\/wp-json\/wp\/v2\/types\/page"}],"author":[{"embeddable":true,"href":"https:\/\/aromasentia.com\/no\/wp-json\/wp\/v2\/users\/1"}],"replies":[{"embeddable":true,"href":"https:\/\/aromasentia.com\/no\/wp-json\/wp\/v2\/comments?post=250292"}],"version-history":[{"count":0,"href":"https:\/\/aromasentia.com\/no\/wp-json\/wp\/v2\/pages\/250292\/revisions"}],"wp:attachment":[{"href":"https:\/\/aromasentia.com\/no\/wp-json\/wp\/v2\/media?parent=250292"}],"curies":[{"name":"wp","href":"https:\/\/api.w.org\/{rel}","templated":true}]}}