{"id":217566,"date":"2025-03-17T10:16:39","date_gmt":"2025-03-17T10:16:39","guid":{"rendered":"https:\/\/aromasentia.com\/?page_id=217566"},"modified":"2025-05-14T23:42:08","modified_gmt":"2025-05-14T23:42:08","slug":"personvern","status":"publish","type":"page","link":"https:\/\/aromasentia.com\/no\/personvern\/","title":{"rendered":"Personvern"},"content":{"rendered":"\t\t<div data-elementor-type=\"wp-page\" data-elementor-id=\"217566\" class=\"elementor elementor-217566 elementor-3\" data-elementor-post-type=\"page\">\n\t\t\t\t<div class=\"elementor-element elementor-element-91263a8 e-flex e-con-boxed e-con e-parent\" data-id=\"91263a8\" data-element_type=\"container\" data-e-type=\"container\">\n\t\t\t\t\t<div class=\"e-con-inner\">\n\t\t\t\t\t<\/div>\n\t\t\t\t<\/div>\n\t\t\t\t<\/div>\n\t\t","protected":false},"excerpt":{"rendered":"<p>Personvern Ikrafttredelsesdato: 2025-05-14Oppdatert p\u00e5: 2025-05-14 Denne personvernerkl\u00e6ringen forklarer retningslinjene til Aroma Sentia Marketing ltd om innsamling og bruk av informasjonen vi samler inn n\u00e5r du f\u00e5r tilgang til https:\/\/aromasentia.com (&laquo;Tjenesten&raquo;). Denne personvernerkl\u00e6ringen beskriver dine personvernrettigheter og hvordan du er beskyttet i henhold til personvernlover. Ved \u00e5 bruke tjenesten v\u00e5r samtykker du til innsamling og bruk [&hellip;]<\/p>\n","protected":false},"author":1,"featured_media":0,"parent":0,"menu_order":0,"comment_status":"closed","ping_status":"open","template":"","meta":{"_angie_page":false,"footnotes":""},"class_list":["post-217566","page","type-page","status-publish","hentry"],"_links":{"self":[{"href":"https:\/\/aromasentia.com\/no\/wp-json\/wp\/v2\/pages\/217566","targetHints":{"allow":["GET"]}}],"collection":[{"href":"https:\/\/aromasentia.com\/no\/wp-json\/wp\/v2\/pages"}],"about":[{"href":"https:\/\/aromasentia.com\/no\/wp-json\/wp\/v2\/types\/page"}],"author":[{"embeddable":true,"href":"https:\/\/aromasentia.com\/no\/wp-json\/wp\/v2\/users\/1"}],"replies":[{"embeddable":true,"href":"https:\/\/aromasentia.com\/no\/wp-json\/wp\/v2\/comments?post=217566"}],"version-history":[{"count":0,"href":"https:\/\/aromasentia.com\/no\/wp-json\/wp\/v2\/pages\/217566\/revisions"}],"wp:attachment":[{"href":"https:\/\/aromasentia.com\/no\/wp-json\/wp\/v2\/media?parent=217566"}],"curies":[{"name":"wp","href":"https:\/\/api.w.org\/{rel}","templated":true}]}}