{"id":245459,"date":"2025-03-20T14:25:16","date_gmt":"2025-03-20T14:25:16","guid":{"rendered":"https:\/\/aromasentia.com\/product\/large-volcano-effect-aroma-diffuser-plug-two-colours\/"},"modified":"2025-06-22T22:25:54","modified_gmt":"2025-06-22T22:25:54","slug":"grote-aroma-diffuser-met-vulkaaneffect-stekker-twee-kleuren","status":"publish","type":"product","link":"https:\/\/aromasentia.com\/nl\/grote-aroma-diffuser-met-vulkaaneffect-stekker-twee-kleuren\/","title":{"rendered":"Grote Aroma Diffuser met Vulkaaneffect (stekker) Twee Kleuren"},"content":{"rendered":"<p><strong>Groothandel Grote Aroma Diffuser met Vulkaaneffect<\/strong> met een capaciteit van 560 ml.<\/p>\n<p>Voeg een bepaalde hoeveelheid water en enkele druppels van je favoriete <strong>essenti\u00eble olie <\/strong>toe om je aromatherapie-ervaring te verrijken. De lichte nevel die deze luchtbevochtiger produceert, cre\u00ebert een verbazingwekkend 3D-vlam- of vulkaaneffect, waardoor je kunt schakelen tussen <strong>warmgele vlammen en koele blauwe vlammen.<\/strong><\/p>\n<p>Aangedreven door een ultrasone motor werkt deze diffuser stil. Het kan moeiteloos worden bediend met \u00e9\u00e9n knop of handig worden omgeschakeld tussen verschillende modi en effecten met de meegeleverde <strong>afstandsbediening<\/strong>.<\/p>\n<p>Veiligheid en gemak zijn verzekerd met de timerfunctie en de ingebouwde beschermingschip. Je kunt de luchtbevochtiger instellen om automatisch uit te schakelen na<strong>&nbsp;3 of 6 uur,<\/strong> wat voor gemoedsrust zorgt tijdens je rustgevende slaap. De <strong>ingebouwde beschermingschip<\/strong> zorgt ervoor dat het apparaat wordt uitgeschakeld wanneer het waterpeil laag is, om mogelijke risico&#39;s te voorkomen.<\/p>\n<p>De veelzijdigheid maakt het perfect voor gebruik thuis, in hotels, scholen, slaapkamers, babykamers, yogastudio&#39;s, geklimatiseerde ruimtes en droge gebieden. Versterk je ruimte met de rustgevende geur van je favoriete essenti\u00eble oli\u00ebn en cre\u00eber een heerlijk ontspannen sfeer.<\/p>\n<p><strong>NB<\/strong>: Om de levensduur van je product te waarborgen, vermijd direct reinigen met kraanwater of het bevochtigen van de stroominvoer, aangezien dit kan leiden tot kortsluiting. We raden aan een katoenen doek voor reinigingsdoeleinden te gebruiken.<\/p>\n","protected":false},"excerpt":{"rendered":"<p>Groothandel Grote Aroma Diffuser met Vulkaaneffect met een capaciteit van 560 ml. Voeg een bepaalde hoeveelheid water en enkele druppels van je favoriete essenti\u00eble olie toe om je aromatherapie-ervaring te verrijken. De lichte nevel die deze luchtbevochtiger produceert, cre\u00ebert een verbazingwekkend 3D-vlam- of vulkaaneffect, waardoor je kunt schakelen tussen warmgele vlammen en koele blauwe vlammen. [&hellip;]<\/p>\n","protected":false},"featured_media":254082,"comment_status":"closed","ping_status":"open","template":"","meta":{"_angie_page":false},"product_brand":[],"product_cat":[16445],"product_tag":[],"class_list":{"0":"post-245459","1":"product","2":"type-product","3":"status-publish","4":"has-post-thumbnail","6":"product_cat-aromatherapie-en-geur","7":"pa_collection-electronic-led-colour-aroma-diffusers-nl","8":"pa_made-in-china","10":"first","11":"instock","12":"purchasable","13":"product-type-simple"},"supplier_id":null,"supplier_sku":"AATOM-29","barcode":null,"atum_controlled":true,"out_stock_date":null,"out_stock_threshold":null,"inheritable":false,"inbound_stock":null,"stock_on_hold":0,"sold_today":0,"sales_last_days":0,"reserved_stock":null,"customer_returns":null,"warehouse_damage":null,"lost_in_post":null,"other_logs":null,"out_stock_days":0,"lost_sales":0,"has_location":null,"update_date":"2026-04-30T06:45:56","atum_locations":[],"atum_stock_status":"instock","restock_status":false,"low_stock_amount":"","sales_update_date":"2025-10-09T03:22:16","calc_backorders":null,"_links":{"self":[{"href":"https:\/\/aromasentia.com\/nl\/wp-json\/wp\/v2\/product\/245459","targetHints":{"allow":["GET"]}}],"collection":[{"href":"https:\/\/aromasentia.com\/nl\/wp-json\/wp\/v2\/product"}],"about":[{"href":"https:\/\/aromasentia.com\/nl\/wp-json\/wp\/v2\/types\/product"}],"replies":[{"embeddable":true,"href":"https:\/\/aromasentia.com\/nl\/wp-json\/wp\/v2\/comments?post=245459"}],"version-history":[{"count":0,"href":"https:\/\/aromasentia.com\/nl\/wp-json\/wp\/v2\/product\/245459\/revisions"}],"wp:featuredmedia":[{"embeddable":true,"href":"https:\/\/aromasentia.com\/nl\/wp-json\/wp\/v2\/media\/254082"}],"wp:attachment":[{"href":"https:\/\/aromasentia.com\/nl\/wp-json\/wp\/v2\/media?parent=245459"}],"wp:term":[{"taxonomy":"product_brand","embeddable":true,"href":"https:\/\/aromasentia.com\/nl\/wp-json\/wp\/v2\/product_brand?post=245459"},{"taxonomy":"product_cat","embeddable":true,"href":"https:\/\/aromasentia.com\/nl\/wp-json\/wp\/v2\/product_cat?post=245459"},{"taxonomy":"product_tag","embeddable":true,"href":"https:\/\/aromasentia.com\/nl\/wp-json\/wp\/v2\/product_tag?post=245459"}],"curies":[{"name":"wp","href":"https:\/\/api.w.org\/{rel}","templated":true}]}}