{"id":245307,"date":"2025-03-20T14:25:16","date_gmt":"2025-03-20T14:25:16","guid":{"rendered":"https:\/\/aromasentia.com\/product\/double-switchable-essential-oil-waterless-nebulizer-usb-to-c\/"},"modified":"2025-06-22T22:25:33","modified_gmt":"2025-06-22T22:25:33","slug":"dubbele-schakelbare-essentiele-olie-waterloze-vernevelaar-usb-naar-c","status":"publish","type":"product","link":"https:\/\/aromasentia.com\/nl\/dubbele-schakelbare-essentiele-olie-waterloze-vernevelaar-usb-naar-c\/","title":{"rendered":"Dubbele (schakelbare) Essenti\u00eble Olie Waterloze Vernevelaar &#8211; USB naar C"},"content":{"rendered":"<p>De Dubbele Essenti\u00eble Olie Waterloze Vernevelaar heeft geen water of warmte nodig. Het vernevelt de essenti\u00eble olie direct tot deeltjes van 1-3 nanometer, wat de moleculaire structuur van de olie niet beschadigt en de geur verbetert.<\/p>\n<p><strong>Eerste Gebruik:<\/strong><\/p>\n<ol>\n<li>Druk voorzichtig op de knop aan de onderkant met uw vingers.<\/li>\n<li>Verwijder de lege fles en vervang deze door een nieuwe fles essenti\u00eble olie, plaats vervolgens het mondstuk.<\/li>\n<li>Installeer het geheel terug in het originele product. Zorg ervoor dat de driehoeksymbolen op het mondstuk op elkaar aansluiten.<\/li>\n<\/ol>\n<p>Opmerking:<br \/>\nBij het vervangen van de fles essenti\u00eble olie, raadpleeg de onderstaande afbeelding. Als de essenti\u00eble olie niet is opgebruikt tijdens de vervanging, zet de machine rechtop. Draai de nozzle stevig vast en installeer deze om te voorkomen dat deze verwijderd kan worden.<\/p>\n<p><strong>Opladen<\/strong>:<\/p>\n<ul>\n<li>Het product wordt opgeladen met een 5V DC spanning, wat kan via een USB-adapter of een autolader met een USB-poort.<\/li>\n<li>Tijdens het opladen brandt het Type-C oplaadlampje. Wanneer de batterij volledig is opgeladen, blijft het oplaadlampje rood branden.<\/li>\n<\/ul>\n<p><strong>Batterijstatus<\/strong>:<\/p>\n<ul>\n<li>In de ingeschakelde toestand, wanneer de resterende batterijcapaciteit minder dan 15% is, zal het oplaadlampje boven de Type-C rood oplichten en 3 keer in 1 seconde knipperen (snel knipperen), wat aangeeft dat het moet worden opgeladen.<\/li>\n<\/ul>\n<p><strong>Geschikt voor 10 ml flessen essenti\u00eble oli\u00ebn.<\/strong><\/p>\n","protected":false},"excerpt":{"rendered":"<p>De Dubbele Essenti\u00eble Olie Waterloze Vernevelaar heeft geen water of warmte nodig. Het vernevelt de essenti\u00eble olie direct tot deeltjes van 1-3 nanometer, wat de moleculaire structuur van de olie niet beschadigt en de geur verbetert. Eerste Gebruik: Druk voorzichtig op de knop aan de onderkant met uw vingers. Verwijder de lege fles en vervang [&hellip;]<\/p>\n","protected":false},"featured_media":254286,"comment_status":"closed","ping_status":"open","template":"","meta":{"_angie_page":false},"product_brand":[],"product_cat":[16445],"product_tag":[],"class_list":{"0":"post-245307","1":"product","2":"type-product","3":"status-publish","4":"has-post-thumbnail","6":"product_cat-aromatherapie-en-geur","7":"pa_collection-electronic-led-colour-aroma-diffusers-nl","8":"pa_made-in-china","10":"first","11":"instock","12":"purchasable","13":"product-type-simple"},"supplier_id":null,"supplier_sku":"AATOM-37","barcode":null,"atum_controlled":true,"out_stock_date":null,"out_stock_threshold":null,"inheritable":false,"inbound_stock":null,"stock_on_hold":0,"sold_today":0,"sales_last_days":0,"reserved_stock":null,"customer_returns":null,"warehouse_damage":null,"lost_in_post":null,"other_logs":null,"out_stock_days":0,"lost_sales":0,"has_location":null,"update_date":"2026-04-27T06:48:46","atum_locations":[],"atum_stock_status":"instock","restock_status":false,"low_stock_amount":"","sales_update_date":"2026-01-30T01:24:47","calc_backorders":null,"_links":{"self":[{"href":"https:\/\/aromasentia.com\/nl\/wp-json\/wp\/v2\/product\/245307","targetHints":{"allow":["GET"]}}],"collection":[{"href":"https:\/\/aromasentia.com\/nl\/wp-json\/wp\/v2\/product"}],"about":[{"href":"https:\/\/aromasentia.com\/nl\/wp-json\/wp\/v2\/types\/product"}],"replies":[{"embeddable":true,"href":"https:\/\/aromasentia.com\/nl\/wp-json\/wp\/v2\/comments?post=245307"}],"version-history":[{"count":0,"href":"https:\/\/aromasentia.com\/nl\/wp-json\/wp\/v2\/product\/245307\/revisions"}],"wp:featuredmedia":[{"embeddable":true,"href":"https:\/\/aromasentia.com\/nl\/wp-json\/wp\/v2\/media\/254286"}],"wp:attachment":[{"href":"https:\/\/aromasentia.com\/nl\/wp-json\/wp\/v2\/media?parent=245307"}],"wp:term":[{"taxonomy":"product_brand","embeddable":true,"href":"https:\/\/aromasentia.com\/nl\/wp-json\/wp\/v2\/product_brand?post=245307"},{"taxonomy":"product_cat","embeddable":true,"href":"https:\/\/aromasentia.com\/nl\/wp-json\/wp\/v2\/product_cat?post=245307"},{"taxonomy":"product_tag","embeddable":true,"href":"https:\/\/aromasentia.com\/nl\/wp-json\/wp\/v2\/product_tag?post=245307"}],"curies":[{"name":"wp","href":"https:\/\/api.w.org\/{rel}","templated":true}]}}