{"id":244955,"date":"2025-03-20T14:35:19","date_gmt":"2025-03-20T14:35:19","guid":{"rendered":"https:\/\/aromasentia.com\/product\/grapeseed-oil-100ml\/"},"modified":"2025-06-22T22:24:44","modified_gmt":"2025-06-22T22:24:44","slug":"basis-olie-druifpitten-olie-100ml","status":"publish","type":"product","link":"https:\/\/aromasentia.com\/nl\/basis-olie-druifpitten-olie-100ml\/","title":{"rendered":"Basis Olie &#8211; Druifpitten Olie &#8211; 100ml"},"content":{"rendered":"<p>Botanische naam: Vitis Vinifera<br \/>Herkomst: Italie en Spanje.<br \/>Kleur:&nbsp;Varieert van helder tot geel tot lichtgroen.<br \/>Geur:&nbsp;Enigszins nootachtig en zoet.<br \/>Structuur:&nbsp;Druivenpitolie heeft een satijnachtige textuur.<br \/>Houdbaarheid: Maximaal 1 jaar<\/p>\n<p>Onze Druivenpitolie wordt vaak gebruikt in de aromatherapie, omdat het een redelijk universele olie is en kan worden gebruikt in een breed scala aan toepassingen, vari\u00ebrend van massage tot huidverzorging.<\/p>\n<p>Bevat meer vitamine E dan olijfolie, glavono\u00efden zoals oligomeer procyanidine, linoleenzuur, oliezuur, omega 3-vetzuren, omega 6-vetzuren, omega 9-vetzuren, palmitinezuur, stearinezuur, vitamine C, vitamine E.<br \/>Met zijn dunne consistentie is druivenpitolie een verbazingwekkend lichte vochtinbrengende c\u00e8me.<br \/>Het is lichter dan kokosolie en jojoba-olie.<\/p>\n<p>Deze olie wordt geproduceerd door middel van koude persing.<br \/>Op deze manier blijven de meeste waardevolle ingredi\u00ebnten in de olie in grote hoeveelheden bewaard.<\/p>\n<p>In de natuurgeneeskunde wordt deze olie gebruikt om ontstekingsprocessen, acne en neurodermitis te verlichten.<\/p>\n<p>Basisoli\u00ebn worden gebruikt om essenti\u00eble oli\u00ebn te verdunnen voordat ze op de huid worden aangebracht.<br \/>Al onze basisoli\u00ebn zijn gemaakt van 100% natuurlijke, pure olie en worden verkocht in amberkleurige glazen flessen van 50 ml.<br \/>We raden je aan om deze samen met onze professionele etherische oli\u00ebn te verkopen.<br \/>Gemaakt voor de Groothandel.<\/p>\n","protected":false},"excerpt":{"rendered":"<p>Botanische naam: Vitis ViniferaHerkomst: Italie en Spanje.Kleur:&nbsp;Varieert van helder tot geel tot lichtgroen.Geur:&nbsp;Enigszins nootachtig en zoet.Structuur:&nbsp;Druivenpitolie heeft een satijnachtige textuur.Houdbaarheid: Maximaal 1 jaar Onze Druivenpitolie wordt vaak gebruikt in de aromatherapie, omdat het een redelijk universele olie is en kan worden gebruikt in een breed scala aan toepassingen, vari\u00ebrend van massage tot huidverzorging. Bevat meer [&hellip;]<\/p>\n","protected":false},"featured_media":258956,"comment_status":"closed","ping_status":"open","template":"","meta":{"_angie_page":false},"product_brand":[27092],"product_cat":[16445,23923],"product_tag":[],"class_list":{"0":"post-244955","1":"product","2":"type-product","3":"status-publish","4":"has-post-thumbnail","6":"product_brand-ancient-wisdom","7":"product_cat-aromatherapie-en-geur","8":"product_cat-basis-olien","9":"pa_collection-base-oils-nl","10":"pa_made-in-spanje","11":"pa_size-100ml","13":"first","14":"instock","15":"purchasable","16":"product-type-simple"},"supplier_id":null,"supplier_sku":"BO-01","barcode":null,"atum_controlled":true,"out_stock_date":null,"out_stock_threshold":null,"inheritable":false,"inbound_stock":null,"stock_on_hold":0,"sold_today":0,"sales_last_days":0,"reserved_stock":null,"customer_returns":null,"warehouse_damage":null,"lost_in_post":null,"other_logs":null,"out_stock_days":0,"lost_sales":0,"has_location":null,"update_date":"2026-04-27T06:55:16","atum_locations":[],"atum_stock_status":"instock","restock_status":false,"low_stock_amount":"","sales_update_date":"2025-10-09T03:26:37","calc_backorders":null,"_links":{"self":[{"href":"https:\/\/aromasentia.com\/nl\/wp-json\/wp\/v2\/product\/244955","targetHints":{"allow":["GET"]}}],"collection":[{"href":"https:\/\/aromasentia.com\/nl\/wp-json\/wp\/v2\/product"}],"about":[{"href":"https:\/\/aromasentia.com\/nl\/wp-json\/wp\/v2\/types\/product"}],"replies":[{"embeddable":true,"href":"https:\/\/aromasentia.com\/nl\/wp-json\/wp\/v2\/comments?post=244955"}],"version-history":[{"count":0,"href":"https:\/\/aromasentia.com\/nl\/wp-json\/wp\/v2\/product\/244955\/revisions"}],"wp:featuredmedia":[{"embeddable":true,"href":"https:\/\/aromasentia.com\/nl\/wp-json\/wp\/v2\/media\/258956"}],"wp:attachment":[{"href":"https:\/\/aromasentia.com\/nl\/wp-json\/wp\/v2\/media?parent=244955"}],"wp:term":[{"taxonomy":"product_brand","embeddable":true,"href":"https:\/\/aromasentia.com\/nl\/wp-json\/wp\/v2\/product_brand?post=244955"},{"taxonomy":"product_cat","embeddable":true,"href":"https:\/\/aromasentia.com\/nl\/wp-json\/wp\/v2\/product_cat?post=244955"},{"taxonomy":"product_tag","embeddable":true,"href":"https:\/\/aromasentia.com\/nl\/wp-json\/wp\/v2\/product_tag?post=244955"}],"curies":[{"name":"wp","href":"https:\/\/api.w.org\/{rel}","templated":true}]}}